{"id":15975,"date":"2022-04-19T13:46:01","date_gmt":"2022-04-19T10:46:01","guid":{"rendered":"https:\/\/www.phys.uaic.ro\/?page_id=15975"},"modified":"2022-04-19T13:49:19","modified_gmt":"2022-04-19T10:49:19","slug":"anunt-privind-sustinerea-raportului-de-cercetare-a-drd-railean-anastasia-pe-19-05-2022","status":"publish","type":"page","link":"https:\/\/www.phys.uaic.ro\/old\/index.php\/anunt-privind-sustinerea-raportului-de-cercetare-a-drd-railean-anastasia-pe-19-05-2022\/","title":{"rendered":"Anun\u021b privind sus\u021binerea raportului de cercetare a drd. RAILEAN Anastasia pe 19.05.2022"},"content":{"rendered":"<p>\u00cen data de <strong>19<\/strong> <strong>mai 2022<\/strong>, ora <strong>11<sup>00<\/sup><\/strong>, \u00een <strong>Laboratorul de Electricitate<\/strong> va avea loc sus\u021binerea raportului de cercetare cu titlul \u201e<em><strong>Sisteme cu tranzi\u021bie de spin \u00een interac\u021biune cu mediul \u00eenconjur\u0103tor<\/strong><\/em>\u201d, prezentat de studenta doctorand\u0103 <strong>RAILEAN Anastasia<\/strong>, sub \u00eendrumarea <strong>prof. univ. dr. habil. Cristian EN\u0102CHESCU<\/strong>.<\/p>\n","protected":false},"excerpt":{"rendered":"<p>\u00cen data de 19 mai 2022, ora 1100, \u00een Laboratorul de Electricitate va avea loc sus\u021binerea raportului de cercetare cu titlul \u201eSisteme cu tranzi\u021bie de spin \u00een interac\u021biune cu mediul \u00eenconjur\u0103tor\u201d, prezentat de studenta doctorand\u0103 RAILEAN Anastasia, sub \u00eendrumarea prof. univ. dr. habil. Cristian EN\u0102CHESCU.<\/p>\n","protected":false},"author":4,"featured_media":0,"parent":0,"menu_order":0,"comment_status":"closed","ping_status":"closed","template":"","meta":{"footnotes":""},"class_list":["post-15975","page","type-page","status-publish","hentry"],"_links":{"self":[{"href":"https:\/\/www.phys.uaic.ro\/old\/index.php\/wp-json\/wp\/v2\/pages\/15975","targetHints":{"allow":["GET"]}}],"collection":[{"href":"https:\/\/www.phys.uaic.ro\/old\/index.php\/wp-json\/wp\/v2\/pages"}],"about":[{"href":"https:\/\/www.phys.uaic.ro\/old\/index.php\/wp-json\/wp\/v2\/types\/page"}],"author":[{"embeddable":true,"href":"https:\/\/www.phys.uaic.ro\/old\/index.php\/wp-json\/wp\/v2\/users\/4"}],"replies":[{"embeddable":true,"href":"https:\/\/www.phys.uaic.ro\/old\/index.php\/wp-json\/wp\/v2\/comments?post=15975"}],"version-history":[{"count":0,"href":"https:\/\/www.phys.uaic.ro\/old\/index.php\/wp-json\/wp\/v2\/pages\/15975\/revisions"}],"wp:attachment":[{"href":"https:\/\/www.phys.uaic.ro\/old\/index.php\/wp-json\/wp\/v2\/media?parent=15975"}],"curies":[{"name":"wp","href":"https:\/\/api.w.org\/{rel}","templated":true}]}}