{"id":16391,"date":"2022-05-20T12:43:51","date_gmt":"2022-05-20T09:43:51","guid":{"rendered":"https:\/\/www.phys.uaic.ro\/?page_id=16391"},"modified":"2022-09-19T12:22:30","modified_gmt":"2022-09-19T09:22:30","slug":"organizarea-admiterii-la-licenta-iulie-2022","status":"publish","type":"page","link":"https:\/\/www.phys.uaic.ro\/old\/index.php\/organizarea-admiterii-la-licenta-iulie-2022\/","title":{"rendered":"Rezultate admitere"},"content":{"rendered":"<h3><a href=\"https:\/\/www.phys.uaic.ro\/old\/wp-content\/uploads\/2022\/09\/confirmari_licenta_buget_iulie2022.pdf\">Rezultate admitere licenta iulie 2022 &#8211; locuri buget<\/a><\/h3>\n<h3><a href=\"https:\/\/www.phys.uaic.ro\/old\/wp-content\/uploads\/2022\/09\/confirmari_licenta_taxa_iulie2022.pdf\">Rezultate admitere licenta iulie 2022 -locuri taxa<\/a><\/h3>\n<h3><a href=\"https:\/\/www.phys.uaic.ro\/old\/wp-content\/uploads\/2022\/09\/confirmari_licenta_RDP_buget_iulie2022.pdf\">Rezultate admitere licenta iulie 2022 -locuri Romani de Pretutindeni Buget<\/a><\/h3>\n<h3><a href=\"https:\/\/www.phys.uaic.ro\/old\/wp-content\/uploads\/2022\/07\/Licenta_Balti_Confirmari_Runda_1.pdf\">Rezultate admitere licenta iulie 2022 -extensiunea Balti<\/a><\/h3>\n<p>In etapa de confirmare (la secretariatul Facultatii, pana pe 26 iulie, intre orele 9-15, exceptand sambata si duminica):<\/p>\n<p>&#8211; <strong>Candida\u021bii admi\u0219i la buget, care au adus actele \u00een original<\/strong>, pot \u00eenc\u0103rca \u00een platfom\u0103, in contul personal, dovada pl\u0103\u021bii taxei de \u00eenmatriculare \u0219i <a href=\"https:\/\/www.phys.uaic.ro\/old\/wp-content\/uploads\/2022\/07\/1.-Contract-IF-2022.pdf\">Contractul de studii<\/a> completat si semnat (un singur fisier).<\/p>\n<p>&#8211; <strong>Candida\u021bii admi\u0219i la buget, care nu au depuse actele \u00een original,<\/strong> trebuie sa aduca \u00een original la Facultate actele necesare, cu dovada taxei de \u00eenmatriculare \u0219i vor semna Contractul de studii;<\/p>\n<p>&#8211; <strong>Candida\u021bii admi\u0219i la tax\u0103, <\/strong>indiferent dac\u0103 au sau nu depuse actele \u00een original la \u00eenscriere, pot confirma \u0219i <i>on line<\/i> \u00een platform\u0103, cu dovada pl\u0103\u021bii taxei de inmatriculare, urm\u00e2nd sa aduca actele in original pana pe 2 septembrie (pentru programul de la secretariat in luna august, trimiteti un mesaj pe fizica@uaic.ro). Avand in vedere ca estimam ca multi dintre candidatii admisi la taxa vor trece ulterior la buget, taxa de scolarizare se va achita mai tarziu, in cursul lunii septembrie, acolo unde va fi cazul.<\/p>\n<p><strong><span style=\"color: #ff0000;\">Candidatii care au fost admisi la alta specializare decat cea dorita, vor putea fi redistribuiti la prima optiune, imediat dupa prima faza a admiterii, cu conditia sa isi confirme locul!<br \/>\n<\/span><\/strong><\/p>\n<p><strong>Rugam candidatii care renunta la loc sa ne informeze pe fizica@uaic.ro, in asa fel incat sa putem oferi locul lor unui alt candidat.<\/strong><\/p>\n<p><span style=\"color: #ff0000;\"><strong>Specializarile <a href=\"https:\/\/www.phys.uaic.ro\/old\/wp-content\/uploads\/2022\/07\/confirmari_licenta2022_Buget.pdf\">Fizica<\/a> (in limba engleza) si Fizica Tehnologica se vor desfasura daca in urma admiterii din toamna vor fi minim 12 studenti &#8211; altfel candidatii care au optat pentru aceste specializari vor fi repartizati la a doua optiune.<\/strong><\/span><\/p>\n<p>&nbsp;<\/p>\n<h3><span style=\"color: #000080;\"><strong>Perioada admiterii<\/strong><\/span><\/h3>\n<ul style=\"list-style-type: circle;\">\n<li><b>Sesiunea de pre\u00eenscriere<\/b>: 4 aprilie \u2013 10 iulie 2022 (doar on-line)<\/li>\n<li><b>\u00censcriere \u0219i depunerea dosarelor<\/b>: 11-16 iulie 2022 (online si in laboratorul de informatica- demisol)<\/li>\n<li><b>Selec\u021bia candida\u021bilor \u0219i afi\u0219area rezultatelor<\/b>: 18-23 iulie 2022<\/li>\n<\/ul>\n<p>Deschide\u0163i pagina<em> <a href=\"https:\/\/eadmitere.uaic.ro\/auth\/login?return=%2Fcandidat\" target=\"_blank\" rel=\"noopener\">http:\/\/inscriere.uaic.ro\/SitePages\/Home.aspx<\/a> <\/em>de pe site-ul universit\u0103\u021bii \u015fi urma\u0163i instruc\u0163iunile de admitere \u00eensemn\u00e2nd achitarea taxei de admitere, scanarea (fotocopierea) actelor necesare si trimiterea lor \u00een contul creat. Informa\u0163ii suplimentare pute\u0163i primi la<span style=\"color: #3366ff;\"> <em>fizica@uaic.ro<\/em>.<\/span><\/p>\n<p><strong>Sfatuim candidatii sa bifeze cat mai multe din cele 5 specializari, in ordinea pe care o doresc, (nu e necesara nicio taxa suplimentara), in asa fel incat sa isi maximizeze sansele de admitere. Ulterior, se poate face o cerere de transfer , inainte de inceperea anului universitar.<br \/>\n<\/strong><\/p>\n<p><a href=\"https:\/\/www.phys.uaic.ro\/old\/?page_id=16386&amp;preview=true\" target=\"_blank\" rel=\"noopener\">Num\u0103rul de locuri<\/a><\/p>\n<p><a href=\"https:\/\/www.phys.uaic.ro\/old\/?page_id=16378&amp;preview=true\" target=\"_blank\" rel=\"noopener\">Condi\u021bii de admitere \u0219i taxe<\/a><\/p>\n<p><a href=\"https:\/\/www.phys.uaic.ro\/old\/?page_id=16388&amp;preview=true\" target=\"_blank\" rel=\"noopener\">Actele necesare<\/a><\/p>\n<p>&nbsp;<\/p>\n<p><b>Informa\u021bii<\/b> despre admitere:<\/p>\n<ul>\n<li style=\"list-style-type: none;\">\n<ul>\n<li>Tel: 0232 201050<\/li>\n<li>E-mail: fizica@uaic.ro<\/li>\n<li>Site-ul Facult\u0103\u021bii de Fizic\u0103: <a href=\"http:\/\/www.phys.uaic.ro\" target=\"_blank\" rel=\"noopener\">http:\/\/www.phys.uaic.ro<\/a><\/li>\n<li>Site-ul universit\u0103\u021bii dedicat admiterii: <a href=\"http:\/\/admitere.uaic.ro\/\" target=\"_blank\" rel=\"noopener\">http:\/\/admitere.uaic.ro\/<\/a><\/li>\n<\/ul>\n<\/li>\n<\/ul>\n<p>&nbsp;<\/p>\n<p>&nbsp;<\/p>\n<p><em><a href=\"https:\/\/www.phys.uaic.ro\/old\/wp-content\/uploads\/2022\/05\/L_00.-Metodologie-admitere_Licenta-2022-BECA-7DEC.pdf\" target=\"_blank\" rel=\"noopener\"><span style=\"color: #ff0000;\">Metodologie privind organizarea \u015fi desf\u0103\u015furarea admiterii \u00een ciclul de studii universitare de licen\u0163\u0103 pentru anul universitar 2021-2022<\/span><\/a><\/em><\/p>\n<p><a href=\"https:\/\/www.phys.uaic.ro\/old\/wp-content\/uploads\/2022\/05\/L_02.-Anexa_INFORMARE-PRIVIND-PRELUCRAREA-INFORMATIILOR-2022.pdf\" target=\"_blank\" rel=\"noopener\"><em><span style=\"color: #ff0000;\">Informare privind prelucrarea informa\u021biilor cu caracter personal<\/span><\/em><\/a><\/p>\n<p>&nbsp;<\/p>\n","protected":false},"excerpt":{"rendered":"<p>Rezultate admitere licenta iulie 2022 &#8211; locuri buget Rezultate admitere licenta iulie 2022 -locuri taxa Rezultate admitere licenta iulie 2022 -locuri Romani de Pretutindeni Buget Rezultate admitere licenta iulie 2022 -extensiunea Balti In etapa de confirmare (la secretariatul Facultatii, pana pe 26 iulie, intre orele 9-15, exceptand sambata si duminica): &#8211; Candida\u021bii admi\u0219i la buget, care au adus\u2026 <span class=\"read-more\"><a href=\"https:\/\/www.phys.uaic.ro\/old\/index.php\/organizarea-admiterii-la-licenta-iulie-2022\/\">Read More &raquo;<\/a><\/span><\/p>\n","protected":false},"author":4,"featured_media":0,"parent":0,"menu_order":0,"comment_status":"closed","ping_status":"closed","template":"","meta":{"footnotes":""},"class_list":["post-16391","page","type-page","status-publish","hentry"],"_links":{"self":[{"href":"https:\/\/www.phys.uaic.ro\/old\/index.php\/wp-json\/wp\/v2\/pages\/16391","targetHints":{"allow":["GET"]}}],"collection":[{"href":"https:\/\/www.phys.uaic.ro\/old\/index.php\/wp-json\/wp\/v2\/pages"}],"about":[{"href":"https:\/\/www.phys.uaic.ro\/old\/index.php\/wp-json\/wp\/v2\/types\/page"}],"author":[{"embeddable":true,"href":"https:\/\/www.phys.uaic.ro\/old\/index.php\/wp-json\/wp\/v2\/users\/4"}],"replies":[{"embeddable":true,"href":"https:\/\/www.phys.uaic.ro\/old\/index.php\/wp-json\/wp\/v2\/comments?post=16391"}],"version-history":[{"count":0,"href":"https:\/\/www.phys.uaic.ro\/old\/index.php\/wp-json\/wp\/v2\/pages\/16391\/revisions"}],"wp:attachment":[{"href":"https:\/\/www.phys.uaic.ro\/old\/index.php\/wp-json\/wp\/v2\/media?parent=16391"}],"curies":[{"name":"wp","href":"https:\/\/api.w.org\/{rel}","templated":true}]}}