{"id":16427,"date":"2022-05-20T14:56:53","date_gmt":"2022-05-20T11:56:53","guid":{"rendered":"https:\/\/www.phys.uaic.ro\/?page_id=16427"},"modified":"2025-02-06T10:35:33","modified_gmt":"2025-02-06T08:35:33","slug":"examenul-de-licenta-sesiunea-iunie-2022","status":"publish","type":"page","link":"https:\/\/www.phys.uaic.ro\/old\/index.php\/examenul-de-licenta-sesiunea-iunie-2022\/","title":{"rendered":"Examenul de licen\u021b\u0103\/diplom\u0103 \u2013 Sesiunea iunie-iulie 2022"},"content":{"rendered":"<header class=\"entry-header\">\n<h3><a href=\"https:\/\/www.phys.uaic.ro\/old\/wp-content\/uploads\/2022\/03\/Tematici_licenta.pdf\"><strong><span style=\"color: #ff0000; font-size: 18pt;\"><em>Tematica pentru examenul de licen\u021b\u0103\/diplom\u0103 &#8211; sesiunea iunie-iulie 2022<\/em><\/span><\/strong><\/a><img loading=\"lazy\" decoding=\"async\" class=\"\" src=\"https:\/\/www.phys.uaic.ro\/old\/wp\/imagini\/pdf-icon.png\" alt=\"pdf\" width=\"18\" height=\"18\" \/><\/h3>\n<p>&nbsp;<\/p>\n<p><a href=\"https:\/\/www.phys.uaic.ro\/old\/wp-content\/uploads\/2022\/06\/Program-licenta-FizINFO_FizMED2022_c.pdf\" target=\"_blank\" rel=\"noopener\"><strong>Programarea candida\u021bilor de la specializ\u0103rile Fizic\u0103 Informatic\u0103 \u0219i Fizic\u0103 Medical\u0103 (29 iunie 2022) &#8211; Lab. ELECTRICITATE\/Magnetism (demisol)<\/strong><\/a><\/p>\n<p><strong><a href=\"https:\/\/www.phys.uaic.ro\/old\/wp-content\/uploads\/2022\/06\/Program-licenta-var-5.pdf\">Programarea candida\u021bilor de la specializ\u0103rile Fizic\u0103 \u0219i Fizic\u0103 tehnologic\u0103 (29 iunie 2022) &#8211; Lab. Re\u021bele (etaj 1)<\/a><\/strong><\/p>\n<h3><a href=\"https:\/\/www.phys.uaic.ro\/old\/wp-content\/uploads\/2022\/06\/inscrisi_licenta_iunie2022.pdf\"><span style=\"color: #ff0000; font-size: 12pt;\">Lista absolven\u021bilor care au dreptul s\u0103 se prezinte la sus\u021binerea examenului de LICEN\u021a\u0102 \u00een sesiunea iunie-iulie 2022<\/span><\/a><\/h3>\n<h3><a href=\"https:\/\/www.phys.uaic.ro\/old\/wp-content\/uploads\/2022\/06\/Subiecte-licenta-2022_V1.pdf\">Subiecte Licenta 2022<\/a><\/h3>\n<h1><span style=\"font-size: 14pt;\"><b>Perioada de \u00eenscriere la examenul de licen\u0163\u0103\/diplom\u0103:<\/b><\/span><\/h1>\n<\/header>\n<div class=\"entry-content\">\n<ul>\n<li>14-17 iunie 2022 (<span style=\"font-size: 10pt;\"><em>sub rezerva dob\u00e2ndirii calit\u0103\u021bii de absolvent<\/em><\/span>), <span style=\"color: #003366;\">online<\/span><\/li>\n<\/ul>\n<h3><b>Sus\u0163inerea examenului de licen\u0163\u0103\/diplom\u0103:<\/b><\/h3>\n<ul>\n<li>29-30 iunie 2022, on-site<\/li>\n<\/ul>\n<h3><\/h3>\n<h3><b>Pa\u0219i de parcurs<\/b> pentru \u00eenscrierea la examenul de licen\u021b\u0103:<\/h3>\n<ul>\n<li>etapa 1:<br \/>\n\u00een perioada 14-17 iunie 2022, candidatul va trimite urm\u0103toarele documente (\u00eentr-un singur mesaj) la adresa de e-mail <span style=\"color: #ff0000;\"><em>luca@uaic.ro<\/em><\/span>:<\/p>\n<ol>\n<li>cererea de \u00eenscriere semnat\u0103 cu albastru \u0219i scanat\u0103;<\/li>\n<li>certificat de na\u0219tere scanat;<\/li>\n<li>carte de identitate scanat\u0103;<\/li>\n<li>declara\u021bia coordonatorului lucr\u0103rii de licen\u021b\u0103 care atest\u0103 faptul c\u0103 lucrarea este \u00een analiz\u0103 \u0219i va fi predat\u0103 \u00eenainte de \u00eenceperea examenului (format liber);<\/li>\n<li>chitan\u0163a de plat\u0103 a taxei (200 lei) \u00een cazul repet\u0103rii examenului.<\/li>\n<\/ol>\n<\/li>\n<li>etapa 2:<br \/>\ncoordonatorul trimite dou\u0103 documente pe adresa secretarului de comisie, cu cel pu\u021bin dou\u0103 zile \u00eenainte de data programat\u0103 pentru sus\u021binere, folosind fisiere.uaic.ro:<\/p>\n<ol>\n<li style=\"list-style-type: none;\">\n<ol>\n<li>referatul de apreciere (care con\u021bine \u0219i informa\u021bii asupra procentului de similitudini, din platforma Turnitin);<\/li>\n<li>lucrarea de licen\u021b\u0103\/diplom\u0103 care con\u021bine \u0219i declara\u021bia privind autenticitatea semnat\u0103 de candidat si coordonator, \u00een format <b>pdf<\/b> .<\/li>\n<\/ol>\n<\/li>\n<\/ol>\n<p>&nbsp;<\/li>\n<\/ul>\n<h3>Formulare licen\u021b\u0103<\/h3>\n<ul>\n<li style=\"list-style-type: none;\">\n<ul>\n<li><span style=\"color: #ff0000;\"><em><a style=\"color: #ff0000;\" href=\"https:\/\/www.phys.uaic.ro\/old\/wp-content\/uploads\/2022\/05\/2022_iunie-cerere_inscriere_licenta_diploma.pdf\" target=\"_blank\" rel=\"noopener\">Cerere pentru \u00eenscrierea la examenul de licen\u0163\u0103\/diplom\u0103 sesiunea iunie-iulie 2022<\/a><\/em>\u00a0<\/span><\/li>\n<li><a href=\"https:\/\/www.phys.uaic.ro\/old\/wp-content\/uploads\/2022\/05\/2022-iunie-cerere_inscriere_diploma_BALTI.pdf\" target=\"_blank\" rel=\"noopener\"><em><span style=\"color: #ff0000;\">Cerere pentru \u00eenscrierea la examenul de diplom\u0103 sesiunea iunie-iulie 2022 (Extensiunea B\u0103l\u021bi)<\/span><\/em><\/a><\/li>\n<li><a href=\"https:\/\/www.phys.uaic.ro\/old\/wp-content\/uploads\/2022\/05\/2022-Declaratie-autenticitate_licenta_diploma.pdf\" target=\"_blank\" rel=\"noopener\"><span style=\"color: #800000;\"><span style=\"color: #ff0000;\"><em>Declara\u021bie privind autenticitatea con\u021binutului lucr\u0103rii de licen\u021b\u0103\/diplom\u0103<\/em><\/span><\/span><\/a><\/li>\n<\/ul>\n<\/li>\n<\/ul>\n<h3><span style=\"font-size: 12pt;\"><b><a href=\"https:\/\/www.phys.uaic.ro\/old\/wp-content\/uploads\/2022\/05\/SS_Reg-finalizare-studii_2022-BECA.pdf\" target=\"_blank\" rel=\"noopener\">Regulament privind organizarea \u0219i desf\u0103\u0219urarea Examenelor de Licen\u021b\u0103\/Diplom\u0103, Diserta\u021bie \u0219i Absolvire (Sesiunile: Iunie-Iulie 2022, Septembrie 2022 si Februarie 2023)<\/a>\u00a0<\/b><\/span><\/h3>\n<\/div>\n","protected":false},"excerpt":{"rendered":"<p>Tematica pentru examenul de licen\u021b\u0103\/diplom\u0103 &#8211; sesiunea iunie-iulie 2022 &nbsp; Programarea candida\u021bilor de la specializ\u0103rile Fizic\u0103 Informatic\u0103 \u0219i Fizic\u0103 Medical\u0103 (29 iunie 2022) &#8211; Lab. ELECTRICITATE\/Magnetism (demisol) Programarea candida\u021bilor de la specializ\u0103rile Fizic\u0103 \u0219i Fizic\u0103 tehnologic\u0103 (29 iunie 2022) &#8211; Lab. Re\u021bele (etaj 1) Lista absolven\u021bilor care au dreptul s\u0103 se prezinte la sus\u021binerea examenului de LICEN\u021a\u0102 \u00een\u2026 <span class=\"read-more\"><a href=\"https:\/\/www.phys.uaic.ro\/old\/index.php\/examenul-de-licenta-sesiunea-iunie-2022\/\">Read More &raquo;<\/a><\/span><\/p>\n","protected":false},"author":4,"featured_media":0,"parent":0,"menu_order":0,"comment_status":"closed","ping_status":"closed","template":"","meta":{"footnotes":""},"class_list":["post-16427","page","type-page","status-publish","hentry"],"_links":{"self":[{"href":"https:\/\/www.phys.uaic.ro\/old\/index.php\/wp-json\/wp\/v2\/pages\/16427","targetHints":{"allow":["GET"]}}],"collection":[{"href":"https:\/\/www.phys.uaic.ro\/old\/index.php\/wp-json\/wp\/v2\/pages"}],"about":[{"href":"https:\/\/www.phys.uaic.ro\/old\/index.php\/wp-json\/wp\/v2\/types\/page"}],"author":[{"embeddable":true,"href":"https:\/\/www.phys.uaic.ro\/old\/index.php\/wp-json\/wp\/v2\/users\/4"}],"replies":[{"embeddable":true,"href":"https:\/\/www.phys.uaic.ro\/old\/index.php\/wp-json\/wp\/v2\/comments?post=16427"}],"version-history":[{"count":0,"href":"https:\/\/www.phys.uaic.ro\/old\/index.php\/wp-json\/wp\/v2\/pages\/16427\/revisions"}],"wp:attachment":[{"href":"https:\/\/www.phys.uaic.ro\/old\/index.php\/wp-json\/wp\/v2\/media?parent=16427"}],"curies":[{"name":"wp","href":"https:\/\/api.w.org\/{rel}","templated":true}]}}