{"id":16443,"date":"2022-05-23T12:28:05","date_gmt":"2022-05-23T09:28:05","guid":{"rendered":"https:\/\/www.phys.uaic.ro\/?page_id=16443"},"modified":"2025-02-06T10:34:54","modified_gmt":"2025-02-06T08:34:54","slug":"examenul-de-disertatie-sesiunea-iunie-iulie-2022","status":"publish","type":"page","link":"https:\/\/www.phys.uaic.ro\/old\/index.php\/examenul-de-disertatie-sesiunea-iunie-iulie-2022\/","title":{"rendered":"Examenul de diserta\u021bie &#8211; sesiunea IUNIE-IULIE 2022"},"content":{"rendered":"<header class=\"entry-header\">&nbsp;<\/p>\n<div class=\"page\" title=\"Page 1\">\n<div class=\"layoutArea\">\n<div class=\"column\">\n<p><strong><a href=\"https:\/\/www.phys.uaic.ro\/old\/wp-content\/uploads\/2022\/06\/Program-disertatie-lb.-engleza-29-iunie-2022.pdf\" target=\"_blank\" rel=\"noopener\">Programarea candidat\u0326ilor de la specializa\u0306rile \u201cBiophysics and medical physics\u201d s\u0326i \u201cPhysics for advanced technologies\u201d pentru sust\u0326inerea lucra\u0306rii de disertat\u0326ie (29 iunie 2022) &#8211; Lab. Autoorganizare (etaj 3)<\/a><\/strong><\/p>\n<p><a href=\"https:\/\/www.phys.uaic.ro\/old\/wp-content\/uploads\/2022\/06\/programare-disertatie_Kineto_iunie2022.pdf\" target=\"_blank\" rel=\"noopener\"><strong>Programarea candidat\u0326ilor de la specializa\u0306rile Metode fizice aplicate \u00een kinetoterapie \u0219i recuperare medical\u0103 pentru sust\u0326inerea lucra\u0306rii de disertat\u0326ie (29 iunie 2022) &#8211; Lab. PDF (etaj 3)<\/strong><\/a><\/p>\n<p><strong><a href=\"https:\/\/www.phys.uaic.ro\/old\/wp-content\/uploads\/2022\/06\/programare-disertatie-iunie-2022-comisia-FATIC-v2.pdf\">Progamarea candida\u021bilor de la specializarea Fizic\u0103 aplicat\u0103 \u00een tehnologiile informa\u021biei \u0219i comunica\u021bii (30 iunie 2022) &#8211; Lab. Electricitate<\/a><\/strong><\/p>\n<\/div>\n<\/div>\n<\/div>\n<h3><\/h3>\n<h3><a href=\"https:\/\/www.phys.uaic.ro\/old\/wp-content\/uploads\/2022\/06\/inscrisi_disertatie_iunie-2022.pdf\"><span style=\"color: #ff0000;\">Lista absolven\u021bilor care au dreptul s\u0103 se prezinte la sus\u021binerea examenului de\u00a0 DISERTA\u021aIE \u00een sesiunea iunie-iulie 2022<\/span><\/a><\/h3>\n<h1><\/h1>\n<h1><span style=\"font-size: 14pt;\"><b>Perioada de \u00eenscriere la examenul de diserta\u021bie:<\/b><\/span><\/h1>\n<\/header>\n<div class=\"entry-content\">\n<ul>\n<li>14-17 iunie 2022 (<em>sub rezerva dob\u00e2ndirii calit\u0103\u021bii de absolvent<\/em>), online<\/li>\n<\/ul>\n<h3><span style=\"font-size: 12pt;\"><b>Sus\u0163inerea examenului de diserta\u021bie:<\/b><\/span><\/h3>\n<ul>\n<li>28-30 iunie 2022, on-site<\/li>\n<\/ul>\n<h3><\/h3>\n<h3><b>Pa\u0219i de parcurs<\/b> pentru \u00eenscrierea la examenul de diserta\u0163ie:<\/h3>\n<ul>\n<li>etapa 1:<br \/>\n\u00een perioada 14-17 iunie 2022, candidatul va trimite urm\u0103toarele documente (\u00eentr-un singur mesaj) la adresa de e-mail<span style=\"color: #ff0000;\"><em> luca@uaic.ro<\/em><\/span>:<\/p>\n<ol>\n<li>cererea de \u00eenscriere semnat\u0103 cu albastru \u0219i scanat\u0103;<\/li>\n<li>certificat de na\u0219tere scanat;<\/li>\n<li>carte de identitate scanat\u0103;<\/li>\n<li>diploma de licen\u0163\u0103 + suplimentul la diplom\u0103 pentru cei care nu le-au depus \u00eenc\u0103 la secretariatul facult\u0103\u0163ii;<\/li>\n<li>declara\u021bia coordonatorului lucr\u0103rii de diserta\u0163ie care atest\u0103 faptul c\u0103 lucrarea este \u00een analiz\u0103 \u0219i va fi predat\u0103 \u00eenainte de \u00eenceperea examenului (format liber);<\/li>\n<li>chitan\u0163a de plat\u0103 a taxei (200 lei) \u00een cazul repet\u0103rii examenului.<\/li>\n<\/ol>\n<\/li>\n<li>etapa 2:<br \/>\ncoordonatorul trimite dou\u0103 documente pe adresa secretarului de comisie, cu cel pu\u021bin dou\u0103 zile \u00eenainte de data programat\u0103 pentru sus\u021binere, folosind fisiere.uaic.ro:<\/p>\n<ol>\n<li>referatul de apreciere (care con\u021bine \u0219i informa\u021bii asupra procentului de similitudini, din platforma Turnitin);<\/li>\n<li>lucrarea de diserta\u0163ie care con\u021bine \u0219i declara\u021bia privind autenticitatea semnat\u0103 de candidat \u0219i coordonator, \u00een format <b>pdf<\/b> .<\/li>\n<\/ol>\n<\/li>\n<\/ul>\n<\/div>\n<p>Formulare diserta\u021bie<\/p>\n<ul>\n<li><a href=\"https:\/\/www.phys.uaic.ro\/old\/wp-content\/uploads\/2022\/06\/2022_cerere_inscriere_DISERTATIE_KINETO_cu-nr-pacienti.pdf\" target=\"_blank\" rel=\"noopener\"><span style=\"color: #000080;\"><em>Cerere pentru \u00eenscrierea la examenul de diserta\u0163ie sesiunea iunie-iulie 2022\u00a0 la specializarea Metode fizice aplicate \u00een kinetoterapie \u0219i recuperare medical\u0103<\/em><\/span><\/a><\/li>\n<li><a href=\"https:\/\/www.phys.uaic.ro\/old\/wp-content\/uploads\/2022\/05\/2022-cerere_inscriere_DISERTATIE_BFMFTA.pdf\" target=\"_blank\" rel=\"noopener\"><span style=\"color: #000080;\"><em>Cerere pentru \u00eenscrierea la examenul de diserta\u0163ie sesiunea\u00a0iunie-iulie 2022\u00a0 la specializ\u0103rile Fizica pentru tehnologii avansate (\u00een limba englez\u0103), Fizic\u0103 medical\u0103 \u0219i biofizic\u0103 (\u00een limba englez\u0103)<\/em><\/span><\/a><\/li>\n<li><a href=\"https:\/\/www.phys.uaic.ro\/old\/wp-content\/uploads\/2022\/05\/2022-cerere_inscriere_DISERTATIE_TIC_BALTI.pdf\" target=\"_blank\" rel=\"noopener\"><span style=\"color: #000080;\"><em>Cerere pentru \u00eenscrierea la examenul de diserta\u0163ie sesiunea iunie-iulie 2022\u00a0 la specializarea Fizic\u0103 aplicat\u0103 \u00een tehnologiile informa\u021biei \u0219i comunica\u021bii (Extensiunea B\u0102L\u021aI)<\/em><\/span><\/a><\/li>\n<\/ul>\n<div class=\"entry-content\">\n<p><a href=\"https:\/\/www.phys.uaic.ro\/old\/wp-content\/uploads\/2022\/05\/Declaratie-autenticitate_disertatie_2021.pdf\" target=\"_blank\" rel=\"noopener\"><span style=\"color: #ff0000;\"><em>Declara\u021bie privind autenticitatea con\u021binutului lucr\u0103rii de diserta\u021bie<\/em><\/span><\/a><\/p>\n<h3><b><a href=\"https:\/\/www.phys.uaic.ro\/old\/wp-content\/uploads\/2022\/05\/SS_Reg-finalizare-studii_2022-BECA.pdf\" target=\"_blank\" rel=\"noopener\"><span style=\"font-size: 12pt;\">Regulament privind organizarea \u0219i desf\u0103\u0219urarea Examenelor de Licen\u021b\u0103\/Diplom\u0103, Diserta\u021bie \u0219i Absolvire (Sesiunile: Iunie-Iulie 2022, Septembrie 2022 si Februarie 2023)<\/span><\/a><\/b><\/h3>\n<\/div>\n","protected":false},"excerpt":{"rendered":"<p>&nbsp; Programarea candidat\u0326ilor de la specializa\u0306rile \u201cBiophysics and medical physics\u201d s\u0326i \u201cPhysics for advanced technologies\u201d pentru sust\u0326inerea lucra\u0306rii de disertat\u0326ie (29 iunie 2022) &#8211; Lab. Autoorganizare (etaj 3) Programarea candidat\u0326ilor de la specializa\u0306rile Metode fizice aplicate \u00een kinetoterapie \u0219i recuperare medical\u0103 pentru sust\u0326inerea lucra\u0306rii de disertat\u0326ie (29 iunie 2022) &#8211; Lab. PDF (etaj 3) Progamarea candida\u021bilor de la\u2026 <span class=\"read-more\"><a href=\"https:\/\/www.phys.uaic.ro\/old\/index.php\/examenul-de-disertatie-sesiunea-iunie-iulie-2022\/\">Read More &raquo;<\/a><\/span><\/p>\n","protected":false},"author":4,"featured_media":0,"parent":0,"menu_order":0,"comment_status":"closed","ping_status":"closed","template":"","meta":{"footnotes":""},"class_list":["post-16443","page","type-page","status-publish","hentry"],"_links":{"self":[{"href":"https:\/\/www.phys.uaic.ro\/old\/index.php\/wp-json\/wp\/v2\/pages\/16443","targetHints":{"allow":["GET"]}}],"collection":[{"href":"https:\/\/www.phys.uaic.ro\/old\/index.php\/wp-json\/wp\/v2\/pages"}],"about":[{"href":"https:\/\/www.phys.uaic.ro\/old\/index.php\/wp-json\/wp\/v2\/types\/page"}],"author":[{"embeddable":true,"href":"https:\/\/www.phys.uaic.ro\/old\/index.php\/wp-json\/wp\/v2\/users\/4"}],"replies":[{"embeddable":true,"href":"https:\/\/www.phys.uaic.ro\/old\/index.php\/wp-json\/wp\/v2\/comments?post=16443"}],"version-history":[{"count":0,"href":"https:\/\/www.phys.uaic.ro\/old\/index.php\/wp-json\/wp\/v2\/pages\/16443\/revisions"}],"wp:attachment":[{"href":"https:\/\/www.phys.uaic.ro\/old\/index.php\/wp-json\/wp\/v2\/media?parent=16443"}],"curies":[{"name":"wp","href":"https:\/\/api.w.org\/{rel}","templated":true}]}}