{"id":16458,"date":"2022-05-25T09:02:41","date_gmt":"2022-05-25T06:02:41","guid":{"rendered":"https:\/\/www.phys.uaic.ro\/?page_id=16458"},"modified":"2022-05-25T09:02:41","modified_gmt":"2022-05-25T06:02:41","slug":"anunt-privind-sustinerea-raportului-de-cercetare-a-drd-rosu-iulian-alin-pe-03-06-2022","status":"publish","type":"page","link":"https:\/\/www.phys.uaic.ro\/old\/index.php\/anunt-privind-sustinerea-raportului-de-cercetare-a-drd-rosu-iulian-alin-pe-03-06-2022\/","title":{"rendered":"Anun\u021b privind sus\u021binerea raportului de cercetare a drd. RO\u0218U Iulian-Alin pe 03.06.2022"},"content":{"rendered":"<p>La data de <strong>03<\/strong><strong> iunie 2022<\/strong>, \u00eencep\u00e2nd cu ora <strong>10<sup>00<\/sup><\/strong>, \u00een <strong>Laboratorul de Autoorganizare <\/strong>va avea loc sus\u021binerea raportului de cercetare cu titlul <strong>\u201c<\/strong><strong><em>Studiul modelelor multifractale ale turbulen\u021bei<\/em>\u201d<\/strong>, prezentat de studentul-doctorand <strong>RO\u0218U Iulian-Alin<\/strong>, sub \u00eendrumarea <strong>prof. univ. dr. Maricel AGOP<\/strong>.<\/p>\n","protected":false},"excerpt":{"rendered":"<p>La data de 03 iunie 2022, \u00eencep\u00e2nd cu ora 1000, \u00een Laboratorul de Autoorganizare va avea loc sus\u021binerea raportului de cercetare cu titlul \u201cStudiul modelelor multifractale ale turbulen\u021bei\u201d, prezentat de studentul-doctorand RO\u0218U Iulian-Alin, sub \u00eendrumarea prof. univ. dr. Maricel AGOP.<\/p>\n","protected":false},"author":4,"featured_media":0,"parent":0,"menu_order":0,"comment_status":"closed","ping_status":"closed","template":"","meta":{"footnotes":""},"class_list":["post-16458","page","type-page","status-publish","hentry"],"_links":{"self":[{"href":"https:\/\/www.phys.uaic.ro\/old\/index.php\/wp-json\/wp\/v2\/pages\/16458","targetHints":{"allow":["GET"]}}],"collection":[{"href":"https:\/\/www.phys.uaic.ro\/old\/index.php\/wp-json\/wp\/v2\/pages"}],"about":[{"href":"https:\/\/www.phys.uaic.ro\/old\/index.php\/wp-json\/wp\/v2\/types\/page"}],"author":[{"embeddable":true,"href":"https:\/\/www.phys.uaic.ro\/old\/index.php\/wp-json\/wp\/v2\/users\/4"}],"replies":[{"embeddable":true,"href":"https:\/\/www.phys.uaic.ro\/old\/index.php\/wp-json\/wp\/v2\/comments?post=16458"}],"version-history":[{"count":0,"href":"https:\/\/www.phys.uaic.ro\/old\/index.php\/wp-json\/wp\/v2\/pages\/16458\/revisions"}],"wp:attachment":[{"href":"https:\/\/www.phys.uaic.ro\/old\/index.php\/wp-json\/wp\/v2\/media?parent=16458"}],"curies":[{"name":"wp","href":"https:\/\/api.w.org\/{rel}","templated":true}]}}