{"id":16468,"date":"2022-05-26T08:26:34","date_gmt":"2022-05-26T05:26:34","guid":{"rendered":"https:\/\/www.phys.uaic.ro\/?page_id=16468"},"modified":"2023-06-13T11:28:59","modified_gmt":"2023-06-13T08:28:59","slug":"stagii-de-practica-de-scurta-durata-smp-si-stagii-de-studiu-sms","status":"publish","type":"page","link":"https:\/\/www.phys.uaic.ro\/old\/index.php\/stagii-de-practica-de-scurta-durata-smp-si-stagii-de-studiu-sms\/","title":{"rendered":"Stagii de practic\u0103 de scurt\u0103 durat\u0103 (SMP) \u0219i stagii de studiu (SMS)"},"content":{"rendered":"<p><strong>PROGRAMUL ERASMUS+ KA131-HED<\/strong><\/p>\n<p><a href=\"https:\/\/www.phys.uaic.ro\/old\/wp-content\/uploads\/2023\/06\/Apel-mobilitati-de-scurta-durata-tari-partenere_iunie-2023.pdf\" target=\"_blank\" rel=\"noopener\"><em><u>Apel deschis la candidaturi pentru mobilit\u0103\u021bi studen\u021be\u0219ti de scurt\u0103 durata, <\/u><u>Studiu (SMS) \u0219i Practic\u0103 (SMT) si pentru DOCTORANZI<\/u><\/em><\/a><\/p>\n<p><em><a href=\"https:\/\/www.phys.uaic.ro\/old\/wp-content\/uploads\/2023\/06\/Lista-tari-terte-_non-EU.pdf\">Lista tari terte non-EU<\/a><\/em><\/p>\n<p>https:\/\/www.phys.uaic.ro\/old\/index.php\/2022\/09\/20\/invitatie-la-programe-intensive-de-scurta-durata\/<\/p>\n<p><em>\u0218tiai c\u0103 acum po\u021bi pleca \u00eentr-o mobilitate Erasmus de scurt\u0103 durat\u0103 (\u00eentre 5 \u0219i 30 de zile)? <\/em><\/p>\n<p><em>Vino la \u0219edin\u021ba informativ\u0103 \u0219i afl\u0103 mai multe!<\/em><\/p>\n<p><em>Te invit\u0103m la Cafeneaua Erasmus mar\u021bi, 31 mai 2022, \u00eencep\u00e2nd cu ora 9 la o prezentare a noilor oportunit\u0103\u021bi Erasmus de care po\u021bi beneficia ca student al UAIC.<\/em><\/p>\n<p>&nbsp;<\/p>\n<p>&nbsp;<\/p>\n<p><strong>STAGII DE PRACTIC\u0102 (SMP) \u0218I STAGII DE STUDIU (SMS), <\/strong><strong>PROGRAMUL ERASMUS+, KA131-HED<\/strong><\/p>\n<p><span style=\"color: #ff0000;\"><em><a style=\"color: #ff0000;\" href=\"https:\/\/www.phys.uaic.ro\/old\/wp-content\/uploads\/2022\/05\/Apel-mobilitati-de-scurta-durata-Fizica-1.pdf\" target=\"_blank\" rel=\"noopener\"><strong>Apel mobilit\u0103\u021bi de scurt\u0103 durat\u0103 &#8211; Fizic\u0103<\/strong><\/a><\/em><\/span><\/p>\n<p>https:\/\/www.uaic.ro\/international\/programul-erasmus\/38892-2\/<\/p>\n<p><strong>\u00cent\u00e2lniri de informare<\/strong><\/p>\n<p><strong>\u00cent\u00e2lnire la nivel central (UAIC)<\/strong><br \/>\nPrima \u00eent\u00e2lnire informativ\u0103 on-line (studiu \u0219i practic\u0103) la nivel central a fost stabilit\u0103 pentru luni, <strong>7 martie 2022<\/strong>, \u00eencep\u00e2nd cu <strong>ora 10.00<\/strong>.<\/p>\n<p>Mai multe detalii despre eveniment sunt disponibile pe pagina de Facebook Erasmus UAIC (https:\/\/bit.ly\/3HzQUTv), iar studen\u021bii interesa\u021bi se pot conecta folosind urm\u0103torul link: https:\/\/uaic.webex.com\/uaic\/j.php?MTID=m8bdb6d67a9d387e48acd61465fc364b8.<\/p>\n<p><strong>\u00cent\u00e2lniri la nivelul Facult\u0103\u021bii de Fizic\u0103<\/strong><\/p>\n<p><strong>Stagii SMP<\/strong><br \/>\n<strong>10<\/strong> \u0219i <strong>18 Martie 2022<\/strong>; interval orar 13-14; Laborator FSS<\/p>\n<p><strong>Stagii SMS<\/strong><br \/>\n<strong>11 Martie 2022<\/strong>; interval orar 13-14; Laborator FSS<\/p>\n","protected":false},"excerpt":{"rendered":"<p>PROGRAMUL ERASMUS+ KA131-HED Apel deschis la candidaturi pentru mobilit\u0103\u021bi studen\u021be\u0219ti de scurt\u0103 durata, Studiu (SMS) \u0219i Practic\u0103 (SMT) si pentru DOCTORANZI Lista tari terte non-EU https:\/\/www.phys.uaic.ro\/old\/index.php\/2022\/09\/20\/invitatie-la-programe-intensive-de-scurta-durata\/ \u0218tiai c\u0103 acum po\u021bi pleca \u00eentr-o mobilitate Erasmus de scurt\u0103 durat\u0103 (\u00eentre 5 \u0219i 30 de zile)? Vino la \u0219edin\u021ba informativ\u0103 \u0219i afl\u0103 mai multe! Te invit\u0103m la Cafeneaua Erasmus mar\u021bi, 31\u2026 <span class=\"read-more\"><a href=\"https:\/\/www.phys.uaic.ro\/old\/index.php\/stagii-de-practica-de-scurta-durata-smp-si-stagii-de-studiu-sms\/\">Read More &raquo;<\/a><\/span><\/p>\n","protected":false},"author":4,"featured_media":0,"parent":0,"menu_order":0,"comment_status":"closed","ping_status":"closed","template":"","meta":{"footnotes":""},"class_list":["post-16468","page","type-page","status-publish","hentry"],"_links":{"self":[{"href":"https:\/\/www.phys.uaic.ro\/old\/index.php\/wp-json\/wp\/v2\/pages\/16468","targetHints":{"allow":["GET"]}}],"collection":[{"href":"https:\/\/www.phys.uaic.ro\/old\/index.php\/wp-json\/wp\/v2\/pages"}],"about":[{"href":"https:\/\/www.phys.uaic.ro\/old\/index.php\/wp-json\/wp\/v2\/types\/page"}],"author":[{"embeddable":true,"href":"https:\/\/www.phys.uaic.ro\/old\/index.php\/wp-json\/wp\/v2\/users\/4"}],"replies":[{"embeddable":true,"href":"https:\/\/www.phys.uaic.ro\/old\/index.php\/wp-json\/wp\/v2\/comments?post=16468"}],"version-history":[{"count":0,"href":"https:\/\/www.phys.uaic.ro\/old\/index.php\/wp-json\/wp\/v2\/pages\/16468\/revisions"}],"wp:attachment":[{"href":"https:\/\/www.phys.uaic.ro\/old\/index.php\/wp-json\/wp\/v2\/media?parent=16468"}],"curies":[{"name":"wp","href":"https:\/\/api.w.org\/{rel}","templated":true}]}}