{"id":16490,"date":"2022-05-29T10:51:29","date_gmt":"2022-05-29T07:51:29","guid":{"rendered":"https:\/\/www.phys.uaic.ro\/?page_id=16490"},"modified":"2025-11-18T12:59:39","modified_gmt":"2025-11-18T10:59:39","slug":"mobilitati-de-scurta-durata","status":"publish","type":"page","link":"https:\/\/www.phys.uaic.ro\/old\/index.php\/relatii-internationale\/mobilitati\/mobilitati-de-scurta-durata\/","title":{"rendered":"Mobilit\u0103\u021bi de scurt\u0103 durat\u0103"},"content":{"rendered":"<h2>An universitar 2025-2026<\/h2>\n<div class=\"colorbox\" style=\"background-color: #e6e6e6;\">\n<p><span style=\"font-size: 18pt;\"><strong>PROGRAMUL ERASMUS+ KA131-HED, Mobilit\u0103\u021bi de practic\u0103 de scurt\u0103 durat\u0103<\/strong><\/span><\/p>\n<p><span style=\"font-size: 14pt;\"><em><strong>Apel deschis la candidaturi pentru mobilit\u0103\u021bi studen\u021be\u0219ti de scurt\u0103 durat\u0103, studiu (SMS) \u0219i practic\u0103 (SMT)<\/strong><\/em><\/span><\/p>\n<p><strong>CALENDARUL SELEC\u021aIEI:<\/strong><br \/>\n\u2022 18.11 \u2012 02.12.2025: depunerea dosarelor de candidatur\u0103 la Secretariatul Facult\u0103\u021bii de Fizic\u0103;<br \/>\n\u2022 04.12.2025: interviu \u0219i afi\u0219area rezultatelor, respectiv a eventualelor contesta\u021bii;<br \/>\n\u2022 08.12.2025: transmiterea procesului-verbal de selec\u021bie la Biroul Erasmus+ ;<\/p>\n<p><strong>DOCUMENTE NECESARE LA DOSARUL DE CANDIDATUR\u0102<\/strong>:<br \/>\n\u2022 Formular de candidatur\u0103 \u2013 care va include<br \/>\no Motiva\u021bia (incluz\u00e2nd obiectivele concrete urm\u0103rite de candidat \u0219i rezultatele a\u0219teptate)<br \/>\no Perioada propus\u0103 pentru mobilitate<br \/>\no Declara\u021bie cu privire la num\u0103rul maxim de luni de mobilitate Erasmus+ de care un student poate beneficia pe durata ciclului de studii la care este \u00eenmatriculat la momentul candidaturii;<br \/>\no Not\u0103 de informare privind prelucrarea datelor cu caracter personal;<br \/>\n\u2022 Curriculum Vitae;<br \/>\n\u2022 Atestatul de limb\u0103 \/ foaia matricol\u0103 din liceu \/ certificatul de competen\u021be lingvistice ob\u021binut la examenul de Bacalaureat \/ situa\u021bia \u0219colar\u0103 aferent\u0103 studiilor universitare la limba str\u0103in\u0103 studiat\u0103 sau la programul de studiu, pentru cei care studiaz\u0103 \u00eentr-o limb\u0103 str\u0103in\u0103, conform op\u021biunii candidatului \u0219i \u00een func\u021bie de limbile str\u0103ine studiate (va r\u0103m\u00e2ne \u00een copie la dosarul de selec\u021bie al studentului);<br \/>\n\u2022 Scrisoarea de invita\u021bie din partea universit\u0103\u021bii \/ institu\u021biei gazd\u0103 unde se va desf\u0103\u0219ura mobilitatea (se accept\u0103 o copie scanat\u0103 transmis\u0103 prin email).<br \/>\nCV-ul va fi prezentat \u00een limba de studiu a cursurilor, respectiv de lucru a activit\u0103\u021bilor desf\u0103\u0219urate \u00een mobilitate.<br \/>\nDocumente suplimentare, pentru studen\u021bii care nu au cet\u0103\u021benia unui stat membru UE:<br \/>\n\u2022 copie a permisului de \u0219edere pe teritoriul Rom\u00e2niei; excep\u021bie de la aceast\u0103 cerin\u021b\u0103 fac studen\u021bii \u00eenmatricula\u021bi la UAIC \u2013 Extensiunea B\u0103l\u021bi.<\/p>\n<\/div>\n<div><\/div>\n<hr \/>\n<h2>An universitar 2024-2025 &#8211; semestrul al II-lea<\/h2>\n<div class=\"colorbox\" style=\"background-color: #fadbd8;\">\n<p><span style=\"color: #000000; font-size: 14pt;\"><strong>PROGRAMUL ERASMUS+ KA131-HED, <\/strong><strong>Mobilit\u0103\u021bi de practic\u0103 de scurt\u0103 durat\u0103 (\u00eentre 5 \u0219i 30 de zile)<\/strong><\/span><\/p>\n<p><a href=\"https:\/\/www.phys.uaic.ro\/wp-content\/uploads\/2025\/04\/Apel-mobilitati-de-scurta-durata-DI_2025-2026-FINAL-01.05.2025.pdf\"><em><strong><span style=\"color: #ff0000; font-size: 14pt;\">Apel deschis la candidaturi pentru mobilit\u0103\u021bi de practic\u0103 ale studen\u021bilor \u0219i doctoranzilor \u00een anul academic 2024 \u2013 2025<\/span><\/strong><\/em><\/a><\/p>\n<p><strong>CALENDARUL ULTIMEI SELEC\u021aII PENTRU ACERST AN UNIVERSITAR:<\/strong><br \/>\n\u2022 10.06 \u2012 13.06.2025: depunerea dosarelor de candidatur\u0103 la Secretariatul Facult\u0103\u021bii de Fizic\u0103;<br \/>\n\u2022 16 \u2012 17.06.2025: afi\u0219area rezultatelor, respectiv a eventualelor contesta\u021bii;<br \/>\n\u2022 18.06.2025: transmiterea procesului-verbal de selec\u021bie la Biroul Erasmus+<\/p>\n<p>Dosarul de selec\u021bie va cuprinde:<\/p>\n<p>(1) <a href=\"https:\/\/www.phys.uaic.ro\/wp-content\/uploads\/2025\/01\/Formular-candidatura-SMT_scurte_outgoing.docx\">Formular candidatura (SMT_scurte_outgoing)<\/a> ce cuprinde:<br \/>\n\u25cf Motiva\u021biei (descrierea institu\u021biei gazd\u0103; motivele pentru participarea la selec\u021bia pentru un stagiu de practic\u0103; disponibilitatea de a atinge scopurile stagiului de practic\u0103; \u021beluri \u00een cariera personal\u0103)<br \/>\n\u25cf Perioada propus\u0103 pentru mobilitate<br \/>\n\u25cf Declara\u021bie cu privire la num\u0103rul maxim de luni de mobilitate Erasmus+ de care un student poate beneficia pe durata ciclului de studii la care este \u00eenmatriculat la momentul candidaturii;<br \/>\n\u25cf Not\u0103 de informare privind prelucrarea datelor cu caracter personal<\/p>\n<p>(2) Curriculum Vitae<\/p>\n<p>(3) Atestatul de limb\u0103\/ foaia matricol\u0103 din liceu\/ certificatul de competen\u021be lingvistice ob\u021binut la examenul de Bacalaureat\/ foaia matricol\u0103\/ situa\u021bia \u0219colar\u0103 aferent\u0103 studiilor universitare la limba str\u0103in\u0103 studiat\u0103<\/p>\n<p>(4) Extrasul din foaia matricol\u0103 pentru nivelul de studii la care este \u00eenmatriculat candidatul la momentul selec\u021biei eliberat de secretariatul facult\u0103\u021bii (numai cu semn\u0103tura facult\u0103\u021bii); <em>acesta nu va fi solicitat de c\u0103tre candidat, ci de c\u0103tre coordonatorul Erasmus<\/em>;<\/p>\n<p>(5) <a href=\"https:\/\/www.phys.uaic.ro\/wp-content\/uploads\/2025\/01\/3.-ConfirmationLetterErasmus_SMT.doc\">Confirmarea de primire \/ accept<\/a> din partea institu\u021biei gazd\u0103 (se accept\u0103 o copie scanat\u0103 dup\u0103 original sau un e-mail de confirmare care s\u0103 con\u021bin\u0103 informa\u021biile din formular)<\/p>\n<p>(6) <a href=\"https:\/\/www.phys.uaic.ro\/wp-content\/uploads\/2025\/01\/4.-Declaratie-Erasmus_SMT-1.doc\">Declara\u021bia ERASMUS<\/a><\/p>\n<p>&nbsp;<\/p>\n<p>Mai multe informa\u021bii:<\/p>\n<p><a href=\"https:\/\/www.phys.uaic.ro\/wp-content\/uploads\/2024\/10\/Mobilitati-ERASMUS-Info-2024-2025.pdf\" target=\"_blank\" rel=\"noopener\"><img loading=\"lazy\" decoding=\"async\" class=\"alignnone wp-image-23046 size-medium\" src=\"https:\/\/www.phys.uaic.ro\/wp-content\/uploads\/2024\/10\/Mobilitati-ERASMUS-Info-2024-2025_Page_01-300x169.jpg\" alt=\"\" width=\"300\" height=\"169\" srcset=\"https:\/\/www.phys.uaic.ro\/old\/wp-content\/uploads\/2024\/10\/Mobilitati-ERASMUS-Info-2024-2025_Page_01-300x169.jpg 300w, https:\/\/www.phys.uaic.ro\/old\/wp-content\/uploads\/2024\/10\/Mobilitati-ERASMUS-Info-2024-2025_Page_01.jpg 450w\" sizes=\"auto, (max-width: 300px) 100vw, 300px\" \/><\/a><\/p>\n<p><a href=\"https:\/\/www.phys.uaic.ro\/wp-content\/uploads\/2025\/04\/Asa-incepe-mobilitatea-ta-Erasmus.png\" target=\"_blank\" rel=\"noopener\"><img loading=\"lazy\" decoding=\"async\" class=\"alignnone size-medium wp-image-24535\" src=\"https:\/\/www.phys.uaic.ro\/wp-content\/uploads\/2025\/04\/Asa-incepe-mobilitatea-ta-Erasmus-300x225.png\" alt=\"\" width=\"300\" height=\"225\" srcset=\"https:\/\/www.phys.uaic.ro\/old\/wp-content\/uploads\/2025\/04\/Asa-incepe-mobilitatea-ta-Erasmus-300x225.png 300w, https:\/\/www.phys.uaic.ro\/old\/wp-content\/uploads\/2025\/04\/Asa-incepe-mobilitatea-ta-Erasmus-768x576.png 768w, https:\/\/www.phys.uaic.ro\/old\/wp-content\/uploads\/2025\/04\/Asa-incepe-mobilitatea-ta-Erasmus-665x499.png 665w, https:\/\/www.phys.uaic.ro\/old\/wp-content\/uploads\/2025\/04\/Asa-incepe-mobilitatea-ta-Erasmus.png 1024w\" sizes=\"auto, (max-width: 300px) 100vw, 300px\" \/><\/a><\/p>\n<p>Rezultatele selec\u021biei:<\/p>\n<p>Iana Cotelene\u021b &#8211; Admis<br \/>\nCarolina T\u00eeltu &#8211; Admis<br \/>\nAlexandru \u0218tefan Dorneanu &#8211; Admis<br \/>\nMihai Purica &#8211; Admis<br \/>\nRare\u0219 S\u0103ndulache &#8211; Admis<br \/>\nTeodora Darie &#8211; Admis<br \/>\nAdrian Drago\u0219 Viziteu &#8211; Admis<br \/>\nDaria Butnaru &#8211; Admis<br \/>\nAlexandra Hriscu &#8211; Admis<br \/>\nAndreea Luca &#8211; Admis<br \/>\nValentin Lupu &#8211; Admis<br \/>\n\u0218tefan Stamate &#8211; Admis<\/p>\n<\/div>\n<hr \/>\n<h2>An universitar 2024-2025 &#8211; semestrul al II-lea<\/h2>\n<div class=\"colorbox\" style=\"background-color: #fcf3cf;\">\n<p><span style=\"color: #000000; font-size: 14pt;\"><strong>PROGRAMUL ERASMUS+ KA131-HED,<\/strong><strong>Mobilit\u0103\u021bi de practic\u0103 de scurt\u0103 durat\u0103 (\u00eentre 5 \u0219i 30 de zile)<\/strong><\/span><\/p>\n<p><a href=\"https:\/\/www.phys.uaic.ro\/wp-content\/uploads\/2025\/04\/Apel-mobilitati-de-scurta-durata-DI_2025-2026-FINAL-01.05.2025.pdf\"><em><strong><span style=\"color: #ff0000; font-size: 14pt;\">Apel deschis la candidaturi pentru mobilit\u0103\u021bi de practic\u0103 ale studen\u021bilor \u0219i doctoranzilor \u00een anul academic 2024 \u2013 2025<\/span><\/strong><\/em><\/a><\/p>\n<p>CALENDARUL SELEC\u021aIEI:<br \/>\n\u2022 05.05 \u2012 16.05.2025: depunerea dosarelor de candidatur\u0103 la Secretariatul Facult\u0103\u021bii de Fizic\u0103;<br \/>\n\u2022 19 \u2012 20.05.2025: afi\u0219area rezultatelor, respectiv a eventualelor contesta\u021bii;<br \/>\n\u2022 21.05.2025: transmiterea procesului-verbal de selec\u021bie la Biroul Erasmus+<\/p>\n<p>Dosarul de selec\u021bie va cuprinde:<\/p>\n<p>(1) <a href=\"https:\/\/www.phys.uaic.ro\/wp-content\/uploads\/2025\/01\/Formular-candidatura-SMT_scurte_outgoing.docx\">Formular candidatura (SMT_scurte_outgoing)<\/a> ce cuprinde:<br \/>\n\u25cf Motiva\u021biei (descrierea institu\u021biei gazd\u0103; motivele pentru participarea la selec\u021bia pentru un stagiu de practic\u0103; disponibilitatea de a atinge scopurile stagiului de practic\u0103; \u021beluri \u00een cariera personal\u0103)<br \/>\n\u25cf Perioada propus\u0103 pentru mobilitate<br \/>\n\u25cf Declara\u021bie cu privire la num\u0103rul maxim de luni de mobilitate Erasmus+ de care un student poate beneficia pe durata ciclului de studii la care este \u00eenmatriculat la momentul candidaturii;<br \/>\n\u25cf Not\u0103 de informare privind prelucrarea datelor cu caracter personal<\/p>\n<p>(2) Curriculum Vitae<\/p>\n<p>(3) Atestatul de limb\u0103\/ foaia matricol\u0103 din liceu\/ certificatul de competen\u021be lingvistice ob\u021binut la examenul de Bacalaureat\/ foaia matricol\u0103\/ situa\u021bia \u0219colar\u0103 aferent\u0103 studiilor universitare la limba str\u0103in\u0103 studiat\u0103<\/p>\n<p>(4) Extrasul din foaia matricol\u0103 pentru nivelul de studii la care este \u00eenmatriculat candidatul la momentul selec\u021biei eliberat de secretariatul facult\u0103\u021bii (numai cu semn\u0103tura facult\u0103\u021bii); <em>acesta nu va fi solicitat de c\u0103tre candidat, ci de c\u0103tre coordonatorul Erasmus<\/em>;<\/p>\n<p>(5) <a href=\"https:\/\/www.phys.uaic.ro\/wp-content\/uploads\/2025\/01\/3.-ConfirmationLetterErasmus_SMT.doc\">Confirmarea de primire \/ accept<\/a> din partea institu\u021biei gazd\u0103 (se accept\u0103 o copie scanat\u0103 dup\u0103 original sau un e-mail de confirmare care s\u0103 con\u021bin\u0103 informa\u021biile din formular)<\/p>\n<p>(6) <a href=\"https:\/\/www.phys.uaic.ro\/wp-content\/uploads\/2025\/01\/4.-Declaratie-Erasmus_SMT-1.doc\">Declara\u021bia ERASMUS<\/a><\/p>\n<p>Mai multe informa\u021bii:<\/p>\n<p><a href=\"https:\/\/www.phys.uaic.ro\/wp-content\/uploads\/2024\/10\/Mobilitati-ERASMUS-Info-2024-2025.pdf\" target=\"_blank\" rel=\"noopener\"><img loading=\"lazy\" decoding=\"async\" class=\"alignnone wp-image-23046 size-medium\" src=\"https:\/\/www.phys.uaic.ro\/wp-content\/uploads\/2024\/10\/Mobilitati-ERASMUS-Info-2024-2025_Page_01-300x169.jpg\" alt=\"\" width=\"300\" height=\"169\" srcset=\"https:\/\/www.phys.uaic.ro\/old\/wp-content\/uploads\/2024\/10\/Mobilitati-ERASMUS-Info-2024-2025_Page_01-300x169.jpg 300w, https:\/\/www.phys.uaic.ro\/old\/wp-content\/uploads\/2024\/10\/Mobilitati-ERASMUS-Info-2024-2025_Page_01.jpg 450w\" sizes=\"auto, (max-width: 300px) 100vw, 300px\" \/><\/a><\/p>\n<p><a href=\"https:\/\/www.phys.uaic.ro\/wp-content\/uploads\/2025\/04\/Asa-incepe-mobilitatea-ta-Erasmus.png\" target=\"_blank\" rel=\"noopener\"><img loading=\"lazy\" decoding=\"async\" class=\"alignnone size-medium wp-image-24535\" src=\"https:\/\/www.phys.uaic.ro\/wp-content\/uploads\/2025\/04\/Asa-incepe-mobilitatea-ta-Erasmus-300x225.png\" alt=\"\" width=\"300\" height=\"225\" srcset=\"https:\/\/www.phys.uaic.ro\/old\/wp-content\/uploads\/2025\/04\/Asa-incepe-mobilitatea-ta-Erasmus-300x225.png 300w, https:\/\/www.phys.uaic.ro\/old\/wp-content\/uploads\/2025\/04\/Asa-incepe-mobilitatea-ta-Erasmus-768x576.png 768w, https:\/\/www.phys.uaic.ro\/old\/wp-content\/uploads\/2025\/04\/Asa-incepe-mobilitatea-ta-Erasmus-665x499.png 665w, https:\/\/www.phys.uaic.ro\/old\/wp-content\/uploads\/2025\/04\/Asa-incepe-mobilitatea-ta-Erasmus.png 1024w\" sizes=\"auto, (max-width: 300px) 100vw, 300px\" \/><\/a><\/p>\n<p>&nbsp;<\/p>\n<\/div>\n<p>&nbsp;<\/p>\n<div class=\"colorbox\" style=\"background-color: #e6e6e6;\">\n<p><span style=\"color: #000000; font-size: 14pt;\"><strong>PROGRAMUL ERASMUS+ KA131-HED,<\/strong> <strong>Mobilit\u0103\u021bi de practic\u0103 de scurt\u0103 durat\u0103<\/strong><\/span><\/p>\n<p><a href=\"https:\/\/www.phys.uaic.ro\/wp-content\/uploads\/2024\/11\/Apel-de-selectie-SMT-lunga-durata-tari-partenere_2024-2025.pdf\"><em><strong><span style=\"color: #ff0000; font-size: 14pt;\">Apel deschis la candidaturi pentru mobilit\u0103\u021bi de practic\u0103 ale studen\u021bilor \u0219i doctoranzilor \u00een anul academic 2024 \u2013 2025<\/span><\/strong><\/em><\/a><\/p>\n<p>CALENDARUL SELEC\u021aIEI:<br \/>\n\u2022 03.03 \u2012 18.03.2025: depunerea dosarelor de candidatur\u0103 la Secretariatul Facult\u0103\u021bii de Fizic\u0103;<br \/>\n\u2022 18 \u2012 19.03.2025: interviu \u0219i afi\u0219area rezultatelor, respectiv a eventualelor contesta\u021bii;<br \/>\n\u2022 20.03.2025: \u00eent\u00e2lnire informativ\u0103 la facultate cu studen\u021bii selecta\u021bi \u00een hol Laborator Electricitate, ora 12;<br \/>\n\u2022 21.03.2025: transmiterea procesului-verbal de selec\u021bie la Biroul Erasmus+<\/p>\n<p>Dosarul de selec\u021bie va cuprinde:<\/p>\n<p>(1) <a href=\"https:\/\/www.phys.uaic.ro\/wp-content\/uploads\/2025\/01\/Formular-candidatura-SMT_scurte_outgoing.docx\">Formular candidatura (SMT_scurte_outgoing)<\/a> ce cuprinde:<br \/>\n\u25cf Motiva\u021biei (descrierea institu\u021biei gazd\u0103; motivele pentru participarea la selec\u021bia pentru un stagiu de practic\u0103; disponibilitatea de a atinge scopurile stagiului de practic\u0103; \u021beluri \u00een cariera personal\u0103)<br \/>\n\u25cf Perioada propus\u0103 pentru mobilitate<br \/>\n\u25cf Declara\u021bie cu privire la num\u0103rul maxim de luni de mobilitate Erasmus+ de care un student poate beneficia pe durata ciclului de studii la care este \u00eenmatriculat la momentul candidaturii;<br \/>\n\u25cf Not\u0103 de informare privind prelucrarea datelor cu caracter personal<\/p>\n<p>(2) Curriculum Vitae<\/p>\n<p>(3) Atestatul de limb\u0103\/ foaia matricol\u0103 din liceu\/ certificatul de competen\u021be lingvistice ob\u021binut la examenul de Bacalaureat\/ foaia matricol\u0103\/ situa\u021bia \u0219colar\u0103 aferent\u0103 studiilor universitare la limba str\u0103in\u0103 studiat\u0103<\/p>\n<p>(4) Extrasul din foaia matricol\u0103 pentru nivelul de studii la care este \u00eenmatriculat candidatul la momentul selec\u021biei eliberat de secretariatul facult\u0103\u021bii (numai cu semn\u0103tura facult\u0103\u021bii); <em>acesta nu va fi solicitat de c\u0103tre candidat, ci de c\u0103tre coordonatorul Erasmus<\/em>;<\/p>\n<p>(5) <a href=\"https:\/\/www.phys.uaic.ro\/wp-content\/uploads\/2025\/01\/3.-ConfirmationLetterErasmus_SMT.doc\">Confirmarea de primire \/ accept<\/a> din partea institu\u021biei gazd\u0103 (se accept\u0103 o copie scanat\u0103 dup\u0103 original sau un e-mail de confirmare care s\u0103 con\u021bin\u0103 informa\u021biile din formular)<\/p>\n<p>(6) <a href=\"https:\/\/www.phys.uaic.ro\/wp-content\/uploads\/2025\/01\/4.-Declaratie-Erasmus_SMT-1.doc\">Declara\u021bia ERASMUS<\/a><\/p>\n<p>&nbsp;<\/p>\n<p>Mai multe informa\u021bii:<\/p>\n<p><a href=\"https:\/\/www.phys.uaic.ro\/wp-content\/uploads\/2024\/10\/Mobilitati-ERASMUS-Info-2024-2025.pdf\" target=\"_blank\" rel=\"noopener\"><img loading=\"lazy\" decoding=\"async\" class=\"alignnone wp-image-23046 size-medium\" src=\"https:\/\/www.phys.uaic.ro\/wp-content\/uploads\/2024\/10\/Mobilitati-ERASMUS-Info-2024-2025_Page_01-300x169.jpg\" alt=\"\" width=\"300\" height=\"169\" srcset=\"https:\/\/www.phys.uaic.ro\/old\/wp-content\/uploads\/2024\/10\/Mobilitati-ERASMUS-Info-2024-2025_Page_01-300x169.jpg 300w, https:\/\/www.phys.uaic.ro\/old\/wp-content\/uploads\/2024\/10\/Mobilitati-ERASMUS-Info-2024-2025_Page_01.jpg 450w\" sizes=\"auto, (max-width: 300px) 100vw, 300px\" \/><\/a><\/p>\n<p>&nbsp;<\/p>\n<\/div>\n<p>&nbsp;<\/p>\n<p>&nbsp;<\/p>\n<hr \/>\n<h2>An universitar 2023-2024<\/h2>\n<p><em><span style=\"font-size: 14pt; color: #ff0000;\"><a style=\"color: #ff0000;\" href=\"https:\/\/www.phys.uaic.ro\/wp-content\/uploads\/2024\/04\/Fizica-Apel-mobilitati-de-scurta-durata-tari-partenere_septembrie-2023-actualizat.pdf\">Apel mobilitati de scurta durata tari partenere_septembrie 2023 &#8211; actualizat<\/a><\/span><\/em><\/p>\n<p>&nbsp;<\/p>\n<p><strong>PROGRAMUL ERASMUS+ KA131-HED<\/strong><\/p>\n<p><span style=\"font-size: 12pt; color: #3366ff;\"><a style=\"color: #3366ff;\" href=\"https:\/\/www.phys.uaic.ro\/wp-content\/uploads\/2023\/06\/Apel-mobilitati-de-scurta-durata-tari-partenere_iunie-2023.pdf\" target=\"_blank\" rel=\"noopener\"><u>Apel deschis la candidaturi pentru mobilit\u0103\u021bi studen\u021be\u0219ti de scurt\u0103 durata, <\/u><u>Studiu (SMS) \u0219i Practic\u0103 (SMT) si pentru doctoranzi<\/u><\/a><\/span><\/p>\n<p><span style=\"color: #3366ff; font-size: 12pt;\"><a style=\"color: #3366ff;\" href=\"https:\/\/www.phys.uaic.ro\/wp-content\/uploads\/2023\/06\/Lista-tari-terte-_non-EU.pdf\">Lista tari terte non-EU<\/a><\/span><\/p>\n<p>&nbsp;<\/p>\n<h3><img decoding=\"async\" src=\"https:\/\/www.phys.uaic.ro\/wp-content\/uploads\/2023\/05\/mobilitati-erasmus-in-afara-europei-1.jpg\" \/><\/h3>\n<h3><span style=\"color: #ff0000;\"><b>Lansarea apelului la candidaturi pentru mobilit\u0103\u0163i studen\u0163e\u015fti Erasmus+ (studiu \u015fi practic\u0103) de scurt\u0103 durat\u0103 \u00een \u0163\u0103ri ter\u0163e<\/b> care nu sunt asociate la Program (\u0163\u0103ri non-UE)<\/span><\/h3>\n<p>Apelul va fi deschis <b>\u00eencep\u00e2nd cu data de 10 mai 2023<\/b> pentru mobilit\u0103\u0163ile care vor avea loc pe toat\u0103 durata anului academic 2023-2024. Selec\u021biile pentru mobilit\u0103\u021bi de scurt\u0103 durat\u0103 se pot organiza pe tot parcursul anului academic, ori de c\u00e2te ori sunt identificate noi oportunit\u0103\u021bi de mobilit\u0103\u0163i la nivelul facult\u0103\u021bilor UAIC sau de c\u0103tre studen\u021bi, \u00een limita fondurilor disponibile. <b>Dosarele de candidatur\u0103 se pot depune \u00eencep\u00e2nd cu data de 10 mai 2023.<\/b><\/p>\n<p>Conform noului Regulament pentru mobilit\u0103\u0163i \u00een \u0163\u0103ri ter\u021be care nu sunt asociate la Program (valabil de la data de 30.03.2023), comisia de selec\u0163ie de la nivelul facult\u0103\u0163ii va efectua verificarea eligibilit\u0103\u0163ii candida\u0163ilor, urm\u00e2nd ca ierarhizarea \u015fi titularizarea candida\u0163ilor s\u0103 fie realizat\u0103, a\u015fa cum a fost \u015fi p\u00e2n\u0103 acum, de c\u0103tre comisia de titularizare, de la nivelul universit\u0103\u0163ii (distribuirea locurilor fiind realizat\u0103 centralizat, la nivel de universitate, pentru toate facult\u0103\u0163ile).<\/p>\n<p><b>NOUTATE<\/b>: Conform noului Ghid Erasmus+ \u015fi a contractului de finan\u0163are \u00eencheiat cu ANPCDEFP, avem posibilitatea de a finan\u0163a mobilit\u0103\u0163ile c\u0103tre \u0163\u0103rile ter\u0163e care nu sunt asociate la Program (non-UE) din dou\u0103 surse de finan\u0163are:<\/p>\n<p>&#8211; proiectul anual KA171, pentru un num\u0103r limitat de locuri (num\u0103r men\u0163ionat \u00een fiecare nou apel lansat, conform contractului institu\u0163ional KA171);<\/p>\n<p>&#8211; dimensiunea interna\u0163ional\u0103 a proiectului anual KA131, pentru toate \u0163\u0103rile ter\u021be care nu sunt asociate la program (\u00een limita a 20% din bugetul disponibil aferent mobilit\u0103\u0163ilor pentru proiectul anual KA131).<\/p>\n<p>V\u0103 rug\u0103m s\u0103 consulta\u021bi documentele necesare pentru demararea procesului de selec\u0163ie:<\/p>\n<p>1.<a href=\"https:\/\/www.phys.uaic.ro\/wp-content\/uploads\/2023\/05\/Regulament-KA171-HED-aprobat-30martie2023.pdf\" target=\"_blank\" rel=\"noopener\"> <b>Regulamentul UAIC<\/b><\/a> pentru mobilit\u0103\u0163i \u00een \u0163\u0103ri ter\u021be care nu sunt asociate la Program.<\/p>\n<p>2. <a href=\"https:\/\/www.phys.uaic.ro\/wp-content\/uploads\/2023\/05\/Fizica-Apel-mobilitati-SMS-SMT-scurta-durata.pdf\" target=\"_blank\" rel=\"noopener\"><b>Apelul la candidaturi<\/b> <\/a>pentru mobilit\u0103\u0163i studen\u0163e\u015fti de scurt\u0103 durat\u0103 \u00een \u0163\u0103ri ter\u021be care nu sunt asociate la Program (non-UE), care con\u0163ine informa\u0163ii despre procedura de selec\u0163ie, eligibilitate, con\u0163inutul dosarului de candidatur\u0103, valoarea bursei, precum \u015fi num\u0103rul de locuri disponibile pentru mobilit\u0103\u0163ile finan\u0163ate din proiectul KA171.<\/p>\n<p>3. <a href=\"https:\/\/www.phys.uaic.ro\/wp-content\/uploads\/2023\/05\/Fizica-Anunt-deschidere-Apel-mobilitati-studiu-practica-de-scurta-durata-non-UE.pdf\" target=\"_blank\" rel=\"noopener\"><b>Anun\u0163ul<\/b><\/a> pentru Facultatea de Fizic\u0103.<\/p>\n<p>4. <a href=\"http:\/\/lansarea apelului la candidaturi pentru mobilit\u0103\u0163i studen\u0163e\u015fti Erasmus+ (studiu \u015fi practic\u0103) de scurt\u0103 durat\u0103 \u00een \u0163\u0103ri ter\u0163e\" target=\"_blank\" rel=\"noopener\"><b>Learning Agreement for Studies<\/b><\/a>, respectiv <a href=\"https:\/\/www.phys.uaic.ro\/wp-content\/uploads\/2023\/05\/Learning-agreement-for-traineeships-SMT-2022-actualizat-KA171.docx\" target=\"_blank\" rel=\"noopener\"><b>Learning Agreement for Traineeships<\/b><\/a>, \u00een form\u0103 actualizat\u0103 (conform noului Ghid Erasmus+).<\/p>\n<p>&nbsp;<\/p>\n<p>Informa\u021bii suplimentare pot fi ob\u021binute de la Coordonatorul Erasmus+ \u0219i de la doamna<\/p>\n<p>&nbsp;<\/p>\n<p><span lang=\"RO\">Otilia MATEI, PhD<\/span><\/p>\n<p><span lang=\"RO\">Erasmus+ Office<\/span><\/p>\n<p><span lang=\"RO\">International Relations Office<\/span><\/p>\n<p><span lang=\"RO\">Email: <a tabindex=\"-1\" href=\"mailto:otilia.matei@uaic.ro\" target=\"_blank\" rel=\"external nofollow noopener noreferrer\">otilia.matei@uaic.ro<\/a> <\/span><\/p>\n<p>&nbsp;<\/p>\n<p>&nbsp;<\/p>\n<blockquote class=\"wp-embedded-content\" data-secret=\"RQqK5IgoWr\"><p><a href=\"https:\/\/www.phys.uaic.ro\/index.php\/stagii-de-practica-de-scurta-durata-smp-si-stagii-de-studiu-sms\/\">Stagii de practic\u0103 de scurt\u0103 durat\u0103 (SMP) \u0219i stagii de studiu (SMS)<\/a><\/p><\/blockquote>\n<p><iframe loading=\"lazy\" class=\"wp-embedded-content\" sandbox=\"allow-scripts\" security=\"restricted\" style=\"position: absolute; visibility: hidden;\" title=\"&#8222;Stagii de practic\u0103 de scurt\u0103 durat\u0103 (SMP) \u0219i stagii de studiu (SMS)&#8221; &#8211; Facultatea de Fizic\u0103\" src=\"https:\/\/www.phys.uaic.ro\/index.php\/stagii-de-practica-de-scurta-durata-smp-si-stagii-de-studiu-sms\/embed\/#?secret=Mu3ewkfkDo#?secret=RQqK5IgoWr\" data-secret=\"RQqK5IgoWr\" width=\"600\" height=\"338\" frameborder=\"0\" marginwidth=\"0\" marginheight=\"0\" scrolling=\"no\"><\/iframe><\/p>\n","protected":false},"excerpt":{"rendered":"<p>An universitar 2025-2026 PROGRAMUL ERASMUS+ KA131-HED, Mobilit\u0103\u021bi de practic\u0103 de scurt\u0103 durat\u0103 Apel deschis la candidaturi pentru mobilit\u0103\u021bi studen\u021be\u0219ti de scurt\u0103 durat\u0103, studiu (SMS) \u0219i practic\u0103 (SMT) CALENDARUL SELEC\u021aIEI: \u2022 18.11 \u2012 02.12.2025: depunerea dosarelor de candidatur\u0103 la Secretariatul Facult\u0103\u021bii de Fizic\u0103; \u2022 04.12.2025: interviu \u0219i afi\u0219area rezultatelor, respectiv a eventualelor contesta\u021bii; \u2022 08.12.2025: transmiterea procesului-verbal de selec\u021bie\u2026 <span class=\"read-more\"><a href=\"https:\/\/www.phys.uaic.ro\/old\/index.php\/relatii-internationale\/mobilitati\/mobilitati-de-scurta-durata\/\">Read More &raquo;<\/a><\/span><\/p>\n","protected":false},"author":3,"featured_media":0,"parent":11608,"menu_order":0,"comment_status":"closed","ping_status":"closed","template":"","meta":{"footnotes":""},"class_list":["post-16490","page","type-page","status-publish","hentry"],"_links":{"self":[{"href":"https:\/\/www.phys.uaic.ro\/old\/index.php\/wp-json\/wp\/v2\/pages\/16490","targetHints":{"allow":["GET"]}}],"collection":[{"href":"https:\/\/www.phys.uaic.ro\/old\/index.php\/wp-json\/wp\/v2\/pages"}],"about":[{"href":"https:\/\/www.phys.uaic.ro\/old\/index.php\/wp-json\/wp\/v2\/types\/page"}],"author":[{"embeddable":true,"href":"https:\/\/www.phys.uaic.ro\/old\/index.php\/wp-json\/wp\/v2\/users\/3"}],"replies":[{"embeddable":true,"href":"https:\/\/www.phys.uaic.ro\/old\/index.php\/wp-json\/wp\/v2\/comments?post=16490"}],"version-history":[{"count":0,"href":"https:\/\/www.phys.uaic.ro\/old\/index.php\/wp-json\/wp\/v2\/pages\/16490\/revisions"}],"up":[{"embeddable":true,"href":"https:\/\/www.phys.uaic.ro\/old\/index.php\/wp-json\/wp\/v2\/pages\/11608"}],"wp:attachment":[{"href":"https:\/\/www.phys.uaic.ro\/old\/index.php\/wp-json\/wp\/v2\/media?parent=16490"}],"curies":[{"name":"wp","href":"https:\/\/api.w.org\/{rel}","templated":true}]}}