{"id":16502,"date":"2022-05-30T14:35:44","date_gmt":"2022-05-30T11:35:44","guid":{"rendered":"https:\/\/www.phys.uaic.ro\/?page_id=16502"},"modified":"2022-05-30T14:37:38","modified_gmt":"2022-05-30T11:37:38","slug":"anunt-privind-sustinerea-raportului-de-cercetare-a-drd-stirbu-radu-stefan-pe-02-06-2022","status":"publish","type":"page","link":"https:\/\/www.phys.uaic.ro\/old\/index.php\/anunt-privind-sustinerea-raportului-de-cercetare-a-drd-stirbu-radu-stefan-pe-02-06-2022\/","title":{"rendered":"Anun\u021b privind sus\u021binerea raportului de cercetare a drd. \u0218TIRBU Radu-\u0218tefan pe 02.06.2022"},"content":{"rendered":"<div class=\"entry-content\">\n<div>\n<div dir=\"ltr\">\n<div>La data de <strong>02<\/strong><strong> iunie 2022<\/strong>, \u00eencep\u00e2nd cu ora <strong>11<sup>00<\/sup><\/strong>, \u00een <strong>sala 366 <\/strong>va avea loc sus\u021binerea raportului de cercetare cu titlul <strong>\u201c<\/strong><strong><em>Powder densification models<\/em>\u201d<\/strong>, prezentat de studentul-doctorand <strong>\u0218TIRBU Radu-\u0218tefan<\/strong>, sub \u00eendrumarea <strong>prof. univ. dr. Liliana MITO\u0218ERIU<\/strong>.<\/div>\n<\/div>\n<\/div>\n<\/div>\n","protected":false},"excerpt":{"rendered":"<p>La data de 02 iunie 2022, \u00eencep\u00e2nd cu ora 1100, \u00een sala 366 va avea loc sus\u021binerea raportului de cercetare cu titlul \u201cPowder densification models\u201d, prezentat de studentul-doctorand \u0218TIRBU Radu-\u0218tefan, sub \u00eendrumarea prof. univ. dr. Liliana MITO\u0218ERIU.<\/p>\n","protected":false},"author":4,"featured_media":0,"parent":0,"menu_order":0,"comment_status":"closed","ping_status":"closed","template":"","meta":{"footnotes":""},"class_list":["post-16502","page","type-page","status-publish","hentry"],"_links":{"self":[{"href":"https:\/\/www.phys.uaic.ro\/old\/index.php\/wp-json\/wp\/v2\/pages\/16502","targetHints":{"allow":["GET"]}}],"collection":[{"href":"https:\/\/www.phys.uaic.ro\/old\/index.php\/wp-json\/wp\/v2\/pages"}],"about":[{"href":"https:\/\/www.phys.uaic.ro\/old\/index.php\/wp-json\/wp\/v2\/types\/page"}],"author":[{"embeddable":true,"href":"https:\/\/www.phys.uaic.ro\/old\/index.php\/wp-json\/wp\/v2\/users\/4"}],"replies":[{"embeddable":true,"href":"https:\/\/www.phys.uaic.ro\/old\/index.php\/wp-json\/wp\/v2\/comments?post=16502"}],"version-history":[{"count":0,"href":"https:\/\/www.phys.uaic.ro\/old\/index.php\/wp-json\/wp\/v2\/pages\/16502\/revisions"}],"wp:attachment":[{"href":"https:\/\/www.phys.uaic.ro\/old\/index.php\/wp-json\/wp\/v2\/media?parent=16502"}],"curies":[{"name":"wp","href":"https:\/\/api.w.org\/{rel}","templated":true}]}}