{"id":16586,"date":"2022-06-07T10:58:22","date_gmt":"2022-06-07T07:58:22","guid":{"rendered":"https:\/\/www.phys.uaic.ro\/?page_id=16586"},"modified":"2022-06-07T10:58:22","modified_gmt":"2022-06-07T07:58:22","slug":"restante-si-mariri-licenta-anii-iii-si-master-anul-i-27-iunie-3-iulie-2022","status":"publish","type":"page","link":"https:\/\/www.phys.uaic.ro\/old\/index.php\/restante-si-mariri-licenta-anii-iii-si-master-anul-i-27-iunie-3-iulie-2022\/","title":{"rendered":"Restan\u021be \u0219i m\u0103riri licen\u021b\u0103 anii I+II \u0219i master anul I: 27 iunie &#8211; 3 iulie 2022"},"content":{"rendered":"<h1><b>M\u0103riri<\/b><\/h1>\n<p>Studen\u021bii care doresc s\u0103 fie reevalua\u021bi \u00een vederea m\u0103ririi notei vor completa o cerere (prevedere expres\u0103 a Regulamentelor de studii) dup\u0103 urm\u0103torul model: <a href=\"https:\/\/www.phys.uaic.ro\/old\/wp-content\/uploads\/2022\/01\/cerere_marire_nota.pdf\">cerere_marire_nota <\/a><img loading=\"lazy\" decoding=\"async\" class=\"\" src=\"http:\/\/www.phys.uaic.ro\/wp\/imagini\/pdf-icon.png\" alt=\"pdf\" width=\"21\" height=\"21\" \/>. Cererea, dup\u0103 datare \u0219i semnare, va fi scanat\u0103\/fotografiat\u0103, trimis\u0103 pe adresa fizica@uaic.ro\u00a0\u0219i pe adresa cadrului didactic p\u00e2n\u0103 la data de <strong>15 iunie 2022<\/strong>.<\/p>\n<h1><b>Restan\u021be<\/b><\/h1>\n<p>Studen\u021bii care au restan\u021be vor putea sus\u021bine examenele doar dac\u0103:<\/p>\n<ul>\n<li>au completat o cerere \u00een acest sens (<a href=\"https:\/\/www.phys.uaic.ro\/old\/wp-content\/uploads\/2022\/01\/cerere-restante.pdf\">cerere restante (format pdf)<\/a> <img loading=\"lazy\" decoding=\"async\" class=\"\" src=\"http:\/\/www.phys.uaic.ro\/wp\/imagini\/pdf-icon.png\" alt=\"pdf\" width=\"15\" height=\"15\" \/> \u0219i <a href=\"https:\/\/www.phys.uaic.ro\/old\/wp-content\/uploads\/2022\/01\/cerere-restante.docx\">cerere restante (format docx)<\/a>\u00a0\u00a0<img loading=\"lazy\" decoding=\"async\" class=\"\" src=\"http:\/\/www.phys.uaic.ro\/wp\/imagini\/doc-icon.png\" alt=\"doc\" width=\"14\" height=\"14\" \/>) p\u00e2n\u0103 la data de <strong>15 iunie 2022, <\/strong>trimis\u0103 pe adresa fizica@uaic.ro\u00a0\u0219i pe adresa cadrului didactic;<\/li>\n<li>au f\u0103cut dovada achit\u0103rii taxei pentru refacerea activit\u0103\u021bii didactice (pentru sus\u021binerea unei restan\u021be din anul precedent).<\/li>\n<li>taxa pentru refacerea activit\u0103\u021bii didactice se achit\u0103 la orice sucursal\u0103 BRD, specific\u00e2nd codurile:\n<ul>\n<li>\n<ul>\n<li>pentru studiile de licen\u0163\u0103: 1261 \u0219i 35<\/li>\n<li>pentru studiile de master: 2407 \u0219i 35.<\/li>\n<\/ul>\n<\/li>\n<\/ul>\n<\/li>\n<\/ul>\n<p>Studen\u021bii care au restan\u021be din anul curent \u0219i au sus\u021binut un examen cel mult o dat\u0103 \u0219i nu l-au promovat nu vor pl\u0103ti tax\u0103 de reexaminare (Art.50. Orice student beneficiaz\u0103, la Universitatea \u201eAlexandru Ioan Cuza\u201d din Ia\u0219i, de posibilitatea de a se prezenta, \u00een mod gratuit, la dou\u0103 evalu\u0103ri finale (inclusiv la colocviile de practic\u0103) pentru fiecare disciplin\u0103 studiat\u0103 pe parcursul anului universitar conform planului de \u00eenv\u0103\u021b\u0103m\u00e2nt din anul universitar \u00een care s-a \u00eenscris.)<\/p>\n<p>&nbsp;<\/p>\n","protected":false},"excerpt":{"rendered":"<p>M\u0103riri Studen\u021bii care doresc s\u0103 fie reevalua\u021bi \u00een vederea m\u0103ririi notei vor completa o cerere (prevedere expres\u0103 a Regulamentelor de studii) dup\u0103 urm\u0103torul model: cerere_marire_nota . Cererea, dup\u0103 datare \u0219i semnare, va fi scanat\u0103\/fotografiat\u0103, trimis\u0103 pe adresa fizica@uaic.ro\u00a0\u0219i pe adresa cadrului didactic p\u00e2n\u0103 la data de 15 iunie 2022. Restan\u021be Studen\u021bii care au restan\u021be vor putea sus\u021bine examenele\u2026 <span class=\"read-more\"><a href=\"https:\/\/www.phys.uaic.ro\/old\/index.php\/restante-si-mariri-licenta-anii-iii-si-master-anul-i-27-iunie-3-iulie-2022\/\">Read More &raquo;<\/a><\/span><\/p>\n","protected":false},"author":4,"featured_media":0,"parent":0,"menu_order":0,"comment_status":"closed","ping_status":"closed","template":"","meta":{"footnotes":""},"class_list":["post-16586","page","type-page","status-publish","hentry"],"_links":{"self":[{"href":"https:\/\/www.phys.uaic.ro\/old\/index.php\/wp-json\/wp\/v2\/pages\/16586","targetHints":{"allow":["GET"]}}],"collection":[{"href":"https:\/\/www.phys.uaic.ro\/old\/index.php\/wp-json\/wp\/v2\/pages"}],"about":[{"href":"https:\/\/www.phys.uaic.ro\/old\/index.php\/wp-json\/wp\/v2\/types\/page"}],"author":[{"embeddable":true,"href":"https:\/\/www.phys.uaic.ro\/old\/index.php\/wp-json\/wp\/v2\/users\/4"}],"replies":[{"embeddable":true,"href":"https:\/\/www.phys.uaic.ro\/old\/index.php\/wp-json\/wp\/v2\/comments?post=16586"}],"version-history":[{"count":0,"href":"https:\/\/www.phys.uaic.ro\/old\/index.php\/wp-json\/wp\/v2\/pages\/16586\/revisions"}],"wp:attachment":[{"href":"https:\/\/www.phys.uaic.ro\/old\/index.php\/wp-json\/wp\/v2\/media?parent=16586"}],"curies":[{"name":"wp","href":"https:\/\/api.w.org\/{rel}","templated":true}]}}