{"id":1674,"date":"2018-02-23T21:36:06","date_gmt":"2018-02-23T21:36:06","guid":{"rendered":"http:\/\/www.phys.uaic.ro\/?page_id=1674"},"modified":"2022-03-26T10:18:34","modified_gmt":"2022-03-26T08:18:34","slug":"concurs-hurmuzescu-i","status":"publish","type":"page","link":"https:\/\/www.phys.uaic.ro\/old\/index.php\/studenti\/https-www-phys-uaic-ro-index-php-studenti-concurs-hurmuzescu-concurs-hurmuzescu-xii\/concurs-hurmuzescu-i\/","title":{"rendered":"Concursul Dragomir Hurmuzescu Edi\u021bia I"},"content":{"rendered":"<h2><span style=\"color: #993300;\">Etapa local\u0103, 2 mai 2012<\/span><\/h2>\n<p><strong>Subiecte si bareme<\/strong><\/p>\n<p><a href=\"https:\/\/www.phys.uaic.ro\/wp-content\/uploads\/2022\/03\/anulI_2012.pdf\">Subiecte anul I<\/a><\/p>\n<p><a href=\"https:\/\/www.phys.uaic.ro\/wp-content\/uploads\/2022\/03\/anulII_2012.pdf\">Subiecte anul al II-lea<\/a><\/p>\n<p><b>Rezultate:<\/b><\/p>\n<ul>\n<li>Anul I:\n<ul>\n<li>Todor Andrei Ludovic &#8211; premiul I &#8211; Calificat faza national\u0103<\/li>\n<li>B\u0103dit\u0103 Andreea-Ioana &#8211; premiul al II lea &#8211; Calificat faza national\u0103<\/li>\n<li>Luca Ionela &#8211; premiul al III-lea<\/li>\n<\/ul>\n<\/li>\n<li>Anul I Fizic\u0103 Tehnologic\u0103, extensiunea B\u0103lti\n<ul>\n<li>Negru Victor -premiul I &#8211; Calificat faza national\u0103<\/li>\n<li>Capcelea Ivan- premiul al II lea &#8211; Calificat faza national\u0103<\/li>\n<li>Sorocean Vasile &#8211; premiul al III-lea<\/li>\n<li>Tinica Cristian &#8211; mentiune<\/li>\n<\/ul>\n<\/li>\n<li>Anul al II-lea\n<ul>\n<li>Taran Gheorghe &#8211; premiul I &#8211; Calificat faza national\u0103<\/li>\n<li>Domoco\u015f Andrei Adrian -premiul al II-lea &#8211; Calificat faza national\u0103<\/li>\n<li>T\u0103rn\u0103 Grigore 18,20 puncte &#8211; premiul al III-lea &#8211; Calificat faza nationa<\/li>\n<\/ul>\n<\/li>\n<\/ul>\n<h2><span style=\"color: #993300;\">Etapa na\u0163ional\u0103 -19 mai 2012<br \/>\n<\/span><\/h2>\n<p><strong>Subiecte si bareme<\/strong><\/p>\n<p><a href=\"https:\/\/www.phys.uaic.ro\/wp-content\/uploads\/2022\/03\/anulI_N_2012.pdf\">Subiecte anul I<\/a><\/p>\n<p><a href=\"https:\/\/www.phys.uaic.ro\/wp-content\/uploads\/2022\/03\/anulIIN_2012.pdf\">Subiecte si bareme anul al II-lea<\/a><\/p>\n<p><b>Rezultate<\/b><\/p>\n<p>La Concursul National Studentesc de Fizica Dragomir Hurmuzescu studentii Facult\u0103\u021bii de Fizic\u0103 din Ia\u0219i au obtinut:<\/p>\n<ul>\n<li><b>un premiu I<\/b>\n<ul>\n<li>Todor Andrei-Ludovic (anul I)<\/li>\n<\/ul>\n<\/li>\n<li><b>un premiu II<\/b>\n<ul>\n<li>Taran Gheorghe (anul al II-lea)<\/li>\n<\/ul>\n<\/li>\n<li><b>doua men\u021biuni<\/b>\n<ul>\n<li>Negru Victor (anul I)<\/li>\n<li>Tarna Grigore (anul al II-lea)<\/li>\n<\/ul>\n<\/li>\n<\/ul>\n<h2><span style=\"color: #993300;\">Tematica Concursului National Studentesc \u201dDragomir Hurmuzescu\u201d 2012<br \/>\n<\/span><\/h2>\n<p><a href=\"https:\/\/www.phys.uaic.ro\/wp-content\/uploads\/2022\/03\/Materia-de-concurs-2012.pdf\">Materia de concurs 2012<\/a><\/p>\n<h2><span style=\"color: #993300;\">Regulamentul Concursului National Studentesc \u201dDragomir Hurmuzescu\u201d 2012<\/span><\/h2>\n<p><a href=\"https:\/\/www.phys.uaic.ro\/wp-content\/uploads\/2022\/03\/Regulament_Concurs_Hurmuzescu-2012.pdf\">Regulament<\/a><\/p>\n","protected":false},"excerpt":{"rendered":"<p>Etapa local\u0103, 2 mai 2012 Subiecte si bareme Subiecte anul I Subiecte anul al II-lea Rezultate: Anul I: Todor Andrei Ludovic &#8211; premiul I &#8211; Calificat faza national\u0103 B\u0103dit\u0103 Andreea-Ioana &#8211; premiul al II lea &#8211; Calificat faza national\u0103 Luca Ionela &#8211; premiul al III-lea Anul I Fizic\u0103 Tehnologic\u0103, extensiunea B\u0103lti Negru Victor -premiul I &#8211; Calificat faza\u2026 <span class=\"read-more\"><a href=\"https:\/\/www.phys.uaic.ro\/old\/index.php\/studenti\/https-www-phys-uaic-ro-index-php-studenti-concurs-hurmuzescu-concurs-hurmuzescu-xii\/concurs-hurmuzescu-i\/\">Read More &raquo;<\/a><\/span><\/p>\n","protected":false},"author":3,"featured_media":0,"parent":202,"menu_order":0,"comment_status":"closed","ping_status":"closed","template":"","meta":{"footnotes":""},"class_list":["post-1674","page","type-page","status-publish","hentry"],"_links":{"self":[{"href":"https:\/\/www.phys.uaic.ro\/old\/index.php\/wp-json\/wp\/v2\/pages\/1674","targetHints":{"allow":["GET"]}}],"collection":[{"href":"https:\/\/www.phys.uaic.ro\/old\/index.php\/wp-json\/wp\/v2\/pages"}],"about":[{"href":"https:\/\/www.phys.uaic.ro\/old\/index.php\/wp-json\/wp\/v2\/types\/page"}],"author":[{"embeddable":true,"href":"https:\/\/www.phys.uaic.ro\/old\/index.php\/wp-json\/wp\/v2\/users\/3"}],"replies":[{"embeddable":true,"href":"https:\/\/www.phys.uaic.ro\/old\/index.php\/wp-json\/wp\/v2\/comments?post=1674"}],"version-history":[{"count":0,"href":"https:\/\/www.phys.uaic.ro\/old\/index.php\/wp-json\/wp\/v2\/pages\/1674\/revisions"}],"up":[{"embeddable":true,"href":"https:\/\/www.phys.uaic.ro\/old\/index.php\/wp-json\/wp\/v2\/pages\/202"}],"wp:attachment":[{"href":"https:\/\/www.phys.uaic.ro\/old\/index.php\/wp-json\/wp\/v2\/media?parent=1674"}],"curies":[{"name":"wp","href":"https:\/\/api.w.org\/{rel}","templated":true}]}}