{"id":1682,"date":"2018-02-23T22:17:12","date_gmt":"2018-02-23T22:17:12","guid":{"rendered":"http:\/\/www.phys.uaic.ro\/?page_id=1682"},"modified":"2022-03-26T10:43:22","modified_gmt":"2022-03-26T08:43:22","slug":"concurs-hurmuzescu-iii","status":"publish","type":"page","link":"https:\/\/www.phys.uaic.ro\/old\/index.php\/studenti\/https-www-phys-uaic-ro-index-php-studenti-concurs-hurmuzescu-concurs-hurmuzescu-xii\/concurs-hurmuzescu-iii\/","title":{"rendered":"Concursul Dragomir Hurmuzescu Ed\u021bia a III-a"},"content":{"rendered":"<h2><span style=\"color: #993300;\">Etapa local\u0103, 1 martie 2014<\/span><\/h2>\n<p><strong>Subiecte si bareme<\/strong><\/p>\n<p><a href=\"https:\/\/www.phys.uaic.ro\/wp-content\/uploads\/2022\/03\/subiecte1.pdf\">Subiecte anul I<\/a><\/p>\n<p><a href=\"https:\/\/www.phys.uaic.ro\/wp-content\/uploads\/2022\/03\/subiecte2.pdf\">Subiecte anul al II-lea<\/a><\/p>\n<p><b>Rezultate<\/b><\/p>\n<ul>\n<li>Premiul I\n<ul>\n<li>Strungaru Mara (anul I)<\/li>\n<li>Condurache Oana (anul al II-lea)<\/li>\n<li>Gaina Roxana (anul al IV-lea)<\/li>\n<\/ul>\n<\/li>\n<li>Premiul al II-lea\n<ul>\n<li>Sandu Dumitru (anul I)<\/li>\n<li>Tabrea Daniela (anul al II-lea)<\/li>\n<li>Stan Raluca (anul al IV-lea)<\/li>\n<\/ul>\n<\/li>\n<li>Premiul al III-lea\n<ul>\n<li>Turcan Ina (anul al IV-lea)<\/li>\n<\/ul>\n<\/li>\n<li>Mentiuni\n<ul>\n<li>Lisnic Petru (anul al II-lea)<\/li>\n<li>Duminica Ioana (anul I)<\/li>\n<li>Ciur Elena (anul I)<\/li>\n<\/ul>\n<\/li>\n<\/ul>\n<h2><span style=\"color: #993300;\">Etapa na\u0163ional\u0103 28 martie 2014, Timisoara<\/span><\/h2>\n<p><strong>Subiecte si bareme<\/strong><\/p>\n<p><b>Rezultate<\/b><\/p>\n<p>Pe data de 28 martie 2014 a avut loc la Universitatea de Vest din Timi\u0219oara a treia edi\u021bie a Concursului Na\u021bional Studen\u021besc de Fizic\u0103 &#8222;Dragomir Hurmuzescu&#8221; (olimpiada studen\u021beasc\u0103), la care au participat cei mai buni studen\u021bi din ciclul de licen\u021b\u0103 de la toate Facult\u0103\u021bile de Fizic\u0103 din Rom\u00e2nia &#8211; Ia\u0219i, Bucure\u0219ti, Craiova, Cluj Napoca \u0219i Timi\u0219oara.<\/p>\n<p>Studen\u021bii Facult\u0103\u021bii de Fizic\u0103 din Ia\u0219i s-au remarcat \u0219i \u00een acest an prin performan\u021bele deosebite ob\u021binute la acest concurs \u0219i au ob\u021binut un premiu I prin <b>Ina Turcan<\/b>, anul al III-lea, un premiu III prin <b>Mara Strungaru<\/b>, anul I, \u0219i dou\u0103 men\u021biuni prin <b>Roxana G\u0103in\u0103<\/b> anul al IV-lea \u0219i <b>Daniela Tabrea<\/b>, anul al II-lea.<\/p>\n<p>Aceast\u0103 olimpiad\u0103 studen\u021beasc\u0103 a fost ini\u021biat\u0103 \u00een 2012 de Facultatea de Fizic\u0103 de la Ia\u0219i, \u0219i continu\u0103 tradi\u021bia concursurilor dedicate \u0219i studen\u021bilor fizicieni (\u00centre 1957 \u0219i 1988 a avut loc Concursul &#8222;Traian Lalescu&#8221; pentru studen\u021bi, av\u00e2nd ca sec\u021biuni Matematica \u0219i Fizica).<\/p>\n<h2><span style=\"color: #993300;\">Tematica Concursului National Studentesc \u201dDragomir Hurmuzescu\u201d 2014<\/span><\/h2>\n<p><a href=\"https:\/\/www.phys.uaic.ro\/index.php\/studenti\/concurs-hurmuzescu\/concurs-hurmuzescu-iii\/tematica-probe-scrise-2014\/\"><b>Tematica<\/b> pentru probele scrise<\/a><\/p>\n<h2><a href=\"https:\/\/www.phys.uaic.ro\/wp-content\/uploads\/2022\/03\/Regulament_Concurs_Hurmuzescu-2014-ver2-IASI.pdf\">Regulamentul Concursului National Studentesc \u201dDragomir Hurmuzescu\u201d 2014<\/a><\/h2>\n<p>&nbsp;<\/p>\n","protected":false},"excerpt":{"rendered":"<p>Etapa local\u0103, 1 martie 2014 Subiecte si bareme Subiecte anul I Subiecte anul al II-lea Rezultate Premiul I Strungaru Mara (anul I) Condurache Oana (anul al II-lea) Gaina Roxana (anul al IV-lea) Premiul al II-lea Sandu Dumitru (anul I) Tabrea Daniela (anul al II-lea) Stan Raluca (anul al IV-lea) Premiul al III-lea Turcan Ina (anul al IV-lea) Mentiuni\u2026 <span class=\"read-more\"><a href=\"https:\/\/www.phys.uaic.ro\/old\/index.php\/studenti\/https-www-phys-uaic-ro-index-php-studenti-concurs-hurmuzescu-concurs-hurmuzescu-xii\/concurs-hurmuzescu-iii\/\">Read More &raquo;<\/a><\/span><\/p>\n","protected":false},"author":3,"featured_media":0,"parent":202,"menu_order":0,"comment_status":"closed","ping_status":"closed","template":"","meta":{"footnotes":""},"class_list":["post-1682","page","type-page","status-publish","hentry"],"_links":{"self":[{"href":"https:\/\/www.phys.uaic.ro\/old\/index.php\/wp-json\/wp\/v2\/pages\/1682","targetHints":{"allow":["GET"]}}],"collection":[{"href":"https:\/\/www.phys.uaic.ro\/old\/index.php\/wp-json\/wp\/v2\/pages"}],"about":[{"href":"https:\/\/www.phys.uaic.ro\/old\/index.php\/wp-json\/wp\/v2\/types\/page"}],"author":[{"embeddable":true,"href":"https:\/\/www.phys.uaic.ro\/old\/index.php\/wp-json\/wp\/v2\/users\/3"}],"replies":[{"embeddable":true,"href":"https:\/\/www.phys.uaic.ro\/old\/index.php\/wp-json\/wp\/v2\/comments?post=1682"}],"version-history":[{"count":0,"href":"https:\/\/www.phys.uaic.ro\/old\/index.php\/wp-json\/wp\/v2\/pages\/1682\/revisions"}],"up":[{"embeddable":true,"href":"https:\/\/www.phys.uaic.ro\/old\/index.php\/wp-json\/wp\/v2\/pages\/202"}],"wp:attachment":[{"href":"https:\/\/www.phys.uaic.ro\/old\/index.php\/wp-json\/wp\/v2\/media?parent=1682"}],"curies":[{"name":"wp","href":"https:\/\/api.w.org\/{rel}","templated":true}]}}