{"id":16832,"date":"2022-06-15T12:43:35","date_gmt":"2022-06-15T09:43:35","guid":{"rendered":"https:\/\/www.phys.uaic.ro\/?page_id=16832"},"modified":"2022-06-15T12:46:39","modified_gmt":"2022-06-15T09:46:39","slug":"anunt-privind-sustinerea-raportului-de-cercetare-a-drd-vartic-raluca-pe-06-07-2022","status":"publish","type":"page","link":"https:\/\/www.phys.uaic.ro\/old\/index.php\/anunt-privind-sustinerea-raportului-de-cercetare-a-drd-vartic-raluca-pe-06-07-2022\/","title":{"rendered":"Anun\u021b privind sus\u021binerea raportului de cercetare a drd. VARTIC Raluca pe 06.07.2022"},"content":{"rendered":"<p>La data de <strong>06 iulie 2022<\/strong>, \u00eencep\u00e2nd cu ora <strong>13<sup>00<\/sup><\/strong>, \u00een <strong>laboratorul <\/strong>&#8222;<strong>Fizica st\u0103rii condensate<\/strong>&#8221; va avea loc sus\u021binerea raportului de cercetare cu titlul \u201e<strong><em>TEHNICI AVANSATE DE \u00a0MONITORIZARE \u0218I ANALIZ\u0102 A COMPOZI\u021aIEI \u0218I CARACTERISTICILOR FIZICO-CHIMICE ALE TROPOSFEREI<\/em><\/strong>\u201d, prezentat de studenta-doctorand <strong>VARTIC Raluca<\/strong>, sub \u00eendrumarea <strong>prof. univ. dr. habil. Liviu LEONTIE.<\/strong><\/p>\n","protected":false},"excerpt":{"rendered":"<p>La data de 06 iulie 2022, \u00eencep\u00e2nd cu ora 1300, \u00een laboratorul &#8222;Fizica st\u0103rii condensate&#8221; va avea loc sus\u021binerea raportului de cercetare cu titlul \u201eTEHNICI AVANSATE DE \u00a0MONITORIZARE \u0218I ANALIZ\u0102 A COMPOZI\u021aIEI \u0218I CARACTERISTICILOR FIZICO-CHIMICE ALE TROPOSFEREI\u201d, prezentat de studenta-doctorand VARTIC Raluca, sub \u00eendrumarea prof. univ. dr. habil. Liviu LEONTIE.<\/p>\n","protected":false},"author":4,"featured_media":0,"parent":0,"menu_order":0,"comment_status":"closed","ping_status":"closed","template":"","meta":{"footnotes":""},"class_list":["post-16832","page","type-page","status-publish","hentry"],"_links":{"self":[{"href":"https:\/\/www.phys.uaic.ro\/old\/index.php\/wp-json\/wp\/v2\/pages\/16832","targetHints":{"allow":["GET"]}}],"collection":[{"href":"https:\/\/www.phys.uaic.ro\/old\/index.php\/wp-json\/wp\/v2\/pages"}],"about":[{"href":"https:\/\/www.phys.uaic.ro\/old\/index.php\/wp-json\/wp\/v2\/types\/page"}],"author":[{"embeddable":true,"href":"https:\/\/www.phys.uaic.ro\/old\/index.php\/wp-json\/wp\/v2\/users\/4"}],"replies":[{"embeddable":true,"href":"https:\/\/www.phys.uaic.ro\/old\/index.php\/wp-json\/wp\/v2\/comments?post=16832"}],"version-history":[{"count":0,"href":"https:\/\/www.phys.uaic.ro\/old\/index.php\/wp-json\/wp\/v2\/pages\/16832\/revisions"}],"wp:attachment":[{"href":"https:\/\/www.phys.uaic.ro\/old\/index.php\/wp-json\/wp\/v2\/media?parent=16832"}],"curies":[{"name":"wp","href":"https:\/\/api.w.org\/{rel}","templated":true}]}}