{"id":16841,"date":"2022-06-17T10:17:39","date_gmt":"2022-06-17T07:17:39","guid":{"rendered":"https:\/\/www.phys.uaic.ro\/?page_id=16841"},"modified":"2022-06-17T10:17:39","modified_gmt":"2022-06-17T07:17:39","slug":"anunt-privind-pre-sustinerea-in-fata-comisiei-de-indrumare-a-tezei-de-doctorat-a-drd-hlenschi-costica-pe-23-06-2022","status":"publish","type":"page","link":"https:\/\/www.phys.uaic.ro\/old\/index.php\/anunt-privind-pre-sustinerea-in-fata-comisiei-de-indrumare-a-tezei-de-doctorat-a-drd-hlenschi-costica-pe-23-06-2022\/","title":{"rendered":"Anun\u021b privind pre-sus\u021binerea, \u00een fa\u021ba comisiei de \u00eendrumare, a tezei de doctorat a drd. HLENSCHI Costic\u0103 pe 23.06.2022"},"content":{"rendered":"<p>La data de <strong>23.06.2022<\/strong>, \u00eencep\u00e2nd cu ora <strong>11<sup>30<\/sup><\/strong>, \u00een <strong>Laboratorul Spectroscopie \u00een infraro\u0219u<\/strong>\u00a0 va avea loc sus\u021binerea, \u00een fa\u021ba comisiei de \u00eendrumare, a tezei de doctorat cu titlul <strong><em>Aplica\u021bii \u00een senzori ale firelor magnetice amorfe<\/em>,<\/strong> prezentate de doctorandul <strong>HLENSCHI Costic\u0103<\/strong> sub \u00eendrumarea <strong>prof. univ. dr. Maria NEAGU.<\/strong><\/p>\n<p><strong>\u00a0<\/strong><\/p>\n","protected":false},"excerpt":{"rendered":"<p>La data de 23.06.2022, \u00eencep\u00e2nd cu ora 1130, \u00een Laboratorul Spectroscopie \u00een infraro\u0219u\u00a0 va avea loc sus\u021binerea, \u00een fa\u021ba comisiei de \u00eendrumare, a tezei de doctorat cu titlul Aplica\u021bii \u00een senzori ale firelor magnetice amorfe, prezentate de doctorandul HLENSCHI Costic\u0103 sub \u00eendrumarea prof. univ. dr. Maria NEAGU. \u00a0<\/p>\n","protected":false},"author":4,"featured_media":0,"parent":0,"menu_order":0,"comment_status":"closed","ping_status":"closed","template":"","meta":{"footnotes":""},"class_list":["post-16841","page","type-page","status-publish","hentry"],"_links":{"self":[{"href":"https:\/\/www.phys.uaic.ro\/old\/index.php\/wp-json\/wp\/v2\/pages\/16841","targetHints":{"allow":["GET"]}}],"collection":[{"href":"https:\/\/www.phys.uaic.ro\/old\/index.php\/wp-json\/wp\/v2\/pages"}],"about":[{"href":"https:\/\/www.phys.uaic.ro\/old\/index.php\/wp-json\/wp\/v2\/types\/page"}],"author":[{"embeddable":true,"href":"https:\/\/www.phys.uaic.ro\/old\/index.php\/wp-json\/wp\/v2\/users\/4"}],"replies":[{"embeddable":true,"href":"https:\/\/www.phys.uaic.ro\/old\/index.php\/wp-json\/wp\/v2\/comments?post=16841"}],"version-history":[{"count":0,"href":"https:\/\/www.phys.uaic.ro\/old\/index.php\/wp-json\/wp\/v2\/pages\/16841\/revisions"}],"wp:attachment":[{"href":"https:\/\/www.phys.uaic.ro\/old\/index.php\/wp-json\/wp\/v2\/media?parent=16841"}],"curies":[{"name":"wp","href":"https:\/\/api.w.org\/{rel}","templated":true}]}}