{"id":16928,"date":"2022-06-23T10:57:29","date_gmt":"2022-06-23T07:57:29","guid":{"rendered":"https:\/\/www.phys.uaic.ro\/?page_id=16928"},"modified":"2022-06-23T10:57:29","modified_gmt":"2022-06-23T07:57:29","slug":"anunt-privind-pre-sustinerea-in-fata-comisiei-de-indrumare-a-tezei-de-doctorat-a-drd-gavrilut-gabriel-pe-30-06-2022","status":"publish","type":"page","link":"https:\/\/www.phys.uaic.ro\/old\/index.php\/anunt-privind-pre-sustinerea-in-fata-comisiei-de-indrumare-a-tezei-de-doctorat-a-drd-gavrilut-gabriel-pe-30-06-2022\/","title":{"rendered":"Anun\u021b privind pre-sus\u021binerea, \u00een fa\u021ba comisiei de \u00eendrumare, a tezei de doctorat a drd. GAVRILU\u0162 Gabriel pe 30.06.2022"},"content":{"rendered":"<p>La data de\u00a0<strong>30.06.2022<\/strong>, \u00eencep\u00e2nd cu ora\u00a0<strong>17<sup>00<\/sup><\/strong>, \u00een\u00a0<strong>Laboratorul de AUTOORGANIZARE<\/strong>\u00a0 va avea loc sus\u021binerea, \u00een fa\u021ba comisiei de \u00eendrumare, a tezei de doctorat cu titlul: \u201c<strong><em>Implica\u0163ii ale teoriei m\u0103surii \u00een descrierea dinamicilor sistemelor fizice<\/em><\/strong>\u201d, prezentat\u0103 de doctorandul\u00a0<strong>GAVRILU\u0162 Gabriel<\/strong>\u00a0sub \u00eendrumarea\u00a0<strong>prof. univ. dr. \u00a0Maricel\u00a0 AGOP.<\/strong><\/p>\n","protected":false},"excerpt":{"rendered":"<p>La data de\u00a030.06.2022, \u00eencep\u00e2nd cu ora\u00a01700, \u00een\u00a0Laboratorul de AUTOORGANIZARE\u00a0 va avea loc sus\u021binerea, \u00een fa\u021ba comisiei de \u00eendrumare, a tezei de doctorat cu titlul: \u201cImplica\u0163ii ale teoriei m\u0103surii \u00een descrierea dinamicilor sistemelor fizice\u201d, prezentat\u0103 de doctorandul\u00a0GAVRILU\u0162 Gabriel\u00a0sub \u00eendrumarea\u00a0prof. univ. dr. \u00a0Maricel\u00a0 AGOP.<\/p>\n","protected":false},"author":4,"featured_media":0,"parent":0,"menu_order":0,"comment_status":"closed","ping_status":"closed","template":"","meta":{"footnotes":""},"class_list":["post-16928","page","type-page","status-publish","hentry"],"_links":{"self":[{"href":"https:\/\/www.phys.uaic.ro\/old\/index.php\/wp-json\/wp\/v2\/pages\/16928","targetHints":{"allow":["GET"]}}],"collection":[{"href":"https:\/\/www.phys.uaic.ro\/old\/index.php\/wp-json\/wp\/v2\/pages"}],"about":[{"href":"https:\/\/www.phys.uaic.ro\/old\/index.php\/wp-json\/wp\/v2\/types\/page"}],"author":[{"embeddable":true,"href":"https:\/\/www.phys.uaic.ro\/old\/index.php\/wp-json\/wp\/v2\/users\/4"}],"replies":[{"embeddable":true,"href":"https:\/\/www.phys.uaic.ro\/old\/index.php\/wp-json\/wp\/v2\/comments?post=16928"}],"version-history":[{"count":0,"href":"https:\/\/www.phys.uaic.ro\/old\/index.php\/wp-json\/wp\/v2\/pages\/16928\/revisions"}],"wp:attachment":[{"href":"https:\/\/www.phys.uaic.ro\/old\/index.php\/wp-json\/wp\/v2\/media?parent=16928"}],"curies":[{"name":"wp","href":"https:\/\/api.w.org\/{rel}","templated":true}]}}