{"id":1699,"date":"2018-02-23T22:44:39","date_gmt":"2018-02-23T22:44:39","guid":{"rendered":"http:\/\/www.phys.uaic.ro\/?page_id=1699"},"modified":"2022-03-25T17:26:22","modified_gmt":"2022-03-25T15:26:22","slug":"concurs-hurmuzescu-vi","status":"publish","type":"page","link":"https:\/\/www.phys.uaic.ro\/old\/index.php\/studenti\/https-www-phys-uaic-ro-index-php-studenti-concurs-hurmuzescu-concurs-hurmuzescu-xii\/concurs-hurmuzescu-vi\/","title":{"rendered":"Concursul Dragomir Hurmuzescu Edi\u021bia a VI-a"},"content":{"rendered":"<h2><span style=\"color: #993300;\">Etapa local\u0103, 11 martie 2017<\/span><\/h2>\n<p><strong>Subiecte si bareme<\/strong><\/p>\n<p><a href=\"https:\/\/www.phys.uaic.ro\/wp-content\/uploads\/2022\/03\/Concursul-Hurmuzescu-2017-anul-I-etapa-locala.pdf\">Subiecte anul I<\/a><\/p>\n<p><a href=\"https:\/\/www.phys.uaic.ro\/wp-content\/uploads\/2022\/03\/Concursul-Hurmuzescu-2017-anul-II-etapa-locala.pdf\">Subiecte anul al II-lea<\/a><\/p>\n<p><b>Rezultate<\/b><\/p>\n<h2><span style=\"color: #993300;\">Etapa na\u0163ional\u0103 8 aprilie 2017, Iasi<br \/>\n<\/span><\/h2>\n<p><strong>Subiecte si bareme<\/strong><\/p>\n<p><a href=\"https:\/\/www.phys.uaic.ro\/wp-content\/uploads\/2022\/03\/subiect_barem_I.pdf\">Subiecte si bareme anul I<\/a><\/p>\n<p><a href=\"https:\/\/www.phys.uaic.ro\/wp-content\/uploads\/2022\/03\/subiect_barem_II.pdf\">Subiecte si bareme anul al II-lea<\/a><\/p>\n<p><b>Rezultate:<\/b><\/p>\n<p>La Concursul National Studentesc de Fizica Dragomir Hurmuzescu studentii Facult\u0103\u021bii de Fizic\u0103 din Ia\u0219i au obtinut:<\/p>\n<ul>\n<li><b>un premiu II<\/b>\n<ul>\n<li>Rosu Alin (anul al III-lea)<\/li>\n<\/ul>\n<\/li>\n<li><b>trei premiu III<\/b>\n<ul>\n<li>Melnic Cristina (anul I)<\/li>\n<li>Ceban Andrei (anul al II-lea)<\/li>\n<li>Zanoschi David (anul al II-lea)<\/li>\n<\/ul>\n<\/li>\n<li><b>o men\u021biune<\/b>\n<ul>\n<li>Fanaru Andreea (anul al III-lea)<\/li>\n<\/ul>\n<\/li>\n<\/ul>\n<p>&nbsp;<\/p>\n<h2><span style=\"color: #993300;\">Tematica Concursului National Studentesc \u201dDragomir Hurmuzescu\u201d 2017<\/span><\/h2>\n<p>&nbsp;<\/p>\n","protected":false},"excerpt":{"rendered":"<p>Etapa local\u0103, 11 martie 2017 Subiecte si bareme Subiecte anul I Subiecte anul al II-lea Rezultate Etapa na\u0163ional\u0103 8 aprilie 2017, Iasi Subiecte si bareme Subiecte si bareme anul I Subiecte si bareme anul al II-lea Rezultate: La Concursul National Studentesc de Fizica Dragomir Hurmuzescu studentii Facult\u0103\u021bii de Fizic\u0103 din Ia\u0219i au obtinut: un premiu II Rosu Alin\u2026 <span class=\"read-more\"><a href=\"https:\/\/www.phys.uaic.ro\/old\/index.php\/studenti\/https-www-phys-uaic-ro-index-php-studenti-concurs-hurmuzescu-concurs-hurmuzescu-xii\/concurs-hurmuzescu-vi\/\">Read More &raquo;<\/a><\/span><\/p>\n","protected":false},"author":3,"featured_media":0,"parent":202,"menu_order":0,"comment_status":"closed","ping_status":"closed","template":"","meta":{"footnotes":""},"class_list":["post-1699","page","type-page","status-publish","hentry"],"_links":{"self":[{"href":"https:\/\/www.phys.uaic.ro\/old\/index.php\/wp-json\/wp\/v2\/pages\/1699","targetHints":{"allow":["GET"]}}],"collection":[{"href":"https:\/\/www.phys.uaic.ro\/old\/index.php\/wp-json\/wp\/v2\/pages"}],"about":[{"href":"https:\/\/www.phys.uaic.ro\/old\/index.php\/wp-json\/wp\/v2\/types\/page"}],"author":[{"embeddable":true,"href":"https:\/\/www.phys.uaic.ro\/old\/index.php\/wp-json\/wp\/v2\/users\/3"}],"replies":[{"embeddable":true,"href":"https:\/\/www.phys.uaic.ro\/old\/index.php\/wp-json\/wp\/v2\/comments?post=1699"}],"version-history":[{"count":0,"href":"https:\/\/www.phys.uaic.ro\/old\/index.php\/wp-json\/wp\/v2\/pages\/1699\/revisions"}],"up":[{"embeddable":true,"href":"https:\/\/www.phys.uaic.ro\/old\/index.php\/wp-json\/wp\/v2\/pages\/202"}],"wp:attachment":[{"href":"https:\/\/www.phys.uaic.ro\/old\/index.php\/wp-json\/wp\/v2\/media?parent=1699"}],"curies":[{"name":"wp","href":"https:\/\/api.w.org\/{rel}","templated":true}]}}