{"id":17037,"date":"2022-07-06T15:03:24","date_gmt":"2022-07-06T12:03:24","guid":{"rendered":"https:\/\/www.phys.uaic.ro\/?page_id=17037"},"modified":"2022-07-18T15:19:25","modified_gmt":"2022-07-18T12:19:25","slug":"tabere-studentesti-2022","status":"publish","type":"page","link":"https:\/\/www.phys.uaic.ro\/old\/index.php\/tabere-studentesti-2022\/","title":{"rendered":"Tabere studen\u021be\u0219ti 2022"},"content":{"rendered":"<p><a href=\"https:\/\/www.phys.uaic.ro\/old\/wp-content\/uploads\/2022\/07\/Lista_studentilor_care_au_depus_cerere_pentru_tabere_gratuite_2022.pdf\">Lista studentilor care au depus cerere pentru tabere gratuite 2022<\/a><\/p>\n<p><strong>Depunerea cererilor<\/strong> pentru solicitarea unui loc de tab\u0103r\u0103 se face astfel:<\/p>\n<p>&#8211; la secretariatul facult\u0103\u0163ii, \u00een perioada <span style=\"color: #ff0000;\"><strong><u>5 iulie 2022 \u2013 10 iulie 2022<\/u><\/strong><\/span>;<\/p>\n<p>&#8211; prin email, la adresa <strong>f<span style=\"color: #ff0000;\">izica@uaic.ro<\/span><\/strong>, \u00een perioada <span style=\"color: #ff0000;\"><strong><u>5 iulie 2022 \u2013 10 iulie 2022<\/u><\/strong><\/span>;<\/p>\n<p>&nbsp;<\/p>\n<p>Beneficiarii de locuri gratuite \u00een tabere studen\u0163e\u015fti, \u00een perioada vacan\u0163ei de var\u0103 2022, \u00een limita fondurilor bugetare aprobate \u015fi a num\u0103rului de locuri aferente pe universit\u0103\u0163i, sunt studen\u0163ii care \u00eendeplinesc cumulativ urm\u0103toarele condi\u0163ii:<\/p>\n<ol>\n<li>sunt \u00eenmatricula\u0163i la forma de \u00eenv\u0103\u0163\u0103m\u00e2nt cu frecven\u0163\u0103 \u00een anul universitar 2021-2022 la programul de studii de la ciclurile de licen\u0163\u0103 \u015fi masterat;<\/li>\n<li>sunt\u00a0<strong>integrali\u015fti<\/strong>\u00a0(studen\u0163ii care au promovat la toate disciplinele de studiu din anul anterior de \u015fcolarizare 2020-2021; \u00een cazul studen\u0163ilor \u00eenscri\u015fi \u00een anul I de \u015fcolarizare, studen\u0163ii care sunt integrali\u015fti pe semestrul I din anul \u00een curs de \u015fcolarizare 2021-2022);<\/li>\n<li>\u00a0sunt studen\u0163i cu\u00a0<strong>v\u00e2rsta de p\u00e2n\u0103 la 35 de ani<\/strong>.<\/li>\n<\/ol>\n<p>&nbsp;<\/p>\n<p><strong>Calendarul activit\u0103\u0163ilor pentru repartizarea locurilor de tab\u0103r\u0103<\/strong>:<\/p>\n<p>12 iulie 2022 &#8211; afi\u015farea listelor cu studen\u0163ii care au depus cereri de tab\u0103r\u0103<\/p>\n<p>14 iulie 2022 &#8211; afi\u015farea procesului verbal \u00eentocmit de c\u0103tre comisia de selec\u0163ie,\u00a0 cuprinz\u00e2nd studen\u0163ii beneficiari de tabere<\/p>\n<p>19 iulie 2022 &#8211; afi\u015farea listelor finale cu studen\u0163ii beneficiari de tab\u0103r\u0103, dup\u0103 solu\u0163ionarea eventualelor contesta\u0163ii<\/p>\n<p>25 iulie 2022 &#8211; Casele de Cultur\u0103 Studen\u0163e\u015fti \u015fi Complexul Cultural Sportiv Studen\u0163esc \u201eTei\u201d transmit c\u0103tre universit\u0103\u0163i adrese referitoare la: denumirea loca\u0163iilor de tab\u0103r\u0103, seriile, num\u0103rul de locuri<\/p>\n<p>27 iulie 2022 &#8211; Universitatea repartizeaz\u0103 facult\u0103\u0163ilor locurile de tab\u0103r\u0103<\/p>\n<p>28-29 iulie 2022 &#8211; \u00eent\u00e2lnirea comisiilor de selec\u0163ie cu beneficiarii locurilor de tab\u0103r\u0103, \u00een vederea alegerii uneia dintre loca\u0163iile disponibile. Studen\u0163ii vor avea asupra lor at\u00e2t carnetul de student, vizat la zi, c\u00e2t \u015fi C.I. (original \u015fi copie)<\/p>\n<p>1 august 2022 &#8211; afi\u015farea pe site a listelor cu studen\u0163ii beneficiari de tabere, precum \u015fi a loca\u0163iilor \u015fi perioadelor aferente.<\/p>\n<p>&nbsp;<\/p>\n<p><strong>Mediile de selec\u0163ie sunt:<\/strong><\/p>\n<ul>\n<li>anul I licen\u0163\u0103 \u015fi I master \u2013 media ECTS din semestrul I al anului universitar 2021-2022<\/li>\n<li>anul II, III licen\u0163\u0103 \u015fi II master \u2013 media ECTS din anul universitar 2020-2021<\/li>\n<li>la medii egale, departajarea se face \u00een func\u0163ie de media de admitere (pentru anul I \u015fi I master), respectiv media semestrului I 2021-2022 (pentru anul II, III \u015fi II master)<\/li>\n<\/ul>\n<p><strong>Serii de cazare:<\/strong><\/p>\n<ul>\n<li>Seria I \u2013 09.08 \u2013 14.08.2022<\/li>\n<li>Seria II \u2013 14.08 \u2013 19.08.2022<\/li>\n<li>Seria III \u2013 19.08 \u2013 24.08.2022<\/li>\n<li>Seria IV \u2013 24.08 \u2013 29.08.2022<\/li>\n<li>Seria V \u2013 29.08 \u2013 03.09.2022<\/li>\n<li>Seria VI \u2013 03.09 \u2013 08.09.2022<\/li>\n<\/ul>\n<p>&nbsp;<\/p>\n<p><a href=\"https:\/\/www.phys.uaic.ro\/old\/wp-content\/uploads\/2022\/07\/Metodologie-tabere-studentesti-2022.pdf\">Metodologia privind organizarea taberelor studentesti 2022<\/a><\/p>\n<p><a href=\"https:\/\/www.phys.uaic.ro\/old\/wp-content\/uploads\/2022\/07\/cerere_tabere_2022.pdf\">Model cerere tabere<\/a><\/p>\n","protected":false},"excerpt":{"rendered":"<p>Lista studentilor care au depus cerere pentru tabere gratuite 2022 Depunerea cererilor pentru solicitarea unui loc de tab\u0103r\u0103 se face astfel: &#8211; la secretariatul facult\u0103\u0163ii, \u00een perioada 5 iulie 2022 \u2013 10 iulie 2022; &#8211; prin email, la adresa fizica@uaic.ro, \u00een perioada 5 iulie 2022 \u2013 10 iulie 2022; &nbsp; Beneficiarii de locuri gratuite \u00een tabere studen\u0163e\u015fti, \u00een\u2026 <span class=\"read-more\"><a href=\"https:\/\/www.phys.uaic.ro\/old\/index.php\/tabere-studentesti-2022\/\">Read More &raquo;<\/a><\/span><\/p>\n","protected":false},"author":4,"featured_media":0,"parent":0,"menu_order":0,"comment_status":"closed","ping_status":"closed","template":"","meta":{"footnotes":""},"class_list":["post-17037","page","type-page","status-publish","hentry"],"_links":{"self":[{"href":"https:\/\/www.phys.uaic.ro\/old\/index.php\/wp-json\/wp\/v2\/pages\/17037","targetHints":{"allow":["GET"]}}],"collection":[{"href":"https:\/\/www.phys.uaic.ro\/old\/index.php\/wp-json\/wp\/v2\/pages"}],"about":[{"href":"https:\/\/www.phys.uaic.ro\/old\/index.php\/wp-json\/wp\/v2\/types\/page"}],"author":[{"embeddable":true,"href":"https:\/\/www.phys.uaic.ro\/old\/index.php\/wp-json\/wp\/v2\/users\/4"}],"replies":[{"embeddable":true,"href":"https:\/\/www.phys.uaic.ro\/old\/index.php\/wp-json\/wp\/v2\/comments?post=17037"}],"version-history":[{"count":0,"href":"https:\/\/www.phys.uaic.ro\/old\/index.php\/wp-json\/wp\/v2\/pages\/17037\/revisions"}],"wp:attachment":[{"href":"https:\/\/www.phys.uaic.ro\/old\/index.php\/wp-json\/wp\/v2\/media?parent=17037"}],"curies":[{"name":"wp","href":"https:\/\/api.w.org\/{rel}","templated":true}]}}