{"id":17075,"date":"2022-07-12T11:18:17","date_gmt":"2022-07-12T08:18:17","guid":{"rendered":"https:\/\/www.phys.uaic.ro\/?page_id=17075"},"modified":"2022-07-15T09:54:24","modified_gmt":"2022-07-15T06:54:24","slug":"restante-licenta-si-master-29-august-11-septembrie-2022","status":"publish","type":"page","link":"https:\/\/www.phys.uaic.ro\/old\/index.php\/restante-licenta-si-master-29-august-11-septembrie-2022\/","title":{"rendered":"Restan\u021be licen\u021b\u0103 \u0219i master: 29 august &#8211; 11 septembrie 2022"},"content":{"rendered":"<h1><b>Restan\u021be septembrie<br \/>\n<\/b><\/h1>\n<p>Studen\u021bii care au restan\u021be vor putea sus\u021bine examenele doar dac\u0103:<\/p>\n<ul>\n<li>au completat o cerere \u00een acest sens (<a href=\"https:\/\/www.phys.uaic.ro\/old\/wp-content\/uploads\/2022\/01\/cerere-restante.pdf\">cerere restante (format pdf)<\/a> <img loading=\"lazy\" decoding=\"async\" class=\"\" src=\"http:\/\/www.phys.uaic.ro\/wp\/imagini\/pdf-icon.png\" alt=\"pdf\" width=\"15\" height=\"15\" \/> \u0219i <a href=\"https:\/\/www.phys.uaic.ro\/old\/wp-content\/uploads\/2022\/01\/cerere-restante.docx\">cerere restante (format docx)<\/a>\u00a0\u00a0<img loading=\"lazy\" decoding=\"async\" class=\"\" src=\"http:\/\/www.phys.uaic.ro\/wp\/imagini\/doc-icon.png\" alt=\"doc\" width=\"14\" height=\"14\" \/>) p\u00e2n\u0103 la data de <strong>22 iulie 2022, <\/strong>trimis\u0103 pe adresa fizica@uaic.ro\u00a0\u0219i pe adresa cadrului didactic;<\/li>\n<li>cererea trebuie s\u0103 fie \u00eenso\u021bit\u0103 de o <strong><span style=\"color: #ff0000;\">dovad\u0103 medical\u0103 pentru neprezentarea la sesiunea de examene din vara 2022<\/span><\/strong><\/li>\n<li>au f\u0103cut dovada achit\u0103rii taxei pentru refacerea activit\u0103\u021bii didactice (pentru sus\u021binerea unei restan\u021be din anul precedent).<\/li>\n<li>taxa pentru refacerea activit\u0103\u021bii didactice se achit\u0103 la orice sucursal\u0103 BRD, specific\u00e2nd codurile:\n<ul>\n<li style=\"list-style-type: none;\">\n<ul>\n<li>pentru studiile de licen\u0163\u0103: 1261 \u0219i 35<\/li>\n<li>pentru studiile de master: 2407 \u0219i 35.<\/li>\n<\/ul>\n<\/li>\n<\/ul>\n<\/li>\n<\/ul>\n<p>Studen\u021bii care au restan\u021be din anul curent \u0219i au sus\u021binut un examen cel mult o dat\u0103 \u0219i nu l-au promovat nu vor pl\u0103ti tax\u0103 de reexaminare (Art.50. Orice student beneficiaz\u0103, la Universitatea \u201eAlexandru Ioan Cuza\u201d din Ia\u0219i, de posibilitatea de a se prezenta, \u00een mod gratuit, la dou\u0103 evalu\u0103ri finale (inclusiv la colocviile de practic\u0103) pentru fiecare disciplin\u0103 studiat\u0103 pe parcursul anului universitar conform planului de \u00eenv\u0103\u021b\u0103m\u00e2nt din anul universitar \u00een care s-a \u00eenscris.)<\/p>\n","protected":false},"excerpt":{"rendered":"<p>Restan\u021be septembrie Studen\u021bii care au restan\u021be vor putea sus\u021bine examenele doar dac\u0103: au completat o cerere \u00een acest sens (cerere restante (format pdf) \u0219i cerere restante (format docx)\u00a0\u00a0) p\u00e2n\u0103 la data de 22 iulie 2022, trimis\u0103 pe adresa fizica@uaic.ro\u00a0\u0219i pe adresa cadrului didactic; cererea trebuie s\u0103 fie \u00eenso\u021bit\u0103 de o dovad\u0103 medical\u0103 pentru neprezentarea la sesiunea de examene\u2026 <span class=\"read-more\"><a href=\"https:\/\/www.phys.uaic.ro\/old\/index.php\/restante-licenta-si-master-29-august-11-septembrie-2022\/\">Read More &raquo;<\/a><\/span><\/p>\n","protected":false},"author":4,"featured_media":0,"parent":0,"menu_order":0,"comment_status":"closed","ping_status":"closed","template":"","meta":{"footnotes":""},"class_list":["post-17075","page","type-page","status-publish","hentry"],"_links":{"self":[{"href":"https:\/\/www.phys.uaic.ro\/old\/index.php\/wp-json\/wp\/v2\/pages\/17075","targetHints":{"allow":["GET"]}}],"collection":[{"href":"https:\/\/www.phys.uaic.ro\/old\/index.php\/wp-json\/wp\/v2\/pages"}],"about":[{"href":"https:\/\/www.phys.uaic.ro\/old\/index.php\/wp-json\/wp\/v2\/types\/page"}],"author":[{"embeddable":true,"href":"https:\/\/www.phys.uaic.ro\/old\/index.php\/wp-json\/wp\/v2\/users\/4"}],"replies":[{"embeddable":true,"href":"https:\/\/www.phys.uaic.ro\/old\/index.php\/wp-json\/wp\/v2\/comments?post=17075"}],"version-history":[{"count":0,"href":"https:\/\/www.phys.uaic.ro\/old\/index.php\/wp-json\/wp\/v2\/pages\/17075\/revisions"}],"wp:attachment":[{"href":"https:\/\/www.phys.uaic.ro\/old\/index.php\/wp-json\/wp\/v2\/media?parent=17075"}],"curies":[{"name":"wp","href":"https:\/\/api.w.org\/{rel}","templated":true}]}}