{"id":17128,"date":"2022-07-20T08:53:58","date_gmt":"2022-07-20T05:53:58","guid":{"rendered":"https:\/\/www.phys.uaic.ro\/?page_id=17128"},"modified":"2022-12-09T14:58:36","modified_gmt":"2022-12-09T12:58:36","slug":"anunt-privind-sustinerea-raportului-de-cercetare-a-drd-hrib-andrei-pe-21-07-2022","status":"publish","type":"page","link":"https:\/\/www.phys.uaic.ro\/old\/index.php\/anunt-privind-sustinerea-raportului-de-cercetare-a-drd-hrib-andrei-pe-21-07-2022\/","title":{"rendered":"Anun\u021b privind sus\u021binerea raportului de cercetare a drd. HRIB Andrei pe 21.07.2022"},"content":{"rendered":"<p>La data de <strong>21 iulie 2022<\/strong>, \u00eencep\u00e2nd cu ora <strong>11<\/strong><strong>:30<\/strong>, \u00een <strong>Laboratorul de Fizica Solidului<\/strong>, va avea loc sus\u021binerea\u00a0 raportului de cercetare cu titlu <strong>\u201eMetode de ob\u021binere \u0219i caracterizarea nanomaterialelor \u0219i nanocompozitelor\u201d, <\/strong>prezentat de studentul-doctorand <strong>HRIB Andrei<\/strong>, sub \u00eendrumarea <strong>prof. univ. dr. Felicia-Dacia IACOMI.<\/strong><\/p>\n","protected":false},"excerpt":{"rendered":"<p>La data de 21 iulie 2022, \u00eencep\u00e2nd cu ora 11:30, \u00een Laboratorul de Fizica Solidului, va avea loc sus\u021binerea\u00a0 raportului de cercetare cu titlu \u201eMetode de ob\u021binere \u0219i caracterizarea nanomaterialelor \u0219i nanocompozitelor\u201d, prezentat de studentul-doctorand HRIB Andrei, sub \u00eendrumarea prof. univ. dr. Felicia-Dacia IACOMI.<\/p>\n","protected":false},"author":4,"featured_media":0,"parent":0,"menu_order":0,"comment_status":"closed","ping_status":"closed","template":"","meta":{"footnotes":""},"class_list":["post-17128","page","type-page","status-publish","hentry"],"_links":{"self":[{"href":"https:\/\/www.phys.uaic.ro\/old\/index.php\/wp-json\/wp\/v2\/pages\/17128","targetHints":{"allow":["GET"]}}],"collection":[{"href":"https:\/\/www.phys.uaic.ro\/old\/index.php\/wp-json\/wp\/v2\/pages"}],"about":[{"href":"https:\/\/www.phys.uaic.ro\/old\/index.php\/wp-json\/wp\/v2\/types\/page"}],"author":[{"embeddable":true,"href":"https:\/\/www.phys.uaic.ro\/old\/index.php\/wp-json\/wp\/v2\/users\/4"}],"replies":[{"embeddable":true,"href":"https:\/\/www.phys.uaic.ro\/old\/index.php\/wp-json\/wp\/v2\/comments?post=17128"}],"version-history":[{"count":0,"href":"https:\/\/www.phys.uaic.ro\/old\/index.php\/wp-json\/wp\/v2\/pages\/17128\/revisions"}],"wp:attachment":[{"href":"https:\/\/www.phys.uaic.ro\/old\/index.php\/wp-json\/wp\/v2\/media?parent=17128"}],"curies":[{"name":"wp","href":"https:\/\/api.w.org\/{rel}","templated":true}]}}