{"id":172,"date":"2018-02-14T13:20:08","date_gmt":"2018-02-14T13:20:08","guid":{"rendered":"http:\/\/www.phys.uaic.ro\/?page_id=172"},"modified":"2026-02-19T12:34:24","modified_gmt":"2026-02-19T10:34:24","slug":"conducere-facultate","status":"publish","type":"page","link":"https:\/\/www.phys.uaic.ro\/old\/index.php\/organizare\/conducere-facultate\/","title":{"rendered":"Conducerea Facult\u0103\u021bii"},"content":{"rendered":"<p><b>DECAN<\/b><\/p>\n<ul>\n<li><a href=\"https:\/\/www.phys.uaic.ro\/index.php\/organizare\/personal-didactic\/ionut-cristian-topala\">Prof. Dr. habil. Ionu\u021b Cristian TOPAL\u0102<\/a><\/li>\n<li><em><strong>Audien\u021be:<\/strong> mar\u021bi \u0219i joi, 11-12<\/em><\/li>\n<\/ul>\n<p><b>Prodecan<\/b><\/p>\n<ul>\n<li><a href=\"https:\/\/www.phys.uaic.ro\/index.php\/organizare\/personal-didactic\/catalin-agheorghiesei\">Lect. Dr. C\u0103t\u0103lin AGHEORGHIESEI<\/a><\/li>\n<\/ul>\n<p><b>Director al Departamentului de Fizic\u0103<\/b><\/p>\n<ul>\n<li><a href=\"https:\/\/www.phys.uaic.ro\/index.php\/organizare\/personal-didactic\/iordana-astefanoaei\">Conf. Dr. habil. Iordana A\u0218TEF\u0102NOAEI<\/a><\/li>\n<\/ul>\n<p>&nbsp;<\/p>\n<p><b>Consiliul facult\u0103\u021bii<\/b><\/p>\n<ul>\n<li><a href=\"https:\/\/www.phys.uaic.ro\/index.php\/organizare\/personal-didactic\/laurentiu-stoleriu\/\">Prof. Dr. habil. Lauren\u021biu STOLERIU<\/a><\/li>\n<li><a href=\"https:\/\/www.phys.uaic.ro\/index.php\/organizare\/personal-didactic\/dan-gheorghe-dimitriu\">Prof. Dr. habil. Dan Gheorghe DIMITRIU<\/a><\/li>\n<li><a href=\"https:\/\/www.phys.uaic.ro\/index.php\/organizare\/personal-didactic\/ionut-cristian-topala\">Prof. Dr. habil. Ionu\u021b Cristian TOPAL\u0102<\/a><\/li>\n<li><a href=\"https:\/\/www.phys.uaic.ro\/index.php\/organizare\/personal-didactic\/sebastian-dumitru-popescu\">Conf. Dr. Sebastian Dumitru POPESCU<\/a><\/li>\n<li><a href=\"https:\/\/www.phys.uaic.ro\/index.php\/organizare\/personal-didactic\/iordana-astefanoaei\">Conf. Dr. habil. Iordana A\u0218TEF\u0102NOAEI<\/a><\/li>\n<li><a href=\"https:\/\/www.phys.uaic.ro\/index.php\/organizare\/personal-didactic\/claudiu-costin\">Prof. Dr. habil. Claudiu COSTIN<\/a><\/li>\n<li><a href=\"https:\/\/www.phys.uaic.ro\/index.php\/organizare\/personal-didactic\/valentin-pohoata\">Conf. Dr. Valentin POHOA\u021a\u0102<\/a><\/li>\n<li><a href=\"https:\/\/www.phys.uaic.ro\/index.php\/organizare\/personal-didactic\/paul-gasner\">Lect. Dr. Paul GASNER<\/a><\/li>\n<li><a href=\"https:\/\/www.phys.uaic.ro\/index.php\/organizare\/personal-didactic\/catalin-agheorghiesei\">Lect. Dr. C\u0103t\u0103lin AGHEORGHIESEI<\/a><\/li>\n<li><a href=\"https:\/\/www.phys.uaic.ro\/index.php\/organizare\/personal-didactic\/diana-mihaela-mardare\/\">Prof. Dr. Diana Mihaela MARDARE<\/a><\/li>\n<li>Drd. Viorica-Monica MOISIUC<\/li>\n<li>Stud. Victor DOBRINESCU, master anul II<\/li>\n<li>Stud. Antonia CR\u0102CIUN, licen\u021b\u0103 anul III<\/li>\n<\/ul>\n<p><b>Membri suplean\u0163i<\/b><\/p>\n<ul>\n<li><a href=\"https:\/\/www.phys.uaic.ro\/index.php\/organizare\/personal-didactic\/petronel-postolache\">Lect. dr. Petronel POSTOLACHE<\/a><\/li>\n<li><a href=\"https:\/\/www.phys.uaic.ro\/index.php\/organizare\/personal-didactic\/leontin-padurariu-en\/\">Lect. dr. Leontin P\u0102DURARIU<\/a><\/li>\n<li><a href=\"https:\/\/www.phys.uaic.ro\/index.php\/vlad-alexandru-lukacs\/\">Lect. dr. Vlad-Alexandru LUKACS<\/a><\/li>\n<\/ul>\n<p>&nbsp;<\/p>\n<p><b>Consiliul Departamentului de Fizic\u0103<\/b><\/p>\n<ul>\n<li><a href=\"https:\/\/www.phys.uaic.ro\/index.php\/organizare\/personal-didactic\/iordana-astefanoaei\">Conf. Dr. habil. Iordana A\u0218TEF\u0102NOAEI<\/a><\/li>\n<li><a href=\"https:\/\/www.phys.uaic.ro\/index.php\/organizare\/personal-didactic\/ionut-cristian-topala\">Prof. Dr. habil. Ionu\u021b Cristian TOPAL\u0102<\/a><\/li>\n<li><a href=\"https:\/\/www.phys.uaic.ro\/index.php\/organizare\/personal-didactic\/dan-gheorghe-dimitriu\">Prof. Dr. habil. Dan Gheorghe DIMITRIU<\/a><\/li>\n<li><a href=\"https:\/\/www.phys.uaic.ro\/index.php\/organizare\/personal-didactic\/laurentiu-stoleriu\">Prof. Dr. habil. Lauren\u021biu STOLERIU<\/a><\/li>\n<li><a href=\"https:\/\/www.phys.uaic.ro\/index.php\/organizare\/personal-didactic\/catalin-agheorghiesei\">Lect. Dr. C\u0103t\u0103lin AGHEORGHIESEI<\/a><\/li>\n<\/ul>\n<p>&nbsp;<\/p>\n<p><a href=\"https:\/\/www.phys.uaic.ro\/wp-content\/uploads\/2026\/02\/hotarari-Consiliu-2025-2026.pdf\" target=\"_blank\" rel=\"noopener\">Hot\u0103r\u00e2rile Consiliului Facult\u0103\u0163ii<\/a><\/p>\n<p><a href=\"https:\/\/www.phys.uaic.ro\/wp-content\/uploads\/2025\/12\/Comisii-CEAC-si-evaluare-periodica-programe-de-studii.pdf\" target=\"_blank\" rel=\"noopener\">Comisii CEAC si evaluare periodic\u0103 programe de studii<\/a><\/p>\n<p><a href=\"https:\/\/www.phys.uaic.ro\/wp-content\/uploads\/2026\/01\/Componenta-CEU-la-12.12.2025_site-UAIC.pdf\" target=\"_blank\" rel=\"noopener\">Componen\u021ba Comisiei de Etic\u0103 Universitar\u0103 UAIC<\/a><\/p>\n<p>&nbsp;<\/p>\n","protected":false},"excerpt":{"rendered":"<p>DECAN Prof. Dr. habil. Ionu\u021b Cristian TOPAL\u0102 Audien\u021be: mar\u021bi \u0219i joi, 11-12 Prodecan Lect. Dr. C\u0103t\u0103lin AGHEORGHIESEI Director al Departamentului de Fizic\u0103 Conf. Dr. habil. Iordana A\u0218TEF\u0102NOAEI &nbsp; Consiliul facult\u0103\u021bii Prof. Dr. habil. Lauren\u021biu STOLERIU Prof. Dr. habil. Dan Gheorghe DIMITRIU Prof. Dr. habil. Ionu\u021b Cristian TOPAL\u0102 Conf. Dr. Sebastian Dumitru POPESCU Conf. Dr. habil. Iordana A\u0218TEF\u0102NOAEI Prof.\u2026 <span class=\"read-more\"><a href=\"https:\/\/www.phys.uaic.ro\/old\/index.php\/organizare\/conducere-facultate\/\">Read More &raquo;<\/a><\/span><\/p>\n","protected":false},"author":3,"featured_media":0,"parent":90,"menu_order":0,"comment_status":"closed","ping_status":"closed","template":"","meta":{"footnotes":""},"class_list":["post-172","page","type-page","status-publish","hentry"],"_links":{"self":[{"href":"https:\/\/www.phys.uaic.ro\/old\/index.php\/wp-json\/wp\/v2\/pages\/172","targetHints":{"allow":["GET"]}}],"collection":[{"href":"https:\/\/www.phys.uaic.ro\/old\/index.php\/wp-json\/wp\/v2\/pages"}],"about":[{"href":"https:\/\/www.phys.uaic.ro\/old\/index.php\/wp-json\/wp\/v2\/types\/page"}],"author":[{"embeddable":true,"href":"https:\/\/www.phys.uaic.ro\/old\/index.php\/wp-json\/wp\/v2\/users\/3"}],"replies":[{"embeddable":true,"href":"https:\/\/www.phys.uaic.ro\/old\/index.php\/wp-json\/wp\/v2\/comments?post=172"}],"version-history":[{"count":0,"href":"https:\/\/www.phys.uaic.ro\/old\/index.php\/wp-json\/wp\/v2\/pages\/172\/revisions"}],"up":[{"embeddable":true,"href":"https:\/\/www.phys.uaic.ro\/old\/index.php\/wp-json\/wp\/v2\/pages\/90"}],"wp:attachment":[{"href":"https:\/\/www.phys.uaic.ro\/old\/index.php\/wp-json\/wp\/v2\/media?parent=172"}],"curies":[{"name":"wp","href":"https:\/\/api.w.org\/{rel}","templated":true}]}}