{"id":17243,"date":"2022-08-10T14:28:45","date_gmt":"2022-08-10T11:28:45","guid":{"rendered":"https:\/\/www.phys.uaic.ro\/?page_id=17243"},"modified":"2022-09-02T13:30:40","modified_gmt":"2022-09-02T10:30:40","slug":"examenul-de-licenta-diploma-sesiunea-septembrie-2022","status":"publish","type":"page","link":"https:\/\/www.phys.uaic.ro\/old\/index.php\/examenul-de-licenta-diploma-sesiunea-septembrie-2022\/","title":{"rendered":"Examenul de licen\u021b\u0103\/diplom\u0103 \u2013 Sesiunea septembrie 2022"},"content":{"rendered":"<header class=\"entry-header\">\n<h3><a href=\"https:\/\/www.phys.uaic.ro\/old\/wp-content\/uploads\/2022\/03\/Tematici_licenta.pdf\"><strong><em>Tematica pentru examenul de licen\u021b\u0103\/diplom\u0103 &#8211; sesiunea septembrie 2022<\/em><\/strong><\/a><img loading=\"lazy\" decoding=\"async\" class=\"\" src=\"https:\/\/www.phys.uaic.ro\/old\/wp\/imagini\/pdf-icon.png\" alt=\"pdf\" width=\"18\" height=\"18\" \/><\/h3>\n<p>&nbsp;<\/p>\n<p><strong>Perioada de \u00eenscriere la examenul de licen\u0163\u0103\/diplom\u0103:<\/strong><\/p>\n<ul>\n<li>1-2 septembrie 2022, online<\/li>\n<\/ul>\n<p><strong>Sus\u0163inerea examenului de licen\u0163\u0103\/diplom\u0103:<\/strong><\/p>\n<ul>\n<li><strong><span style=\"color: #ff0000;\">4 septembrie 2022, ora 11, Laboratorul de Fizica Plasmei, etaj 1.<\/span><\/strong><\/li>\n<\/ul>\n<p>&nbsp;<\/p>\n<\/header>\n<div class=\"entry-content\">\n<h3><span style=\"font-size: 12pt;\"><b>Pa\u0219i de parcurs<\/b> pentru \u00eenscrierea la examenul de licen\u021b\u0103:<\/span><\/h3>\n<ul>\n<li>etapa 1:<br \/>\n\u00een perioada 1-2 septembrie 2022, candidatul va trimite urm\u0103toarele documente (\u00eentr-un singur mesaj) la adresa de e-mail <em>luca@uaic.ro<\/em>:<\/p>\n<ol>\n<li>cererea de \u00eenscriere semnat\u0103 cu albastru \u0219i scanat\u0103;<\/li>\n<li><span style=\"color: #ff0000;\"><strong>dovad\u0103 medical\u0103 pentru neprezentarea la sesiunea de examene din vara 2022<\/strong><\/span><\/li>\n<li>certificat de na\u0219tere scanat;<\/li>\n<li>carte de identitate scanat\u0103;<\/li>\n<li>declara\u021bia coordonatorului lucr\u0103rii de licen\u021b\u0103 care atest\u0103 faptul c\u0103 lucrarea este \u00een analiz\u0103 \u0219i va fi predat\u0103 \u00eenainte de \u00eenceperea examenului (format liber);<\/li>\n<li>chitan\u0163a de plat\u0103 a taxei (200 lei) \u00een cazul repet\u0103rii examenului.<\/li>\n<\/ol>\n<\/li>\n<li>etapa 2:<br \/>\n<span style=\"color: #ff0000;\">coordonatorul<\/span> trimite dou\u0103 documente pe adresa secretarului de comisie, cu cel pu\u021bin dou\u0103 zile \u00eenainte de data programat\u0103 pentru sus\u021binere, folosind fisiere.uaic.ro:<\/p>\n<ol>\n<li style=\"list-style-type: none;\">\n<ol>\n<li>referatul de apreciere (care con\u021bine \u0219i informa\u021bii asupra procentului de similitudini, din platforma Turnitin);<\/li>\n<li>lucrarea de licen\u021b\u0103\/diplom\u0103 care con\u021bine \u0219i declara\u021bia privind autenticitatea semnat\u0103 de candidat si coordonator, \u00een format <b>pdf<\/b> .<\/li>\n<\/ol>\n<\/li>\n<\/ol>\n<p>&nbsp;<\/li>\n<\/ul>\n<h3><span style=\"font-size: 12pt;\">Formulare licen\u021b\u0103\/diplom\u0103<\/span><\/h3>\n<ul>\n<li style=\"list-style-type: none;\">\n<ul>\n<li><a href=\"https:\/\/www.phys.uaic.ro\/old\/wp-content\/uploads\/2022\/08\/2022_septembrie-cerere_inscriere_licenta_diploma.pdf\"><em>Cerere pentru \u00eenscrierea la examenul de licen\u0163\u0103\/diplom\u0103 sesiunea septembrie 2022<\/em><\/a><\/li>\n<li><a href=\"https:\/\/www.phys.uaic.ro\/old\/wp-content\/uploads\/2022\/08\/2022_sept-cerere_inscriere_diploma_BALTI.pdf\"><em>Cerere pentru \u00eenscrierea la examenul de diplom\u0103 sesiunea septembrie 2022 (Extensiunea B\u0103l\u021bi)<\/em><\/a><\/li>\n<li><a href=\"https:\/\/www.phys.uaic.ro\/old\/wp-content\/uploads\/2022\/05\/2022-Declaratie-autenticitate_licenta_diploma.pdf\" target=\"_blank\" rel=\"noopener\"><em>Declara\u021bie privind autenticitatea con\u021binutului lucr\u0103rii de licen\u021b\u0103\/diplom\u0103<\/em><\/a><\/li>\n<\/ul>\n<\/li>\n<\/ul>\n<h3><b><a href=\"https:\/\/www.phys.uaic.ro\/old\/wp-content\/uploads\/2022\/05\/SS_Reg-finalizare-studii_2022-BECA.pdf\" target=\"_blank\" rel=\"noopener\">Regulament privind organizarea \u0219i desf\u0103\u0219urarea Examenelor de Licen\u021b\u0103\/Diplom\u0103, Diserta\u021bie \u0219i Absolvire (Sesiunile: Iunie-Iulie 2022, Septembrie 2022 si Februarie 2023)<\/a>\u00a0<\/b><\/h3>\n<\/div>\n","protected":false},"excerpt":{"rendered":"<p>Tematica pentru examenul de licen\u021b\u0103\/diplom\u0103 &#8211; sesiunea septembrie 2022 &nbsp; Perioada de \u00eenscriere la examenul de licen\u0163\u0103\/diplom\u0103: 1-2 septembrie 2022, online Sus\u0163inerea examenului de licen\u0163\u0103\/diplom\u0103: 4 septembrie 2022, ora 11, Laboratorul de Fizica Plasmei, etaj 1. &nbsp; Pa\u0219i de parcurs pentru \u00eenscrierea la examenul de licen\u021b\u0103: etapa 1: \u00een perioada 1-2 septembrie 2022, candidatul va trimite urm\u0103toarele documente\u2026 <span class=\"read-more\"><a href=\"https:\/\/www.phys.uaic.ro\/old\/index.php\/examenul-de-licenta-diploma-sesiunea-septembrie-2022\/\">Read More &raquo;<\/a><\/span><\/p>\n","protected":false},"author":4,"featured_media":0,"parent":0,"menu_order":0,"comment_status":"closed","ping_status":"closed","template":"","meta":{"footnotes":""},"class_list":["post-17243","page","type-page","status-publish","hentry"],"_links":{"self":[{"href":"https:\/\/www.phys.uaic.ro\/old\/index.php\/wp-json\/wp\/v2\/pages\/17243","targetHints":{"allow":["GET"]}}],"collection":[{"href":"https:\/\/www.phys.uaic.ro\/old\/index.php\/wp-json\/wp\/v2\/pages"}],"about":[{"href":"https:\/\/www.phys.uaic.ro\/old\/index.php\/wp-json\/wp\/v2\/types\/page"}],"author":[{"embeddable":true,"href":"https:\/\/www.phys.uaic.ro\/old\/index.php\/wp-json\/wp\/v2\/users\/4"}],"replies":[{"embeddable":true,"href":"https:\/\/www.phys.uaic.ro\/old\/index.php\/wp-json\/wp\/v2\/comments?post=17243"}],"version-history":[{"count":0,"href":"https:\/\/www.phys.uaic.ro\/old\/index.php\/wp-json\/wp\/v2\/pages\/17243\/revisions"}],"wp:attachment":[{"href":"https:\/\/www.phys.uaic.ro\/old\/index.php\/wp-json\/wp\/v2\/media?parent=17243"}],"curies":[{"name":"wp","href":"https:\/\/api.w.org\/{rel}","templated":true}]}}