{"id":17287,"date":"2022-08-24T12:38:34","date_gmt":"2022-08-24T09:38:34","guid":{"rendered":"https:\/\/www.phys.uaic.ro\/?page_id=17287"},"modified":"2022-09-02T12:51:02","modified_gmt":"2022-09-02T09:51:02","slug":"numarul-de-locuri-admitere-licenta-septembrie-2022","status":"publish","type":"page","link":"https:\/\/www.phys.uaic.ro\/old\/index.php\/numarul-de-locuri-admitere-licenta-septembrie-2022\/","title":{"rendered":"Num\u0103rul de locuri admitere licen\u021b\u0103 septembrie 2022"},"content":{"rendered":"<p>&nbsp;<\/p>\n<table style=\"font-weight: 400; width: 0%;\">\n<tbody>\n<tr style=\"height: 24px;\">\n<td style=\"height: 96px;\" rowspan=\"3\" width=\"54\"><strong>Domeniul de licen\u0163\u0103<\/strong><\/td>\n<td style=\"height: 96px;\" rowspan=\"3\" width=\"137\"><strong>Specializarea\/Programul de studii universitare de licen\u0163\u0103<\/strong><\/td>\n<td style=\"height: 96px;\" rowspan=\"3\" width=\"44\"><strong>Limba de predare<\/strong><\/td>\n<td style=\"height: 96px;\" rowspan=\"3\" width=\"64\"><strong>Forma de invatamant<\/strong><\/td>\n<td style=\"height: 96px;\" rowspan=\"3\" width=\"40\"><strong>Numar credite<\/strong><\/td>\n<td style=\"height: 24px;\" colspan=\"4\" width=\"187\"><strong>Numar locuri<\/strong><\/td>\n<\/tr>\n<tr style=\"height: 48px;\">\n<td style=\"height: 48px;\" colspan=\"2\" width=\"104\"><strong>Romani,UE,SEE<\/strong><\/td>\n<td style=\"height: 48px;\" colspan=\"2\" width=\"78\"><strong>Romani de pretutindeni<\/strong><\/td>\n<\/tr>\n<tr style=\"height: 24px;\">\n<td style=\"height: 24px;\" width=\"71\"><strong>Buget<\/strong><\/td>\n<td style=\"height: 24px;\" width=\"27\"><strong>Taxa<\/strong><\/td>\n<td style=\"height: 24px;\" width=\"45\"><strong>Buget<\/strong><\/td>\n<td style=\"height: 24px;\" width=\"27\"><strong>Taxa<\/strong><\/td>\n<\/tr>\n<tr style=\"height: 24px;\">\n<td style=\"height: 228px;\" rowspan=\"3\" width=\"54\">Fizic\u0103<\/td>\n<td style=\"height: 24px;\" width=\"137\">Fizic\u0103<\/td>\n<td style=\"height: 24px;\" width=\"44\">Romana<\/td>\n<td style=\"height: 24px;\" width=\"64\">IF<\/td>\n<td style=\"height: 24px;\" width=\"40\">180<\/td>\n<td style=\"height: 228px;\" rowspan=\"3\" width=\"71\">6<\/p>\n<p>(2 protec\u021bie social\u0103,<br \/>\n2 rural,<br \/>\n1 rromi,<br \/>\n1 cerin\u021be educa\u021bionale speciale)<\/td>\n<td style=\"height: 228px;\" rowspan=\"3\" width=\"27\">40<\/td>\n<td style=\"height: 228px;\" rowspan=\"3\" width=\"45\">2 (cu burs\u0103)<br \/>\n6 (f\u0103r\u0103 burs\u0103)<\/td>\n<td style=\"height: 228px;\" rowspan=\"3\" width=\"27\">10<\/td>\n<\/tr>\n<tr style=\"height: 48px;\">\n<td style=\"height: 48px;\" width=\"137\"><em>Fizic\u0103 informatic\u0103<\/em><br \/>\n<em>(4 locuri, tax\u0103)<\/em><\/td>\n<td style=\"height: 48px;\" width=\"44\">Romana<\/td>\n<td style=\"height: 48px;\" width=\"64\">IF<\/td>\n<td style=\"height: 48px;\" width=\"40\">180<\/td>\n<\/tr>\n<tr style=\"height: 156px;\">\n<td style=\"height: 156px;\" width=\"137\">Fizic\u0103 medical\u0103<\/td>\n<td style=\"height: 156px;\" width=\"44\">Romana<\/td>\n<td style=\"height: 156px;\" width=\"64\">IF<\/td>\n<td style=\"height: 156px;\" width=\"40\">180<\/td>\n<\/tr>\n<\/tbody>\n<\/table>\n<p>&nbsp;<\/p>\n<p>&nbsp;<\/p>\n<table style=\"font-weight: 400;\">\n<tbody>\n<tr>\n<td style=\"width: 13.069908814589665%;\" rowspan=\"3\" width=\"73\"><strong>Domeniul de licen\u0163\u0103<\/strong><\/td>\n<td style=\"width: 32.066869300911854%;\" rowspan=\"3\" width=\"181\"><strong>Specializarea\/Programul de studii universitare de licen\u0163\u0103<\/strong><\/td>\n<td style=\"width: 10.638297872340425%;\" rowspan=\"3\" width=\"59\"><strong>Limba de predare<\/strong><\/td>\n<td style=\"width: 14.893617021276595%;\" rowspan=\"3\" width=\"84\"><strong>Forma de invatamant<\/strong><\/td>\n<td style=\"width: 9.422492401215806%;\" rowspan=\"3\" width=\"53\"><strong>Numar credite<\/strong><\/td>\n<td style=\"width: 73.89846995885802%;\" colspan=\"2\" width=\"190\"><strong>Numar locuri<\/strong><\/td>\n<\/tr>\n<tr>\n<td style=\"width: 73.89846995885802%;\" colspan=\"2\" width=\"190\"><strong>Romani de pretutindeni<\/strong><\/td>\n<\/tr>\n<tr>\n<td style=\"width: 8.662613981762918%;\" width=\"101\"><strong>Buget<\/strong><\/td>\n<td style=\"width: 65.2358559770951%;\" width=\"87\"><strong>Taxa<\/strong><\/td>\n<\/tr>\n<tr>\n<td style=\"width: 13.069908814589665%;\" rowspan=\"2\" width=\"73\">\u015etiin\u0163e inginere\u015fti aplicate<\/td>\n<td style=\"width: 32.066869300911854%;\" rowspan=\"2\" width=\"181\">Fizic\u0103 tehnologic\u0103 (B\u0103l\u021bi)<\/td>\n<td style=\"width: 10.638297872340425%;\" rowspan=\"2\" width=\"59\">Romana<\/td>\n<td style=\"width: 14.893617021276595%;\" rowspan=\"2\" width=\"84\">IF<\/td>\n<td style=\"width: 9.422492401215806%;\" rowspan=\"2\" width=\"53\">240<\/td>\n<td style=\"width: 8.662613981762918%;\" rowspan=\"2\" width=\"101\">11 (cu burs\u0103)<\/td>\n<td style=\"width: 65.2358559770951%;\" rowspan=\"2\" width=\"87\">0<\/td>\n<\/tr>\n<\/tbody>\n<\/table>\n<p style=\"font-weight: 400;\">\n","protected":false},"excerpt":{"rendered":"<p>&nbsp; Domeniul de licen\u0163\u0103 Specializarea\/Programul de studii universitare de licen\u0163\u0103 Limba de predare Forma de invatamant Numar credite Numar locuri Romani,UE,SEE Romani de pretutindeni Buget Taxa Buget Taxa Fizic\u0103 Fizic\u0103 Romana IF 180 6 (2 protec\u021bie social\u0103, 2 rural, 1 rromi, 1 cerin\u021be educa\u021bionale speciale) 40 2 (cu burs\u0103) 6 (f\u0103r\u0103 burs\u0103) 10 Fizic\u0103 informatic\u0103 (4 locuri, tax\u0103)\u2026 <span class=\"read-more\"><a href=\"https:\/\/www.phys.uaic.ro\/old\/index.php\/numarul-de-locuri-admitere-licenta-septembrie-2022\/\">Read More &raquo;<\/a><\/span><\/p>\n","protected":false},"author":3,"featured_media":0,"parent":0,"menu_order":0,"comment_status":"closed","ping_status":"closed","template":"page-templates\/full-width.php","meta":{"footnotes":""},"class_list":["post-17287","page","type-page","status-publish","hentry"],"_links":{"self":[{"href":"https:\/\/www.phys.uaic.ro\/old\/index.php\/wp-json\/wp\/v2\/pages\/17287","targetHints":{"allow":["GET"]}}],"collection":[{"href":"https:\/\/www.phys.uaic.ro\/old\/index.php\/wp-json\/wp\/v2\/pages"}],"about":[{"href":"https:\/\/www.phys.uaic.ro\/old\/index.php\/wp-json\/wp\/v2\/types\/page"}],"author":[{"embeddable":true,"href":"https:\/\/www.phys.uaic.ro\/old\/index.php\/wp-json\/wp\/v2\/users\/3"}],"replies":[{"embeddable":true,"href":"https:\/\/www.phys.uaic.ro\/old\/index.php\/wp-json\/wp\/v2\/comments?post=17287"}],"version-history":[{"count":0,"href":"https:\/\/www.phys.uaic.ro\/old\/index.php\/wp-json\/wp\/v2\/pages\/17287\/revisions"}],"wp:attachment":[{"href":"https:\/\/www.phys.uaic.ro\/old\/index.php\/wp-json\/wp\/v2\/media?parent=17287"}],"curies":[{"name":"wp","href":"https:\/\/api.w.org\/{rel}","templated":true}]}}