{"id":17322,"date":"2022-08-26T11:40:25","date_gmt":"2022-08-26T08:40:25","guid":{"rendered":"https:\/\/www.phys.uaic.ro\/?page_id=17322"},"modified":"2022-08-26T11:41:30","modified_gmt":"2022-08-26T08:41:30","slug":"anunt-privind-pre-sustinerea-in-fata-comisiei-de-indrumare-a-tezei-de-doctorat-a-drd-punga-ioana-luciana-pe-30-08-2022","status":"publish","type":"page","link":"https:\/\/www.phys.uaic.ro\/old\/index.php\/anunt-privind-pre-sustinerea-in-fata-comisiei-de-indrumare-a-tezei-de-doctorat-a-drd-punga-ioana-luciana-pe-30-08-2022\/","title":{"rendered":"Anun\u021b privind pre-sus\u021binerea, \u00een fa\u021ba comisiei de \u00eendrumare, a tezei de doctorat a drd. PUNG\u0102 Ioana-Luciana pe 30.08.2022"},"content":{"rendered":"<p style=\"font-weight: 400;\">La data de <strong>30.08.2022<\/strong>, \u00eencep\u00e2nd cu ora\u00a0<strong>11<sup>00<\/sup><\/strong>, \u00een\u00a0<strong>Laboratorul de Fizica Solidului<\/strong>\u00a0 va avea loc sus\u021binerea, \u00een fa\u021ba comisiei de \u00eendrumare, a tezei de doctorat cu titlul:<\/p>\n<p style=\"font-weight: 400; text-align: center;\">\u201c<strong><em>STRATURI SUB\u021aIRI \u0218I NANOCOMPOZITE PENTRU APLICA\u021aII AVANSATE<\/em><\/strong>\u201d,<\/p>\n<p style=\"font-weight: 400;\">prezentat\u0103 de doctoranda <strong>Ioana-Luciana Pung\u0103 (c\u0103s. Surugiu)<\/strong>,\u00a0sub \u00eendrumarea\u00a0<strong>prof. univ. dr. Felicia IACOMI<\/strong><strong>.<\/strong><\/p>\n","protected":false},"excerpt":{"rendered":"<p>La data de 30.08.2022, \u00eencep\u00e2nd cu ora\u00a01100, \u00een\u00a0Laboratorul de Fizica Solidului\u00a0 va avea loc sus\u021binerea, \u00een fa\u021ba comisiei de \u00eendrumare, a tezei de doctorat cu titlul: \u201cSTRATURI SUB\u021aIRI \u0218I NANOCOMPOZITE PENTRU APLICA\u021aII AVANSATE\u201d, prezentat\u0103 de doctoranda Ioana-Luciana Pung\u0103 (c\u0103s. Surugiu),\u00a0sub \u00eendrumarea\u00a0prof. univ. dr. Felicia IACOMI.<\/p>\n","protected":false},"author":3,"featured_media":0,"parent":0,"menu_order":0,"comment_status":"closed","ping_status":"closed","template":"","meta":{"footnotes":""},"class_list":["post-17322","page","type-page","status-publish","hentry"],"_links":{"self":[{"href":"https:\/\/www.phys.uaic.ro\/old\/index.php\/wp-json\/wp\/v2\/pages\/17322","targetHints":{"allow":["GET"]}}],"collection":[{"href":"https:\/\/www.phys.uaic.ro\/old\/index.php\/wp-json\/wp\/v2\/pages"}],"about":[{"href":"https:\/\/www.phys.uaic.ro\/old\/index.php\/wp-json\/wp\/v2\/types\/page"}],"author":[{"embeddable":true,"href":"https:\/\/www.phys.uaic.ro\/old\/index.php\/wp-json\/wp\/v2\/users\/3"}],"replies":[{"embeddable":true,"href":"https:\/\/www.phys.uaic.ro\/old\/index.php\/wp-json\/wp\/v2\/comments?post=17322"}],"version-history":[{"count":0,"href":"https:\/\/www.phys.uaic.ro\/old\/index.php\/wp-json\/wp\/v2\/pages\/17322\/revisions"}],"wp:attachment":[{"href":"https:\/\/www.phys.uaic.ro\/old\/index.php\/wp-json\/wp\/v2\/media?parent=17322"}],"curies":[{"name":"wp","href":"https:\/\/api.w.org\/{rel}","templated":true}]}}