{"id":17327,"date":"2022-08-26T14:12:43","date_gmt":"2022-08-26T11:12:43","guid":{"rendered":"https:\/\/www.phys.uaic.ro\/?page_id=17327"},"modified":"2022-09-09T11:24:12","modified_gmt":"2022-09-09T08:24:12","slug":"admitere-licenta-septembrie-2022","status":"publish","type":"page","link":"https:\/\/www.phys.uaic.ro\/old\/index.php\/admitere-licenta-septembrie-2022\/","title":{"rendered":"Admitere licen\u021b\u0103 septembrie 2022"},"content":{"rendered":"<h3>Rezultate admitere<\/h3>\n<p><a href=\"https:\/\/www.phys.uaic.ro\/old\/wp-content\/uploads\/2022\/09\/licenta-iasi.pdf\">Rezultatele concursului de admitere pentru studii de licen\u021b\u0103 rom\u00e2ni, UE, SEE\u00a0<\/a><\/p>\n<p><a href=\"https:\/\/www.phys.uaic.ro\/old\/wp-content\/uploads\/2022\/09\/licenta-Romani-de-pretutindeni.pdf\">Rezultatele concursului de admitere pentru studii de licen\u021b\u0103 rom\u00e2ni de pretutindeni<\/a><\/p>\n<p><a href=\"https:\/\/www.phys.uaic.ro\/old\/wp-content\/uploads\/2022\/09\/licenta-balti.pdf\">Rezultatele concursului de admitere pentru studii de licen\u021b\u0103 rom\u00e2ni de pretutindeni &#8211; Extensiunea B\u0103l\u021bi<\/a><\/p>\n<h3><strong>Perioada admiterii<\/strong><\/h3>\n<ul>\n<li><b>\u00censcriere \u0219i depunerea dosarelor<\/b>: 5-7 septembrie 2022 (online si secretariatul facult\u0103\u021bii)<\/li>\n<li><b>Selec\u021bia candida\u021bilor \u0219i afi\u0219area rezultatelor<\/b>: 8-9 septembrie 2022<\/li>\n<\/ul>\n<p>&nbsp;<\/p>\n<p>Deschide\u0163i pagina<em> <a href=\"https:\/\/eadmitere.uaic.ro\/auth\/login?return=%2Fcandidat\" target=\"_blank\" rel=\"noopener\">http:\/\/inscriere.uaic.ro\/SitePages\/Home.aspx<\/a> <\/em>de pe site-ul universit\u0103\u021bii \u015fi urma\u0163i instruc\u0163iunile de admitere \u00eensemn\u00e2nd achitarea taxei de admitere, scanarea (fotocopierea) actelor necesare si trimiterea lor \u00een contul creat. Informa\u0163ii suplimentare pute\u0163i primi la <em>fizica@uaic.ro<\/em>.<\/p>\n<p><a href=\"https:\/\/www.phys.uaic.ro\/old\/index.php\/numarul-de-locuri-admitere-licenta-septembrie-2022\/\" target=\"_blank\" rel=\"noopener\">Num\u0103rul de locuri<\/a><\/p>\n<p><a href=\"https:\/\/www.phys.uaic.ro\/old\/?page_id=16378&amp;preview=true\" target=\"_blank\" rel=\"noopener\">Condi\u021bii de admitere \u0219i taxe<\/a><\/p>\n<p><a href=\"https:\/\/www.phys.uaic.ro\/old\/?page_id=16388&amp;preview=true\" target=\"_blank\" rel=\"noopener\">Actele necesare<\/a><\/p>\n<p>&nbsp;<\/p>\n<p><b>Informa\u021bii<\/b> despre admitere:<\/p>\n<ul>\n<li style=\"list-style-type: none;\">\n<ul>\n<li>Tel: 0232 201050<\/li>\n<li>E-mail: fizica@uaic.ro<\/li>\n<li>Site-ul Facult\u0103\u021bii de Fizic\u0103: <a href=\"https:\/\/www.phys.uaic.ro\/old\" target=\"_blank\" rel=\"noopener\">https:\/\/www.phys.uaic.ro\/old<\/a><\/li>\n<li>Site-ul universit\u0103\u021bii dedicat admiterii: <a href=\"http:\/\/admitere.uaic.ro\/\" target=\"_blank\" rel=\"noopener\">http:\/\/admitere.uaic.ro\/<\/a><\/li>\n<\/ul>\n<\/li>\n<\/ul>\n<p>&nbsp;<\/p>\n","protected":false},"excerpt":{"rendered":"<p>Rezultate admitere Rezultatele concursului de admitere pentru studii de licen\u021b\u0103 rom\u00e2ni, UE, SEE\u00a0 Rezultatele concursului de admitere pentru studii de licen\u021b\u0103 rom\u00e2ni de pretutindeni Rezultatele concursului de admitere pentru studii de licen\u021b\u0103 rom\u00e2ni de pretutindeni &#8211; Extensiunea B\u0103l\u021bi Perioada admiterii \u00censcriere \u0219i depunerea dosarelor: 5-7 septembrie 2022 (online si secretariatul facult\u0103\u021bii) Selec\u021bia candida\u021bilor \u0219i afi\u0219area rezultatelor: 8-9 septembrie\u2026 <span class=\"read-more\"><a href=\"https:\/\/www.phys.uaic.ro\/old\/index.php\/admitere-licenta-septembrie-2022\/\">Read More &raquo;<\/a><\/span><\/p>\n","protected":false},"author":5,"featured_media":0,"parent":0,"menu_order":0,"comment_status":"closed","ping_status":"closed","template":"","meta":{"footnotes":""},"class_list":["post-17327","page","type-page","status-publish","hentry"],"_links":{"self":[{"href":"https:\/\/www.phys.uaic.ro\/old\/index.php\/wp-json\/wp\/v2\/pages\/17327","targetHints":{"allow":["GET"]}}],"collection":[{"href":"https:\/\/www.phys.uaic.ro\/old\/index.php\/wp-json\/wp\/v2\/pages"}],"about":[{"href":"https:\/\/www.phys.uaic.ro\/old\/index.php\/wp-json\/wp\/v2\/types\/page"}],"author":[{"embeddable":true,"href":"https:\/\/www.phys.uaic.ro\/old\/index.php\/wp-json\/wp\/v2\/users\/5"}],"replies":[{"embeddable":true,"href":"https:\/\/www.phys.uaic.ro\/old\/index.php\/wp-json\/wp\/v2\/comments?post=17327"}],"version-history":[{"count":0,"href":"https:\/\/www.phys.uaic.ro\/old\/index.php\/wp-json\/wp\/v2\/pages\/17327\/revisions"}],"wp:attachment":[{"href":"https:\/\/www.phys.uaic.ro\/old\/index.php\/wp-json\/wp\/v2\/media?parent=17327"}],"curies":[{"name":"wp","href":"https:\/\/api.w.org\/{rel}","templated":true}]}}