{"id":17427,"date":"2022-09-02T14:40:05","date_gmt":"2022-09-02T11:40:05","guid":{"rendered":"https:\/\/www.phys.uaic.ro\/?page_id=17427"},"modified":"2022-09-02T15:56:55","modified_gmt":"2022-09-02T12:56:55","slug":"sustinerea-tezei-de-doctorat-a-drd-gavrilut-n-gabriel-pe-23-09-2022","status":"publish","type":"page","link":"https:\/\/www.phys.uaic.ro\/old\/index.php\/sustinerea-tezei-de-doctorat-a-drd-gavrilut-n-gabriel-pe-23-09-2022\/","title":{"rendered":"Sus\u021binerea tezei de doctorat a drd. GAVRILU\u0162 N. GABRIEL pe 23.09.2022"},"content":{"rendered":"<p><span style=\"color: #ff0000;\"><a style=\"color: #ff0000;\" href=\"https:\/\/www.phys.uaic.ro\/old\/wp-content\/uploads\/2022\/09\/anunt_GAVRILUT.pdf\"><em>Anun\u021bul sus\u021binerii publice<\/em><\/a><\/span><\/p>\n<p>La data de 23.09.2022, ora 13:00, \u00een sala L1, dl. GAVRILU\u0162 N. GABRIEL va sus\u0163ine, \u00een \u015fedin\u0163\u0103 public\u0103, teza de doctorat cu titlul<\/p>\n<p><strong><em>IMPLICA\u0162II ALE TEORIEI M\u0102SURII \u00ceN DESCRIEREA DINAMICILOR SISTEMELOR FIZICE<\/em><\/strong><\/p>\n<p>\u00een vederea ob\u0163inerii titlului \u015ftiin\u0163ific de doctor \u00een domeniul FIZIC\u0102.<\/p>\n<p>GAVRILU\u0162 N. GABRIEL [ <a href=\"https:\/\/www.phys.uaic.ro\/old\/wp-content\/uploads\/2022\/09\/doc1-CV-septembrie-GAVRILUT.pdf\">CV<\/a> ]<\/p>\n<p>&nbsp;<\/p>\n<p>Comisia de doctorat are urm\u0103toarea componen\u0163\u0103:<\/p>\n<ul>\n<li><b>Pre\u015fedinte<\/b>:\n<ul>\n<li>Prof. univ. dr. Diana Mihaela MARDARE, Universitatea &#8222;Alexandru Ioan Cuza&#8221; din Ia\u0219i [ <a href=\"https:\/\/www.phys.uaic.ro\/old\/wp-content\/uploads\/2022\/05\/MARDARE_Diana_CV_RO.pdf\">CV<\/a> ]<\/li>\n<\/ul>\n<\/li>\n<\/ul>\n<ul>\n<li><b>Conduc\u0103tor \u015ftiin\u0163ific<\/b>:\n<ul>\n<li>Prof. univ. dr. Maricel AGOP, Universitatea &#8222;Alexandru Ioan Cuza&#8221; din Ia\u0219i [ <a href=\"https:\/\/www.phys.uaic.ro\/old\/wp-content\/uploads\/2022\/03\/CV-2021-AGOP-engl.pdf\">CV<\/a> ]<\/li>\n<\/ul>\n<\/li>\n<\/ul>\n<ul>\n<li><b>Referen\u0163i<\/b>:\n<ul>\n<li>Prof. univ. dr. Dumitru VULCANOV,\u00a0 Universitatea de Vest din Timi\u0219oara [ <a href=\"https:\/\/www.phys.uaic.ro\/old\/wp-content\/uploads\/2022\/09\/CV_Vulcanov-Dumitru.pdf\">CV<\/a> ]<\/li>\n<li>Prof. univ. dr. Viorel-Puiu P\u0102UN, Universitatea &#8222;Politehnica&#8221; din Bucure\u0219ti [ <a href=\"https:\/\/www.phys.uaic.ro\/old\/wp-content\/uploads\/2022\/09\/Viorel-Puiu_PAUN_CV_SDSA_2020.pdf\">CV<\/a> ]<\/li>\n<li>Conf. univ. dr. Anca CROITORU, Universitatea &#8222;Alexandru Ioan Cuza&#8221; din Ia\u0219i [<a href=\"https:\/\/www.phys.uaic.ro\/old\/wp-content\/uploads\/2022\/09\/CV-Anca-Croitoru.pdf\"> CV<\/a> ]<\/li>\n<\/ul>\n<\/li>\n<\/ul>\n<p>&nbsp;<\/p>\n<p>Teza poate fi consultat\u0103 la Biblioteca Facult\u0103\u0163ii de Fizic\u0103.<\/p>\n<ul>\n<li><a href=\"https:\/\/www.phys.uaic.ro\/old\/wp-content\/uploads\/2022\/09\/rezumat_GAVRILUT.pdf\"><em>Rezumatul tezei de doctorat<\/em><\/a><\/li>\n<\/ul>\n","protected":false},"excerpt":{"rendered":"<p>Anun\u021bul sus\u021binerii publice La data de 23.09.2022, ora 13:00, \u00een sala L1, dl. GAVRILU\u0162 N. GABRIEL va sus\u0163ine, \u00een \u015fedin\u0163\u0103 public\u0103, teza de doctorat cu titlul IMPLICA\u0162II ALE TEORIEI M\u0102SURII \u00ceN DESCRIEREA DINAMICILOR SISTEMELOR FIZICE \u00een vederea ob\u0163inerii titlului \u015ftiin\u0163ific de doctor \u00een domeniul FIZIC\u0102. GAVRILU\u0162 N. GABRIEL [ CV ] &nbsp; Comisia de doctorat are urm\u0103toarea componen\u0163\u0103:\u2026 <span class=\"read-more\"><a href=\"https:\/\/www.phys.uaic.ro\/old\/index.php\/sustinerea-tezei-de-doctorat-a-drd-gavrilut-n-gabriel-pe-23-09-2022\/\">Read More &raquo;<\/a><\/span><\/p>\n","protected":false},"author":4,"featured_media":0,"parent":0,"menu_order":0,"comment_status":"closed","ping_status":"closed","template":"","meta":{"footnotes":""},"class_list":["post-17427","page","type-page","status-publish","hentry"],"_links":{"self":[{"href":"https:\/\/www.phys.uaic.ro\/old\/index.php\/wp-json\/wp\/v2\/pages\/17427","targetHints":{"allow":["GET"]}}],"collection":[{"href":"https:\/\/www.phys.uaic.ro\/old\/index.php\/wp-json\/wp\/v2\/pages"}],"about":[{"href":"https:\/\/www.phys.uaic.ro\/old\/index.php\/wp-json\/wp\/v2\/types\/page"}],"author":[{"embeddable":true,"href":"https:\/\/www.phys.uaic.ro\/old\/index.php\/wp-json\/wp\/v2\/users\/4"}],"replies":[{"embeddable":true,"href":"https:\/\/www.phys.uaic.ro\/old\/index.php\/wp-json\/wp\/v2\/comments?post=17427"}],"version-history":[{"count":0,"href":"https:\/\/www.phys.uaic.ro\/old\/index.php\/wp-json\/wp\/v2\/pages\/17427\/revisions"}],"wp:attachment":[{"href":"https:\/\/www.phys.uaic.ro\/old\/index.php\/wp-json\/wp\/v2\/media?parent=17427"}],"curies":[{"name":"wp","href":"https:\/\/api.w.org\/{rel}","templated":true}]}}