{"id":17473,"date":"2022-09-05T14:10:49","date_gmt":"2022-09-05T11:10:49","guid":{"rendered":"https:\/\/www.phys.uaic.ro\/?page_id=17473"},"modified":"2022-09-05T14:12:44","modified_gmt":"2022-09-05T11:12:44","slug":"anunt-privind-sustinerea-raportului-de-cercetare-a-drd-ciobanu-roxana-pe-07-09-2022","status":"publish","type":"page","link":"https:\/\/www.phys.uaic.ro\/old\/index.php\/anunt-privind-sustinerea-raportului-de-cercetare-a-drd-ciobanu-roxana-pe-07-09-2022\/","title":{"rendered":"Anun\u021b privind sus\u021binerea raportului de cercetare a drd. CIOBANU Roxana pe 07.09.2022"},"content":{"rendered":"<p>La data de <strong>07 Septembrie 2022<\/strong>, \u00eencep\u00e2nd cu ora <strong>10:00<\/strong>, \u00een <strong>Laboratorul de Fizica Plasmei, <\/strong>et. 1, va avea loc sus\u021binerea public\u0103 a raportului de cercetare cu titlul <strong>\u201c<em>EXPUNEREA MATERIALELOR DE INTERES BIOMEDICAL LA RADIA\u0162II<\/em>\u201d <\/strong>prezentat de studenta-doctorand\u0103 <strong>CIOBANU Roxana<\/strong>, sub \u00eendrumarea <strong>prof. univ. dr. habil. Gabriela BORCIA.<\/strong><\/p>\n","protected":false},"excerpt":{"rendered":"<p>La data de 07 Septembrie 2022, \u00eencep\u00e2nd cu ora 10:00, \u00een Laboratorul de Fizica Plasmei, et. 1, va avea loc sus\u021binerea public\u0103 a raportului de cercetare cu titlul \u201cEXPUNEREA MATERIALELOR DE INTERES BIOMEDICAL LA RADIA\u0162II\u201d prezentat de studenta-doctorand\u0103 CIOBANU Roxana, sub \u00eendrumarea prof. univ. dr. habil. Gabriela BORCIA.<\/p>\n","protected":false},"author":4,"featured_media":0,"parent":0,"menu_order":0,"comment_status":"closed","ping_status":"closed","template":"","meta":{"footnotes":""},"class_list":["post-17473","page","type-page","status-publish","hentry"],"_links":{"self":[{"href":"https:\/\/www.phys.uaic.ro\/old\/index.php\/wp-json\/wp\/v2\/pages\/17473","targetHints":{"allow":["GET"]}}],"collection":[{"href":"https:\/\/www.phys.uaic.ro\/old\/index.php\/wp-json\/wp\/v2\/pages"}],"about":[{"href":"https:\/\/www.phys.uaic.ro\/old\/index.php\/wp-json\/wp\/v2\/types\/page"}],"author":[{"embeddable":true,"href":"https:\/\/www.phys.uaic.ro\/old\/index.php\/wp-json\/wp\/v2\/users\/4"}],"replies":[{"embeddable":true,"href":"https:\/\/www.phys.uaic.ro\/old\/index.php\/wp-json\/wp\/v2\/comments?post=17473"}],"version-history":[{"count":0,"href":"https:\/\/www.phys.uaic.ro\/old\/index.php\/wp-json\/wp\/v2\/pages\/17473\/revisions"}],"wp:attachment":[{"href":"https:\/\/www.phys.uaic.ro\/old\/index.php\/wp-json\/wp\/v2\/media?parent=17473"}],"curies":[{"name":"wp","href":"https:\/\/api.w.org\/{rel}","templated":true}]}}