{"id":17501,"date":"2022-09-09T10:53:01","date_gmt":"2022-09-09T07:53:01","guid":{"rendered":"https:\/\/www.phys.uaic.ro\/?page_id=17501"},"modified":"2025-07-22T11:15:07","modified_gmt":"2025-07-22T08:15:07","slug":"conf-univ-dr-habil-loredana-cristina-mereuta-admitere-doctorat","status":"publish","type":"page","link":"https:\/\/www.phys.uaic.ro\/old\/index.php\/conf-univ-dr-habil-loredana-cristina-mereuta-admitere-doctorat\/","title":{"rendered":"Conf. univ. dr. habil. Loredana-Cristina MEREU\u021a\u0102 &#8211; admitere doctorat"},"content":{"rendered":"<p><strong>Tematica admiterii la doctorat:<\/strong><\/p>\n<ol>\n<li>Descrierea analitic\u0103 a transportului ionic prin membrane selective ionic. Ecua\u021bia lui Nernst.<\/li>\n<li>Evaluarea experimental\u0103 a rezisten\u021bei \u0219i capacit\u0103\u021bii electrice a unei membrane lipidice reconstituite.<\/li>\n<li>Elemente de structur\u0103 \u0219i func\u021bie a aminoacizilor. Descrierea efectelor de protonare reversibil\u0103 a aminoacizilor acidici \u0219i bazici. Ecua\u021bia Henderson-Hasselbalch.<\/li>\n<li>Manifest\u0103ri electrice ale membranelor biologice.<\/li>\n<li>Abordarea experimental\u0103 a m\u0103sur\u0103torilor de curent electric \u00een sisteme biologice.<\/li>\n<\/ol>\n<p><strong>\u00a0<\/strong><\/p>\n<p><strong>Bibliografie<\/strong><\/p>\n<ol>\n<li>L. Mereuta \u2013\u00a0<em>Metode Actuale \u00een Biofizica Molecular\u0103<\/em>, Alexandru Ioan Cuza University Publishing House, Ia\u0219i, 2017<\/li>\n<li>T. Luchian \u2013\u00a0<em>Electrofiziologie molecular\u0103. Teorie \u0219i aplica\u021bii<\/em>, Sedcom Libris, Ia\u0219i, 2006<\/li>\n<li><em>Molecular Cell Biology<\/em>\u00a0(3rd edition), 1995. Lodish, H., Baltimore, D., Berk, A., Zipursky, S. L., Matsudaira, P., Darnell, J. W. H. Freeman and Company, New York<\/li>\n<li><em>Molecular and Cellular Biophysics<\/em>, 2006, Meyer B. Jackson, Cambridge University Press<\/li>\n<li><em>Physical Chemistry<\/em>\u00a07ed, by Peter Atkins &amp; Julio de Paula<\/li>\n<\/ol>\n","protected":false},"excerpt":{"rendered":"<p>Tematica admiterii la doctorat: Descrierea analitic\u0103 a transportului ionic prin membrane selective ionic. Ecua\u021bia lui Nernst. Evaluarea experimental\u0103 a rezisten\u021bei \u0219i capacit\u0103\u021bii electrice a unei membrane lipidice reconstituite. Elemente de structur\u0103 \u0219i func\u021bie a aminoacizilor. Descrierea efectelor de protonare reversibil\u0103 a aminoacizilor acidici \u0219i bazici. Ecua\u021bia Henderson-Hasselbalch. Manifest\u0103ri electrice ale membranelor biologice. Abordarea experimental\u0103 a m\u0103sur\u0103torilor de curent\u2026 <span class=\"read-more\"><a href=\"https:\/\/www.phys.uaic.ro\/old\/index.php\/conf-univ-dr-habil-loredana-cristina-mereuta-admitere-doctorat\/\">Read More &raquo;<\/a><\/span><\/p>\n","protected":false},"author":4,"featured_media":0,"parent":0,"menu_order":0,"comment_status":"closed","ping_status":"closed","template":"","meta":{"footnotes":""},"class_list":["post-17501","page","type-page","status-publish","hentry"],"_links":{"self":[{"href":"https:\/\/www.phys.uaic.ro\/old\/index.php\/wp-json\/wp\/v2\/pages\/17501","targetHints":{"allow":["GET"]}}],"collection":[{"href":"https:\/\/www.phys.uaic.ro\/old\/index.php\/wp-json\/wp\/v2\/pages"}],"about":[{"href":"https:\/\/www.phys.uaic.ro\/old\/index.php\/wp-json\/wp\/v2\/types\/page"}],"author":[{"embeddable":true,"href":"https:\/\/www.phys.uaic.ro\/old\/index.php\/wp-json\/wp\/v2\/users\/4"}],"replies":[{"embeddable":true,"href":"https:\/\/www.phys.uaic.ro\/old\/index.php\/wp-json\/wp\/v2\/comments?post=17501"}],"version-history":[{"count":0,"href":"https:\/\/www.phys.uaic.ro\/old\/index.php\/wp-json\/wp\/v2\/pages\/17501\/revisions"}],"wp:attachment":[{"href":"https:\/\/www.phys.uaic.ro\/old\/index.php\/wp-json\/wp\/v2\/media?parent=17501"}],"curies":[{"name":"wp","href":"https:\/\/api.w.org\/{rel}","templated":true}]}}