{"id":17594,"date":"2022-09-19T09:19:26","date_gmt":"2022-09-19T06:19:26","guid":{"rendered":"https:\/\/www.phys.uaic.ro\/?page_id=17594"},"modified":"2025-01-23T11:44:20","modified_gmt":"2025-01-23T09:44:20","slug":"informatii-privind-admiterea-la-programele-postdoctorale-de-cercetare-avansata-organizate-in-cadrul-universitatii-alexandru-ioan-cuza-din-iasi-2019-2021-scoala","status":"publish","type":"page","link":"https:\/\/www.phys.uaic.ro\/old\/index.php\/informatii-privind-admiterea-la-programele-postdoctorale-de-cercetare-avansata-organizate-in-cadrul-universitatii-alexandru-ioan-cuza-din-iasi-2019-2021-scoala\/","title":{"rendered":"Informa\u021bii privind admiterea la Programele postdoctorale de cercetare avansat\u0103 organizate \u00een cadrul Universit\u0103\u021bii \u201eAlexandru Ioan Cuza\u201c din Ia\u0219i (2019 \u2013 2021) \u2013 \u0218coala doctoral\u0103 de Fizic\u0103"},"content":{"rendered":"<ol type=\"1\">\n<li>Concursul de admitere se desf\u0103\u0219oar\u0103 \u00een dou\u0103 etape:\n<ol type=\"a\">\n<li>etapa I: &#8211; evaluarea dosarului \u00een vederea stabilirii eligibilit\u0103\u021bii\/ neeligibilit\u0103\u021bii candidatului;<\/li>\n<li>etapa a II-a: &#8211; sus\u021binerea unui proiect de cercetare \u0219tiin\u021bific\u0103 \u00een fa\u021ba unei comisii de evaluare.<\/li>\n<\/ol>\n<\/li>\n<li>Fiecare candidat are la dispozi\u021bie maximum 20 minute pentru prezentarea proiectului de cercetare, dup\u0103 care membrii comisiei de evaluare pot pune \u00eentreb\u0103ri candidatului \u00een vederea clarific\u0103rii unor aspecte necesare evalu\u0103rii \u00een cele mai bune condi\u021bii a candidatului \u0219i a proiectului de cercetare.<\/li>\n<li>Comisia de evaluare stabile\u0219te punctajul ob\u021binut de fiecare candidat \u00een baza unei Grile de evaluare (Anexa 6 ).<\/li>\n<li>Ponderea fiec\u0103rui criteriu de evaluare \u00een punctajul total este urm\u0103toarea:\n<ul>\n<li>C.1. Preg\u0103tirea profesional\u0103 \u0219i rezultatele activit\u0103\u021bii \u0219tiin\u021bifice desf\u0103\u0219urate de candidat \u00een domeniul de cercetare vizat &#8211; 40%<\/li>\n<li>C.2. Calitatea proiectului de cercetare postdoctoral\u0103 &#8211; 30%<\/li>\n<li>C.3. Sus\u021binerea proiectului de cercetare \u00een fa\u021ba comisiei de evaluare, inclusiv calitatea r\u0103spunsurilor la \u00eentreb\u0103rile membrilor comisiei de evaluare &#8211; 30%.<\/li>\n<\/ul>\n<\/li>\n<li>Ocuparea locurilor finan\u021bate din venituri proprii ale IOSUD-UAIC \u0219i a celor cu tax\u0103 se realizeaz\u0103 \u00een ordinea descresc\u0103toare a mediilor de admitere ob\u021binute de c\u0103tre fiecare candidat.<\/li>\n<li>Media minim\u0103 de admitere la programele postdoctorale de cercetare avansat\u0103 este 8 (opt).<\/li>\n<li>La medii de admitere cu punctaje egale, departajarea se va realiza \u00een func\u021bie de media aritmetic\u0103 a punctajelor ob\u021binute pentru criteriul\u00a0C.1. <i>Preg\u0103tirea profesional\u0103 \u0219i rezultatele activit\u0103\u021bii \u0219tiin\u021bifice desf\u0103\u0219urate de candidat \u00een domeniul de cercetare vizat.<\/i><\/li>\n<li>Contesta\u021biile la concursul de admitere \u00een programele postdoctorale de cercetare avansat\u0103 se depun la secretariatul fiec\u0103rei \u0219coli doctorale \u00een max. 48 de ore de la momentul afi\u0219\u0103rii rezultatelor \u0219i\u00a0<i>se pot referi exclusiv la vicii de procedur\u0103<\/i>. Deciziile comisiilor de contesta\u021bii sunt definitive.<\/li>\n<li>Candida\u021bii admi\u0219i la programele postdoctorale de cercetare avansat\u0103 au obliga\u021bia s\u0103 confirme locul ocupat \u00een max. 48 de ore de la afi\u0219area rezultatelor finale, dup\u0103 cum urmeaz\u0103:\n<ul>\n<li>trebuie s\u0103 depun\u0103 diploma de doctor \u00een original, neprezentarea acesteia duc\u00e2nd la pierderea finan\u021b\u0103rii pentru locul ocupat<\/li>\n<li>trebuie s\u0103 achite cuantumul taxei de \u00eenmatriculare<\/li>\n<li>trebuie s\u0103 semneze contractul de cercetare postdoctoral\u0103<\/li>\n<\/ul>\n<\/li>\n<li>Cercet\u0103torii postdoctoranzi care au urmat sau urmeaz\u0103 un alt program postdoctoral de cercetare avansat\u0103 finan\u021bat din fonduri publice la Universitatea \u201eAlexandru Ioan Cuza\u201c din Ia\u0219i, pot fi \u00eenmatricula\u021bi doar la tax\u0103.<\/li>\n<li>Candida\u021bii admi\u0219i care nu confirm\u0103 ocuparea locurilor \u00een cursul perioadei prev\u0103zute \u00een calendarul admiterii pierd dreptul de \u00eenmatriculare.<\/li>\n<li>\u00cen func\u021bie de situa\u021bia confirm\u0103rilor, listele cu admi\u0219i pot fi completate cu candida\u021bii cu media de admitere mai mare de 8 (opt), dar declara\u021bi respin\u0219i \u00een prima faz\u0103, urm\u00e2nd o nou\u0103 perioad\u0103 de confirm\u0103ri pentru ace\u0219tia.<\/li>\n<li>Dup\u0103 \u00eenmatriculare se afi\u0219eaz\u0103 listele finale cu candida\u021bii declara\u021bi admi\u0219i \u0219i \u00eenmatricula\u021bi la programele postdoctorale de cercetare avansat\u0103 organizate \u00een cadrul IOSUD-UAIC.<\/li>\n<\/ol>\n<p>&nbsp;<\/p>\n<p>Calendarul desf\u0103\u0219ur\u0103rii procesului de selec\u021bie<\/p>\n<p>Locuri scoase la concurs \u00een sesiunea martie 2019<\/p>\n<ul>\n<li>Fi\u0219\u0103 de \u00eenscriere<\/li>\n<li>Declara\u021bie pe proprie r\u0103spundere<\/li>\n<li>Model proiect de cercetare postdoctoral\u0103<\/li>\n<\/ul>\n<p>Gril\u0103 de evaluare<\/p>\n<p>Recomand\u0103ri de completare a dosarului<\/p>\n<p>Temele de cercetare si mentorii<\/p>\n<p><b>ANUNT<\/b><\/p>\n<p><b>Proiectele de cercetare postdoctoral\u0103 vor fi sustinute s\u00e2mb\u0103t\u0103, 16.03.2019, \u00eencep\u00e2nd<br \/>\ncu ora 11.00, \u00een Laboratorul de Fizic\u0103 molecular\u0103.<\/b><\/p>\n<ul>\n<li>Lista concuren\u021bilor<\/li>\n<\/ul>\n<p>Componenta comisiei de evaluare \u0219i a comisiei de contesta\u021bii<\/p>\n<p>Rezultatele concursului de admitere 16 martie 2019<\/p>\n<p>Metodologia privind organizarea \u0219i desf\u0103\u0219urarea admiterii la Programele postdoctorale de cercetare avansat\u0103 organizate \u00een cadrul Universit\u0103\u021bii \u201eAlexandru Ioan Cuza\u201c din Ia\u0219i (2019-2021)<\/p>\n<p>Regulament privind organizarea \u0219i desf\u0103\u0219urarea admiterii la Programele postdoctorale de cercetare avansat\u0103 organizate \u00een cadrul Universit\u0103\u021bii \u201eAlexandru Ioan Cuza\u201c din Ia\u0219i<\/p>\n<h3><b>Informa\u021bii privind finalizarea Programelor postdoctorale de cercetare avansat\u0103 organizate \u00een cadrul Universit\u0103\u021bii \u201eAlexandru Ioan Cuza\u201c din Ia\u0219i (2019 \u2013 2021) \u2013 \u0218coala doctoral\u0103 de Fizic\u0103<\/b><\/h3>\n<p><b>Lista cercetatorilor postdoc<\/b> care finalizeaza Programul postdoctoral de cercetare avansat\u0103:<\/p>\n<ul>\n<li>B\u0103bu\u0219c\u0103 Daniela (mentor <a href=\"https:\/\/www.phys.uaic.ro\/old\/index.php\/organizare\/personal-didactic\/emilia-dorina-creanga\">Prof. Univ. Dr. habil. Emilia Dorina CREANG\u0102<\/a>)<\/li>\n<li>C\u0103lug\u0103ru Ana-Cezarina (c\u0103s. Moro\u0219anu) (mentor <a href=\"https:\/\/www.phys.uaic.ro\/old\/index.php\/organizare\/personal-didactic\/emilia-dorina-creanga\">Prof. Univ. Dr. habil. Emilia Dorina CREANG\u0102<\/a>)<\/li>\n<li>P\u0103durariu Leontin (mentor <a href=\"https:\/\/www.phys.uaic.ro\/old\/index.php\/organizare\/personal-didactic\/liliana-mitoseriu\">Prof. Univ. Dr. Liliana MITO\u0218ERIU<\/a>)<\/li>\n<\/ul>\n<p><b>Componenta comisiei de evaluare \u0219i a comisiei de contesta\u021bii<\/b><\/p>\n<ul>\n<li>Comisia de evaluare:\n<ul>\n<li>Presedinte\n<ul>\n<li><a href=\"https:\/\/www.phys.uaic.ro\/old\/index.php\/organizare\/personal-didactic\/diana-mihaela-mardare\">Prof. Univ. Dr. Diana Mihaela MARDARE<\/a><\/li>\n<\/ul>\n<\/li>\n<li>Membri\n<ul>\n<li><a href=\"https:\/\/www.phys.uaic.ro\/old\/index.php\/organizare\/personal-didactic\/liliana-mitoseriu\">Prof. Univ. Dr. Liliana MITO\u0218ERIU<\/a><\/li>\n<li><a href=\"https:\/\/www.phys.uaic.ro\/old\/index.php\/organizare\/personal-didactic\/emilia-dorina-creanga\">Prof. Univ. Dr. habil. Emilia Dorina CREANG\u0102<\/a><\/li>\n<li><a href=\"https:\/\/www.phys.uaic.ro\/old\/index.php\/organizare\/personal-didactic\/laurentiu-stoleriu\">Prof. Univ. Dr. habil. Lauren\u021biu STOLERIU<\/a><\/li>\n<\/ul>\n<\/li>\n<\/ul>\n<\/li>\n<li>Comisia de contestatii:\n<ul>\n<li><a href=\"https:\/\/www.phys.uaic.ro\/old\/index.php\/organizare\/personal-didactic\/liviu-leontie\">Prof. Univ. Dr. habil. Liviu LEONTIE<\/a><\/li>\n<li><a href=\"https:\/\/www.phys.uaic.ro\/old\/index.php\/organizare\/personal-didactic\/lucel-sirghi\">Prof. Univ. Dr. habil. Lucel S\u00ceRGHI<\/a><\/li>\n<li><a href=\"https:\/\/www.phys.uaic.ro\/old\/index.php\/organizare\/personal-didactic\/cristian-enachescu\">Prof. Univ. Dr. habil. Cristian EN\u0102CHESCU<\/a><\/li>\n<\/ul>\n<\/li>\n<\/ul>\n<p>Sustinerea lucrarilor finale din cadrul Programului postdoctoral de cercetare avansat\u0103 vor avea loc in fata comisiei de evaluare luni, 29.03.2021, incepand cu ora 14.00.<\/p>\n<p>Rezultatele la sustinerea lucr\u0103rii finale a programului postdoctoral de cercetare avansat\u0103 29.03.2021<\/p>\n<p><em><span style=\"color: #ff0000;\"><a style=\"color: #ff0000;\" href=\"http:\/\/www.phys.uaic.ro\/wp\/scoala-doctorala\/programe-postdoctorale-cercetare-avansata\/metodologie-finalizare-studii-postdoctorale-cercetare-avansata.pdf\">Metodologia privind finalizarea studiilor postdoctorale de cercetare avansata organizate \u00een cadrul Universit\u0103\u021bii \u201eAlexandru Ioan Cuza\u201c din Ia\u0219i (2021)<\/a>\u00a0<\/span><\/em><\/p>\n","protected":false},"excerpt":{"rendered":"<p>Concursul de admitere se desf\u0103\u0219oar\u0103 \u00een dou\u0103 etape: etapa I: &#8211; evaluarea dosarului \u00een vederea stabilirii eligibilit\u0103\u021bii\/ neeligibilit\u0103\u021bii candidatului; etapa a II-a: &#8211; sus\u021binerea unui proiect de cercetare \u0219tiin\u021bific\u0103 \u00een fa\u021ba unei comisii de evaluare. Fiecare candidat are la dispozi\u021bie maximum 20 minute pentru prezentarea proiectului de cercetare, dup\u0103 care membrii comisiei de evaluare pot pune \u00eentreb\u0103ri candidatului\u2026 <span class=\"read-more\"><a href=\"https:\/\/www.phys.uaic.ro\/old\/index.php\/informatii-privind-admiterea-la-programele-postdoctorale-de-cercetare-avansata-organizate-in-cadrul-universitatii-alexandru-ioan-cuza-din-iasi-2019-2021-scoala\/\">Read More &raquo;<\/a><\/span><\/p>\n","protected":false},"author":4,"featured_media":0,"parent":0,"menu_order":0,"comment_status":"closed","ping_status":"closed","template":"","meta":{"footnotes":""},"class_list":["post-17594","page","type-page","status-publish","hentry"],"_links":{"self":[{"href":"https:\/\/www.phys.uaic.ro\/old\/index.php\/wp-json\/wp\/v2\/pages\/17594","targetHints":{"allow":["GET"]}}],"collection":[{"href":"https:\/\/www.phys.uaic.ro\/old\/index.php\/wp-json\/wp\/v2\/pages"}],"about":[{"href":"https:\/\/www.phys.uaic.ro\/old\/index.php\/wp-json\/wp\/v2\/types\/page"}],"author":[{"embeddable":true,"href":"https:\/\/www.phys.uaic.ro\/old\/index.php\/wp-json\/wp\/v2\/users\/4"}],"replies":[{"embeddable":true,"href":"https:\/\/www.phys.uaic.ro\/old\/index.php\/wp-json\/wp\/v2\/comments?post=17594"}],"version-history":[{"count":0,"href":"https:\/\/www.phys.uaic.ro\/old\/index.php\/wp-json\/wp\/v2\/pages\/17594\/revisions"}],"wp:attachment":[{"href":"https:\/\/www.phys.uaic.ro\/old\/index.php\/wp-json\/wp\/v2\/media?parent=17594"}],"curies":[{"name":"wp","href":"https:\/\/api.w.org\/{rel}","templated":true}]}}