{"id":17643,"date":"2022-09-23T10:41:41","date_gmt":"2022-09-23T07:41:41","guid":{"rendered":"https:\/\/www.phys.uaic.ro\/?page_id=17643"},"modified":"2025-03-24T11:38:21","modified_gmt":"2025-03-24T09:38:21","slug":"informatii-privind-admiterea-la-programele-postdoctorale-de-cercetare-avansata-organizate-in-cadrul-universitatii-alexandru-ioan-cuza-din-iasi-2022-2024-scoala-doctorala","status":"publish","type":"page","link":"https:\/\/www.phys.uaic.ro\/old\/index.php\/informatii-privind-admiterea-la-programele-postdoctorale-de-cercetare-avansata-organizate-in-cadrul-universitatii-alexandru-ioan-cuza-din-iasi-2022-2024-scoala-doctorala\/","title":{"rendered":"Informa\u021bii privind Programele postdoctorale de cercetare avansat\u0103 organizate \u00een cadrul Universit\u0103\u021bii \u201eAlexandru Ioan Cuza\u201c din Ia\u0219i (2022-2024) \u2013 \u0218coala doctoral\u0103 de Fizic\u0103"},"content":{"rendered":"<p><a tabindex=\"-1\" href=\"https:\/\/www.phys.uaic.ro\/old\/index.php\/informatii-privind-admiterea-la-programele-postdoctorale-de-cercetare-avansata-organizate-in-cadrul-universitatii-alexandru-ioan-cuza-din-iasi-2019-2021-scoala\/teme-cercetare-mentori\" target=\"_blank\" rel=\"external nofollow noopener noreferrer\">Temele de cercetare si mentorii<\/a><\/p>\n<p>&nbsp;<\/p>\n<p><b>ANUN\u021a<\/b><\/p>\n<p><b>Proiectele de cercetare postdoctoral\u0103 vor fi sustinute \u00een data de 28.09.2022, \u00eencep\u00e2nd cu ora 13:45, \u00een Lab. de Autoorganizare.<br \/>\n<\/b><\/p>\n<ul>\n<li><a href=\"https:\/\/www.phys.uaic.ro\/old\/wp-content\/uploads\/2022\/09\/lista-candidatilor-inscrisi-2022-2024.pdf\">Lista concuren\u021bilor<\/a><\/li>\n<\/ul>\n<p>&nbsp;<\/p>\n<p><b>Componenta comisiei de evaluare \u0219i a comisiei de contesta\u021bii<\/b><\/p>\n<li>Comisia de evaluare:\n<li><a href=\"https:\/\/www.phys.uaic.ro\/old\/index.php\/organizare\/personal-didactic\/laurentiu-stoleriu\">Prof. univ. dr. habil. Lauren\u021biu STOLERIU<\/a><\/li>\n<li><a href=\"https:\/\/www.phys.uaic.ro\/old\/index.php\/organizare\/personal-didactic\/dan-gheorghe-dimitriu\/\">Conf. univ. dr. habil. Dan-Gheorghe DIMITRIU<\/a><\/li>\n<li><a href=\"https:\/\/www.phys.uaic.ro\/old\/index.php\/organizare\/personal-didactic\/claudiu-costin\/\">Conf. univ. dr. habil. Claudiu COSTIN<\/a><\/li>\n<\/li>\n<li>Comisia de contestatii:\n<li><a href=\"https:\/\/www.phys.uaic.ro\/old\/index.php\/organizare\/personal-didactic\/liviu-leontie\">Prof. univ. dr. Diana MARDARE<\/a><\/li>\n<li><a href=\"https:\/\/www.phys.uaic.ro\/old\/index.php\/prof-univ-dr-habil-emilia-dorina-creanga\/\">Prof. univ. dr. habil. Dorina-Emilia CREANG\u0102<\/a><\/li>\n<li><a href=\"https:\/\/www.phys.uaic.ro\/old\/index.php\/organizare\/personal-didactic\/marina-aura-dariescu\/\">Prof. univ.dr. Marina-Aura DARIESCU<\/a><\/li>\n<\/li>\n<\/ul>\n<p><em><span style=\"color: #ff0000;\"><a style=\"color: #ff0000;\" href=\"https:\/\/www.phys.uaic.ro\/old\/wp-content\/uploads\/2022\/09\/rezulta-runda-I_2022-2024.pdf\"><span style=\"color: #000000;\"><strong><span style=\"color: #ff0000;\">Rezultatele concursului de admitere<\/span><\/strong><\/span><\/a><\/span><\/em><\/p>\n<p><span style=\"color: #ff0000;\"><em><a style=\"color: #ff0000;\" href=\"https:\/\/www.phys.uaic.ro\/old\/wp-content\/uploads\/2022\/09\/Regulament-privind-organizarea-programelor-postdoctorale-de-cercetare-avansare.pdf\">Regulament privind organizarea programelor postdoctorale de cercetare avansare<\/a><\/em><\/span><br \/>\n<span style=\"color: #ff0000;\"><em><a style=\"color: #ff0000;\" href=\"https:\/\/www.phys.uaic.ro\/old\/wp-content\/uploads\/2022\/09\/Metodologie-privind-organizarea-admiterii-la-programe-postdoctorale-de-cercetare.pdf\">Metodologie privind organizarea admiterii la programe postdoctorale de cercetare<\/a><\/em><\/span><\/p>\n<p>&nbsp;<\/p>\n<h3><b>Informa\u021bii privind finalizarea Programelor postdoctorale de cercetare avansat\u0103 organizate \u00een cadrul Universit\u0103\u021bii \u201eAlexandru Ioan Cuza\u201c din Ia\u0219i (2022 \u2013 2024) \u2013 \u0218coala doctoral\u0103 de Fizic\u0103<\/b><\/h3>\n<p>&nbsp;<\/p>\n<p><strong>Componenta comisiei de evaluare \u0219i a comisiei de contesta\u021bii:<\/strong><\/p>\n<ul>\n<li><strong>Comisia de evaluare:<\/strong><\/li>\n<\/ul>\n<ul>\n<li style=\"list-style-type: none;\">\n<ul>\n<li><strong>Presedinte<\/strong><\/li>\n<\/ul>\n<\/li>\n<\/ul>\n<ul>\n<li style=\"list-style-type: none;\">\n<ul>\n<li style=\"list-style-type: none;\">\n<ul>\n<li><a href=\"https:\/\/www.phys.uaic.ro\/old\/index.php\/organizare\/personal-didactic\/diana-mihaela-mardare\">Prof. Univ. Dr. Diana Mihaela MARDARE<\/a><\/li>\n<\/ul>\n<\/li>\n<\/ul>\n<\/li>\n<\/ul>\n<ul>\n<li style=\"list-style-type: none;\">\n<ul style=\"list-style-type: circle;\">\n<li><strong>Membri<\/strong><\/li>\n<\/ul>\n<\/li>\n<\/ul>\n<ul>\n<li style=\"list-style-type: none;\">\n<ul>\n<li style=\"list-style-type: none;\">\n<ul>\n<li><a href=\"https:\/\/www.phys.uaic.ro\/old\/index.php\/organizare\/personal-didactic\/dan-gheorghe-dimitriu\" target=\"_blank\" rel=\"noopener\">Prof. univ. dr. habil. Dan-Gheorghe DIMITRIU<\/a><\/li>\n<li><a href=\"http:\/\/Conf. univ. dr. habil. Claudiu COSTIN\" target=\"_blank\" rel=\"noopener\">Conf. univ. dr. habil. Claudiu COSTIN<\/a><\/li>\n<li><a href=\"https:\/\/www.phys.uaic.ro\/old\/index.php\/organizare\/personal-didactic\/silviu-octavian-gurlui\" target=\"_blank\" rel=\"noopener\">Prof. univ. dr. habil. Silviu-Octavian GURLUI<\/a> (mentor)<\/li>\n<\/ul>\n<\/li>\n<\/ul>\n<\/li>\n<\/ul>\n<p>&nbsp;<\/p>\n<ul>\n<li><strong>Comisia de contestatii:<\/strong>\n<ul>\n<li><a href=\"https:\/\/www.phys.uaic.ro\/old\/index.php\/organizare\/personal-didactic\/laurentiu-stoleriu\">Prof. univ. dr. habil. Lauren\u021biu STOLERIU<\/a><\/li>\n<li><a href=\"https:\/\/www.phys.uaic.ro\/old\/index.php\/organizare\/personal-didactic\/emilia-dorina-creanga\">Prof. univ. dr. habil. Emilia Dorina CREANG\u0102<\/a><\/li>\n<li><a href=\"http:\/\/Prof. univ. dr. Marina-Aura DARIESCU\" target=\"_blank\" rel=\"noopener\">Prof. univ. dr. Marian-Aura DARIESCU<\/a><\/li>\n<\/ul>\n<\/li>\n<\/ul>\n<p>&nbsp;<\/p>\n<p><b>Lista cercetatorilor postdoc<\/b> care finalizeaza Programul postdoctoral de cercetare avansat\u0103:<\/p>\n<ul>\n<li><strong>COCEAN G. IULIANA (<\/strong>mentor <strong><a href=\"https:\/\/www.phys.uaic.ro\/old\/index.php\/organizare\/personal-didactic\/silviu-octavian-gurlui\" target=\"_blank\" rel=\"noopener\">prof. univ. dr. habil. Silviu-Octavian GURLUI<\/a>)<\/strong><\/li>\n<\/ul>\n<p>Sustinerea lucr\u0103rii finale din cadrul Programului postdoctoral de cercetare avansat\u0103 va avea loc \u00een fa\u021ba comisiei de evaluare joi, <strong>28.03.2024, <\/strong>\u00eencep\u00e2nd cu ora <strong>12.00<\/strong> \u00een <strong>Laboratorul de Optic\u0103<\/strong>.<\/p>\n<p>&nbsp;<\/p>\n<ul style=\"list-style-type: disc;\">\n<li><strong>\u0162URCAN A. INA<\/strong> (mentor <a href=\"https:\/\/www.phys.uaic.ro\/old\/index.php\/organizare\/personal-didactic\/liliana-mitoseriu\/\" target=\"_blank\" rel=\"noopener\">prof. univ. dr. Liliana MITO\u0218ERIU<\/a>)<\/li>\n<\/ul>\n<p>Sustinerea lucr\u0103rii finale din cadrul Programului postdoctoral de cercetare avansat\u0103 va avea loc \u00een fa\u021ba comisiei de evaluare miercuri, <strong>26.03.2025<\/strong>, \u00eencep\u00e2nd cu ora <strong>12.00,<\/strong> \u00een <strong>Laboratorul de Fizic\u0103 molecular\u0103 \u0219i c\u0103ldur\u0103.<\/strong><\/p>\n<p>&nbsp;<\/p>\n<p><a href=\"https:\/\/www.phys.uaic.ro\/old\/wp-content\/uploads\/2024\/03\/Metodologie-finalizare-studii-postdoctorale-2022-2024.pdf\" target=\"_blank\" rel=\"noopener\"><em>Metodologia privind finalizarea studiilor postdoctorale de cercetare avansata organizate \u00een cadrul Universit\u0103\u021bii \u201eAlexandru Ioan Cuza\u201c din Ia\u0219i (2024)<\/em><\/a><\/p>\n<p>&nbsp;<\/p>\n<p>&nbsp;<\/p>\n","protected":false},"excerpt":{"rendered":"<p>Temele de cercetare si mentorii &nbsp; ANUN\u021a Proiectele de cercetare postdoctoral\u0103 vor fi sustinute \u00een data de 28.09.2022, \u00eencep\u00e2nd cu ora 13:45, \u00een Lab. de Autoorganizare. Lista concuren\u021bilor &nbsp; Componenta comisiei de evaluare \u0219i a comisiei de contesta\u021bii Comisia de evaluare: Prof. univ. dr. habil. Lauren\u021biu STOLERIU Conf. univ. dr. habil. Dan-Gheorghe DIMITRIU Conf. univ. dr. habil. Claudiu\u2026 <span class=\"read-more\"><a href=\"https:\/\/www.phys.uaic.ro\/old\/index.php\/informatii-privind-admiterea-la-programele-postdoctorale-de-cercetare-avansata-organizate-in-cadrul-universitatii-alexandru-ioan-cuza-din-iasi-2022-2024-scoala-doctorala\/\">Read More &raquo;<\/a><\/span><\/p>\n","protected":false},"author":4,"featured_media":0,"parent":0,"menu_order":0,"comment_status":"closed","ping_status":"closed","template":"","meta":{"footnotes":""},"class_list":["post-17643","page","type-page","status-publish","hentry"],"_links":{"self":[{"href":"https:\/\/www.phys.uaic.ro\/old\/index.php\/wp-json\/wp\/v2\/pages\/17643","targetHints":{"allow":["GET"]}}],"collection":[{"href":"https:\/\/www.phys.uaic.ro\/old\/index.php\/wp-json\/wp\/v2\/pages"}],"about":[{"href":"https:\/\/www.phys.uaic.ro\/old\/index.php\/wp-json\/wp\/v2\/types\/page"}],"author":[{"embeddable":true,"href":"https:\/\/www.phys.uaic.ro\/old\/index.php\/wp-json\/wp\/v2\/users\/4"}],"replies":[{"embeddable":true,"href":"https:\/\/www.phys.uaic.ro\/old\/index.php\/wp-json\/wp\/v2\/comments?post=17643"}],"version-history":[{"count":0,"href":"https:\/\/www.phys.uaic.ro\/old\/index.php\/wp-json\/wp\/v2\/pages\/17643\/revisions"}],"wp:attachment":[{"href":"https:\/\/www.phys.uaic.ro\/old\/index.php\/wp-json\/wp\/v2\/media?parent=17643"}],"curies":[{"name":"wp","href":"https:\/\/api.w.org\/{rel}","templated":true}]}}