{"id":17716,"date":"2022-09-27T08:27:53","date_gmt":"2022-09-27T05:27:53","guid":{"rendered":"https:\/\/www.phys.uaic.ro\/?page_id=17716"},"modified":"2022-09-27T08:34:15","modified_gmt":"2022-09-27T05:34:15","slug":"anunt-privind-sustinerea-raportului-de-cercetare-a-drd-turcanu-gabriela-iulia-cas-irina-pe-30-09-2022","status":"publish","type":"page","link":"https:\/\/www.phys.uaic.ro\/old\/index.php\/anunt-privind-sustinerea-raportului-de-cercetare-a-drd-turcanu-gabriela-iulia-cas-irina-pe-30-09-2022\/","title":{"rendered":"Anun\u021b privind sus\u021binerea raportului de cercetare a drd. \u021aURCANU Gabriela-Iulia (c\u0103s. Irina) pe 30.09.2022"},"content":{"rendered":"<p><strong>\u00a0<\/strong> \u00a0\u00a0\u00a0\u00a0\u00a0\u00a0\u00a0\u00a0\u00a0\u00a0 La data\u00a0 de 30.09.2022, \u00eencep\u00e2nd cu ora 10:00, \u00een Laboratorul de Dielectrici, va avea loc sus\u021binerea public\u0103 a raportului de cercetare cu titlul \u201c<strong><em>STADIUL ACTUAL AL CERCET\u0102RII \u00ceN DOMENIUL MATERIALELOR COMPOZITE POLIMER-OXID<\/em><\/strong>\u201c\u00a0 prezentat de studenta-doctorand\u0103 \u021aURCANU Gabriela-Iulia (c\u0103s. Irina), sub \u00eendrumarea doamnei lect. univ. dr. habil. Lavinia-Petronela CURECHERIU.<\/p>\n","protected":false},"excerpt":{"rendered":"<p>\u00a0 \u00a0\u00a0\u00a0\u00a0\u00a0\u00a0\u00a0\u00a0\u00a0\u00a0 La data\u00a0 de 30.09.2022, \u00eencep\u00e2nd cu ora 10:00, \u00een Laboratorul de Dielectrici, va avea loc sus\u021binerea public\u0103 a raportului de cercetare cu titlul \u201cSTADIUL ACTUAL AL CERCET\u0102RII \u00ceN DOMENIUL MATERIALELOR COMPOZITE POLIMER-OXID\u201c\u00a0 prezentat de studenta-doctorand\u0103 \u021aURCANU Gabriela-Iulia (c\u0103s. Irina), sub \u00eendrumarea doamnei lect. univ. dr. habil. Lavinia-Petronela CURECHERIU.<\/p>\n","protected":false},"author":4,"featured_media":0,"parent":0,"menu_order":0,"comment_status":"closed","ping_status":"closed","template":"","meta":{"footnotes":""},"class_list":["post-17716","page","type-page","status-publish","hentry"],"_links":{"self":[{"href":"https:\/\/www.phys.uaic.ro\/old\/index.php\/wp-json\/wp\/v2\/pages\/17716","targetHints":{"allow":["GET"]}}],"collection":[{"href":"https:\/\/www.phys.uaic.ro\/old\/index.php\/wp-json\/wp\/v2\/pages"}],"about":[{"href":"https:\/\/www.phys.uaic.ro\/old\/index.php\/wp-json\/wp\/v2\/types\/page"}],"author":[{"embeddable":true,"href":"https:\/\/www.phys.uaic.ro\/old\/index.php\/wp-json\/wp\/v2\/users\/4"}],"replies":[{"embeddable":true,"href":"https:\/\/www.phys.uaic.ro\/old\/index.php\/wp-json\/wp\/v2\/comments?post=17716"}],"version-history":[{"count":0,"href":"https:\/\/www.phys.uaic.ro\/old\/index.php\/wp-json\/wp\/v2\/pages\/17716\/revisions"}],"wp:attachment":[{"href":"https:\/\/www.phys.uaic.ro\/old\/index.php\/wp-json\/wp\/v2\/media?parent=17716"}],"curies":[{"name":"wp","href":"https:\/\/api.w.org\/{rel}","templated":true}]}}