{"id":17771,"date":"2022-09-30T08:41:52","date_gmt":"2022-09-30T05:41:52","guid":{"rendered":"https:\/\/www.phys.uaic.ro\/?page_id=17771"},"modified":"2022-09-30T08:41:52","modified_gmt":"2022-09-30T05:41:52","slug":"anunt-privind-sustinerea-raportului-de-cercetare-a-drd-pata-diana-lubliana-pe-30-09-2022","status":"publish","type":"page","link":"https:\/\/www.phys.uaic.ro\/old\/index.php\/anunt-privind-sustinerea-raportului-de-cercetare-a-drd-pata-diana-lubliana-pe-30-09-2022\/","title":{"rendered":"Anun\u021b privind sus\u021binerea raportului de cercetare a drd. PA\u021aA Diana-Lubliana pe 30.09.2022"},"content":{"rendered":"<p>La data\u00a0 de 30.09.2022, \u00eencep\u00e2nd cu ora 10:00, \u00een Laboratorul de Fizica St\u0103rii Solide, va avea loc sus\u021binerea public\u0103 a raportului de cercetare cu titlul <strong>\u201cScanarea tridimensional\u0103 folosind radia\u021bii optice\u201d<\/strong> prezentat de studenta-doctorand\u0103 PA\u021aA Diana-Lubliana, sub \u00eendrumarea domului prof. univ. dr. habil. Silviu Gurlui.<\/p>\n","protected":false},"excerpt":{"rendered":"<p>La data\u00a0 de 30.09.2022, \u00eencep\u00e2nd cu ora 10:00, \u00een Laboratorul de Fizica St\u0103rii Solide, va avea loc sus\u021binerea public\u0103 a raportului de cercetare cu titlul \u201cScanarea tridimensional\u0103 folosind radia\u021bii optice\u201d prezentat de studenta-doctorand\u0103 PA\u021aA Diana-Lubliana, sub \u00eendrumarea domului prof. univ. dr. habil. Silviu Gurlui.<\/p>\n","protected":false},"author":4,"featured_media":0,"parent":0,"menu_order":0,"comment_status":"closed","ping_status":"closed","template":"","meta":{"footnotes":""},"class_list":["post-17771","page","type-page","status-publish","hentry"],"_links":{"self":[{"href":"https:\/\/www.phys.uaic.ro\/old\/index.php\/wp-json\/wp\/v2\/pages\/17771","targetHints":{"allow":["GET"]}}],"collection":[{"href":"https:\/\/www.phys.uaic.ro\/old\/index.php\/wp-json\/wp\/v2\/pages"}],"about":[{"href":"https:\/\/www.phys.uaic.ro\/old\/index.php\/wp-json\/wp\/v2\/types\/page"}],"author":[{"embeddable":true,"href":"https:\/\/www.phys.uaic.ro\/old\/index.php\/wp-json\/wp\/v2\/users\/4"}],"replies":[{"embeddable":true,"href":"https:\/\/www.phys.uaic.ro\/old\/index.php\/wp-json\/wp\/v2\/comments?post=17771"}],"version-history":[{"count":0,"href":"https:\/\/www.phys.uaic.ro\/old\/index.php\/wp-json\/wp\/v2\/pages\/17771\/revisions"}],"wp:attachment":[{"href":"https:\/\/www.phys.uaic.ro\/old\/index.php\/wp-json\/wp\/v2\/media?parent=17771"}],"curies":[{"name":"wp","href":"https:\/\/api.w.org\/{rel}","templated":true}]}}