{"id":18428,"date":"2023-01-19T11:21:04","date_gmt":"2023-01-19T09:21:04","guid":{"rendered":"https:\/\/www.phys.uaic.ro\/?page_id=18428"},"modified":"2023-04-28T10:21:34","modified_gmt":"2023-04-28T07:21:34","slug":"sustinerea-tezei-de-abilitare-a-domnului-cs-ii-vasile-tiron","status":"publish","type":"page","link":"https:\/\/www.phys.uaic.ro\/old\/index.php\/sustinerea-tezei-de-abilitare-a-domnului-cs-ii-vasile-tiron\/","title":{"rendered":"Sus\u021binerea tezei de abilitare a domnului C.S. II Vasile TIRON"},"content":{"rendered":"<p>Sunte\u021bi invita\u021bi s\u0103 participa\u021bi la sus\u021binerea public\u0103 a tezei de abilitare<\/p>\n<p><span style=\"font-size: 14pt;\"><strong><em>Aplica\u021bii ale plasmelor pulsate \u00een \u0219tiin\u021ba materialelor \u0219i propulsia spa\u021bial\u0103<\/em><\/strong><\/span><\/p>\n<p>elaborat\u0103 de domnul C.S. II Vasile TIRON, Universitatea &#8222;Alexandru Ioan Cuza&#8221; din Ia\u0219i. Prezentarea tezei va avea loc \u00een data de 27.04.2023, de la ora 10, sala Ferdinand.<\/p>\n<p><a href=\"https:\/\/www.phys.uaic.ro\/old\/wp-content\/uploads\/2023\/01\/CV_Vasile-TIRON.pdf\"><b>CV\u00a0 Vasile TIRON<\/b><\/a> <img loading=\"lazy\" decoding=\"async\" class=\"\" src=\"http:\/\/www.phys.uaic.ro\/wp\/imagini\/pdf-icon.png\" alt=\"pdf\" width=\"22\" height=\"22\" \/><br \/>\n<a href=\"https:\/\/www.phys.uaic.ro\/old\/wp-content\/uploads\/2023\/01\/Rezumatul-Tezei-de-Abilitare_Vasile-TIRON.pdf\"><b>Rezumatul tezei de <\/b><b>abilitare<\/b><\/a> <img loading=\"lazy\" decoding=\"async\" class=\"\" src=\"http:\/\/www.phys.uaic.ro\/wp\/imagini\/pdf-icon.png\" alt=\"pdf\" width=\"22\" height=\"22\" \/><br \/>\n<a href=\"https:\/\/www.phys.uaic.ro\/old\/wp-content\/uploads\/2023\/01\/Summary-of-Habilitation-Thesis_Vasile-TIRON.pdf\"><b>Summary of Habilitation Thesis<\/b><\/a> <img loading=\"lazy\" decoding=\"async\" class=\"\" src=\"http:\/\/www.phys.uaic.ro\/wp\/imagini\/pdf-icon.png\" alt=\"pdf\" width=\"22\" height=\"22\" \/><br \/>\n<a href=\"https:\/\/www.phys.uaic.ro\/old\/wp-content\/uploads\/2023\/01\/Lista-de-lucrari_Vasile-TIRON.pdf\"><b>Lista de lucr\u0103ri<\/b><\/a> <img loading=\"lazy\" decoding=\"async\" class=\"\" src=\"http:\/\/www.phys.uaic.ro\/wp\/imagini\/pdf-icon.png\" alt=\"pdf\" width=\"22\" height=\"22\" \/><br \/>\n<a href=\"https:\/\/www.phys.uaic.ro\/old\/wp-content\/uploads\/2023\/01\/Fisa_verificare_standarde_minimale_CNATDCU-_Fizica_2022_Vasile-TIRON.pdf\"><b>Fi\u0219a de \u00eendeplinire a standardelor minimale CNATDCU<\/b><\/a>\u00a0 <img loading=\"lazy\" decoding=\"async\" class=\"\" src=\"http:\/\/www.phys.uaic.ro\/wp\/imagini\/pdf-icon.png\" alt=\"pdf\" width=\"22\" height=\"22\" \/><\/p>\n<p><a href=\"https:\/\/www.phys.uaic.ro\/old\/wp-content\/uploads\/2023\/02\/Comisie-abilitare-TIRON-VASILE-aprobata.pdf\"><b>Componen\u0163a comisiei de abilitare<\/b><\/a> <img loading=\"lazy\" decoding=\"async\" class=\"\" src=\"http:\/\/www.phys.uaic.ro\/wp\/imagini\/pdf-icon.png\" alt=\"pdf\" width=\"22\" height=\"22\" \/><\/p>\n<ul>\n<li>C.S. I dr. Valentin CR\u0102CIUN, Institutul Na\u0163ional pentru Fizica Laserilor, Plasmei \u015fi Radia\u0163iei, M\u0103gurele<\/li>\n<li>C.S. I dr. Maria DINESCU, Institutul Na\u0163ional pentru Fizica Laserilor, Plasmei \u015fi Radia\u0163iei, M\u0103gurele<\/li>\n<li>Prof. univ. dr. habil. Cristian EN\u0102CHESCU, Universitatea \u201cAlexandru Ioan Cuza\u201d din Ia\u015fi<\/li>\n<\/ul>\n<p><!--\n\n\n<ul>\n \t\n\n<li><a href=\"https:\/\/catalinagheorghiesei.my.webex.com\/webappng\/sites\/catalinagheorghiesei.my\/meeting\/download\/7292646294e64b2ba8faea2a40c66826?siteurl=catalinagheorghiesei.my&amp;MTID=mef53254330039d1625ef503b3687626a\"><strong>Webex Meeting - conectare direct\u0103 din browser<\/strong><\/a><\/li>\n\n\n \t\n\n<li>\n\n\n<div>pentru conectarea direct\u0103 din aplica\u021bie pute\u021bi utiliza urm\u0103toarele date de \u00eenregistrare\n<strong>Meeting number: 163 745 2358, Password: Kc2jN5UBdW6 (52256582 from phones and video systems)\n<\/strong>\u00eent\u00e2lnirea este programat\u0103 s\u0103 \u00eenceap\u0103 la 10:50.<\/div>\n\n<\/li>\n\n\n<\/ul>\n\n\n--><\/p>\n<p><a href=\"https:\/\/www.phys.uaic.ro\/old\/wp-content\/uploads\/2023\/04\/Raport-comisie-abilitare_Vasile-Tiron.pdf\" target=\"_blank\" rel=\"noopener\"><b>Raportul comisiei de abilitare<\/b><\/a> <img loading=\"lazy\" decoding=\"async\" class=\"\" src=\"http:\/\/www.phys.uaic.ro\/wp\/imagini\/pdf-icon.png\" alt=\"pdf\" width=\"20\" height=\"20\" \/><\/p>\n","protected":false},"excerpt":{"rendered":"<p>Sunte\u021bi invita\u021bi s\u0103 participa\u021bi la sus\u021binerea public\u0103 a tezei de abilitare Aplica\u021bii ale plasmelor pulsate \u00een \u0219tiin\u021ba materialelor \u0219i propulsia spa\u021bial\u0103 elaborat\u0103 de domnul C.S. II Vasile TIRON, Universitatea &#8222;Alexandru Ioan Cuza&#8221; din Ia\u0219i. Prezentarea tezei va avea loc \u00een data de 27.04.2023, de la ora 10, sala Ferdinand. CV\u00a0 Vasile TIRON Rezumatul tezei de abilitare Summary of\u2026 <span class=\"read-more\"><a href=\"https:\/\/www.phys.uaic.ro\/old\/index.php\/sustinerea-tezei-de-abilitare-a-domnului-cs-ii-vasile-tiron\/\">Read More &raquo;<\/a><\/span><\/p>\n","protected":false},"author":4,"featured_media":0,"parent":0,"menu_order":0,"comment_status":"closed","ping_status":"closed","template":"","meta":{"footnotes":""},"class_list":["post-18428","page","type-page","status-publish","hentry"],"_links":{"self":[{"href":"https:\/\/www.phys.uaic.ro\/old\/index.php\/wp-json\/wp\/v2\/pages\/18428","targetHints":{"allow":["GET"]}}],"collection":[{"href":"https:\/\/www.phys.uaic.ro\/old\/index.php\/wp-json\/wp\/v2\/pages"}],"about":[{"href":"https:\/\/www.phys.uaic.ro\/old\/index.php\/wp-json\/wp\/v2\/types\/page"}],"author":[{"embeddable":true,"href":"https:\/\/www.phys.uaic.ro\/old\/index.php\/wp-json\/wp\/v2\/users\/4"}],"replies":[{"embeddable":true,"href":"https:\/\/www.phys.uaic.ro\/old\/index.php\/wp-json\/wp\/v2\/comments?post=18428"}],"version-history":[{"count":0,"href":"https:\/\/www.phys.uaic.ro\/old\/index.php\/wp-json\/wp\/v2\/pages\/18428\/revisions"}],"wp:attachment":[{"href":"https:\/\/www.phys.uaic.ro\/old\/index.php\/wp-json\/wp\/v2\/media?parent=18428"}],"curies":[{"name":"wp","href":"https:\/\/api.w.org\/{rel}","templated":true}]}}