{"id":18487,"date":"2023-02-01T11:33:26","date_gmt":"2023-02-01T09:33:26","guid":{"rendered":"https:\/\/www.phys.uaic.ro\/?page_id=18487"},"modified":"2023-04-11T08:04:10","modified_gmt":"2023-04-11T05:04:10","slug":"sustinerea-tezei-de-abilitare-a-domnului-lect-dr-radu-andrei-tanasa","status":"publish","type":"page","link":"https:\/\/www.phys.uaic.ro\/old\/index.php\/sustinerea-tezei-de-abilitare-a-domnului-lect-dr-radu-andrei-tanasa\/","title":{"rendered":"Sus\u021binerea tezei de abilitare a domnului lect. dr. Radu-Andrei TANAS\u0102"},"content":{"rendered":"<p>Sunte\u021bi invita\u021bi s\u0103 participa\u021bi la sus\u021binerea public\u0103 a tezei de abilitare<\/p>\n<p><span style=\"font-size: 14pt;\"><strong><em>Procese histeretice \u00een compu\u0219ii cu tranzi\u021bie de spin: studii teoretice \u0219i experimentale\u00a0<\/em><\/strong><\/span><\/p>\n<p>elaborat\u0103 de domnul lect. dr. Radu-Andrei TANAS\u0102,\u00a0 Universitatea &#8222;Alexandru Ioan Cuza&#8221; din Ia\u0219i. Prezentarea tezei va avea loc \u00een data de <strong>07.04.2023, incepand cu ora 11:00, in Sala Ferdinand.<\/strong><\/p>\n<p>&nbsp;<\/p>\n<p><a href=\"https:\/\/www.phys.uaic.ro\/old\/wp-content\/uploads\/2023\/02\/C-CV-EUROPASS-Radu-Tanasa-2023_01_30.pdf\" target=\"_blank\" rel=\"noopener\"><b>CV lect. dr. Radu-Andrei TANAS\u0102<\/b><\/a><br \/>\n<a href=\"https:\/\/www.phys.uaic.ro\/old\/wp-content\/uploads\/2023\/02\/J-Rezumatul-tezei-limba-romana-Radu-Tanasa.pdf\" target=\"_blank\" rel=\"noopener\"><b>Rezumatul tezei de <\/b><b>abilitare<\/b><\/a><br \/>\n<a href=\"https:\/\/www.phys.uaic.ro\/old\/wp-content\/uploads\/2023\/02\/J-Rezumatul-tezei-limba-engleza-Tanasa-Radu.pdf\" target=\"_blank\" rel=\"noopener\"><b>Summary of Habilitation Thesis<\/b><\/a><br \/>\n<a href=\"https:\/\/www.phys.uaic.ro\/old\/wp-content\/uploads\/2023\/02\/D-Lista-de-lucrari.pdf\" target=\"_blank\" rel=\"noopener\"><b>Lista de lucr\u0103ri<\/b><\/a><br \/>\n<a href=\"https:\/\/www.phys.uaic.ro\/old\/wp-content\/uploads\/2023\/02\/A-Fisa-de-indeplinire-a-standardelor-minimale-avizata-de-IOSUD-1.pdf\" target=\"_blank\" rel=\"noopener\"><b>Fi\u0219a de \u00eendeplinire a standardelor minimale CNATDCU<\/b><\/a><\/p>\n<p>&nbsp;<\/p>\n<p><a href=\"https:\/\/www.phys.uaic.ro\/old\/wp-content\/uploads\/2023\/03\/TANASA-RADU-ANDREI_F-Abil-1947_din_2023-03-03-comisie-abilitare.pdf\" target=\"_blank\" rel=\"noopener\"><b>Componen\u0163a comisiei de abilitare<\/b><\/a><\/p>\n<ul style=\"list-style-type: disc;\">\n<li>Prof. univ. dr. habil. Lauren\u021biu STOLERIU, Universitatea \u201cAlexandru Ioan Cuza\u201d din Ia\u015fi<\/li>\n<li>Prof. univ. dr. Viorel POP, Universitatea Babe\u015f-Bolyai<\/li>\n<li>Prof. univ. dr. habil. Coriolan TIU\u0218AN, Universitatea Babe\u015f-Bolyai<\/li>\n<\/ul>\n<p>&nbsp;<\/p>\n<p><!--\n\n\n<ul>\n \t\n\n<li><a href=\"https:\/\/catalinagheorghiesei.my.webex.com\/webappng\/sites\/catalinagheorghiesei.my\/meeting\/download\/7292646294e64b2ba8faea2a40c66826?siteurl=catalinagheorghiesei.my&amp;MTID=mef53254330039d1625ef503b3687626a\"><strong>Webex Meeting - conectare direct\u0103 din browser<\/strong><\/a><\/li>\n\n\n \t\n\n<li>\n\n\n<div>pentru conectarea direct\u0103 din aplica\u021bie pute\u021bi utiliza urm\u0103toarele date de \u00eenregistrare\n<strong>Meeting number: 163 745 2358, Password: Kc2jN5UBdW6 (52256582 from phones and video systems)\n<\/strong>\u00eent\u00e2lnirea este programat\u0103 s\u0103 \u00eenceap\u0103 la 10:50.<\/div>\n\n<\/li>\n\n\n<\/ul>\n\n\n--><\/p>\n<p><a href=\"https:\/\/www.phys.uaic.ro\/old\/wp-content\/uploads\/2023\/04\/raport-sustinere-comisie-abilitare-Tanasa.pdf\" target=\"_blank\" rel=\"noopener\"><b>Raportul comisiei de abilitare<\/b><\/a><\/p>\n","protected":false},"excerpt":{"rendered":"<p>Sunte\u021bi invita\u021bi s\u0103 participa\u021bi la sus\u021binerea public\u0103 a tezei de abilitare Procese histeretice \u00een compu\u0219ii cu tranzi\u021bie de spin: studii teoretice \u0219i experimentale\u00a0 elaborat\u0103 de domnul lect. dr. Radu-Andrei TANAS\u0102,\u00a0 Universitatea &#8222;Alexandru Ioan Cuza&#8221; din Ia\u0219i. Prezentarea tezei va avea loc \u00een data de 07.04.2023, incepand cu ora 11:00, in Sala Ferdinand. &nbsp; CV lect. dr. Radu-Andrei TANAS\u0102\u2026 <span class=\"read-more\"><a href=\"https:\/\/www.phys.uaic.ro\/old\/index.php\/sustinerea-tezei-de-abilitare-a-domnului-lect-dr-radu-andrei-tanasa\/\">Read More &raquo;<\/a><\/span><\/p>\n","protected":false},"author":4,"featured_media":0,"parent":0,"menu_order":0,"comment_status":"closed","ping_status":"closed","template":"","meta":{"footnotes":""},"class_list":["post-18487","page","type-page","status-publish","hentry"],"_links":{"self":[{"href":"https:\/\/www.phys.uaic.ro\/old\/index.php\/wp-json\/wp\/v2\/pages\/18487","targetHints":{"allow":["GET"]}}],"collection":[{"href":"https:\/\/www.phys.uaic.ro\/old\/index.php\/wp-json\/wp\/v2\/pages"}],"about":[{"href":"https:\/\/www.phys.uaic.ro\/old\/index.php\/wp-json\/wp\/v2\/types\/page"}],"author":[{"embeddable":true,"href":"https:\/\/www.phys.uaic.ro\/old\/index.php\/wp-json\/wp\/v2\/users\/4"}],"replies":[{"embeddable":true,"href":"https:\/\/www.phys.uaic.ro\/old\/index.php\/wp-json\/wp\/v2\/comments?post=18487"}],"version-history":[{"count":0,"href":"https:\/\/www.phys.uaic.ro\/old\/index.php\/wp-json\/wp\/v2\/pages\/18487\/revisions"}],"wp:attachment":[{"href":"https:\/\/www.phys.uaic.ro\/old\/index.php\/wp-json\/wp\/v2\/media?parent=18487"}],"curies":[{"name":"wp","href":"https:\/\/api.w.org\/{rel}","templated":true}]}}