{"id":18580,"date":"2023-02-09T08:20:50","date_gmt":"2023-02-09T06:20:50","guid":{"rendered":"https:\/\/www.phys.uaic.ro\/?page_id=18580"},"modified":"2025-05-07T12:40:29","modified_gmt":"2025-05-07T09:40:29","slug":"esims","status":"publish","type":"page","link":"https:\/\/www.phys.uaic.ro\/old\/index.php\/esims\/","title":{"rendered":"eSIMS &#8211; Note studen\u021bi"},"content":{"rendered":"<h5 style=\"text-align: left;\" align=\"center\"><span style=\"font-size: 14pt;\">ATENTIE!<\/span><\/h5>\n<ul id=\"ctl00_mainCopy_BulletedList1\">\n<li>Prezenta aplica\u0163ie (eSIMS) va putea fi folosit\u0103 p\u00e2n\u0103 la 1 Martie 2025 data la care contul de tip num\u0103r matricol folosit pentru acces la note se va \u015fterge.<\/li>\n<li>Accesul la informa\u0163iile privind \u015fcolaritatea vor fi disponibile la adresa:<\/li>\n<\/ul>\n<h2><a id=\"ctl00_mainCopy_HyperLink2\" href=\"https:\/\/grades.uaic.ro\" target=\"_blank\" rel=\"noopener\"><span style=\"color: #ff0000;\"><em><strong>https:\/\/grades.uaic.ro<\/strong><\/em><\/span><\/a><\/h2>\n<ul id=\"ctl00_mainCopy_BulletedList111\">\n<li>Pentru conectare se va utiliza numele de cont institu\u0163ional de forma &#8222;prenume.nume&#8221;, acela\u015fi cont folosit \u015fi pentru celelalte servicii la nivelul Universit\u0103\u0163ii.<\/li>\n<\/ul>\n<h2><\/h2>\n<h2><a href=\"http:\/\/simsweb.uaic.ro\/eSIMS\/\"><strong>Crearea contului<\/strong><\/a><\/h2>\n<p>Studen\u0163ii \u00ee\u015fi creeaz\u0103 singuri <strong><span style=\"color: #ff0000;\">contul de utilizator<\/span><\/strong> folosind: <span style=\"color: #ff0000;\">NUM\u0102RUL MATRICOL<\/span> \u2013 aleg\u00e2nd LOGIN (dreapta sus) \u015fi apoi \u2013 CREARE CONT NOU (jos, sub butonul Log in)!<\/p>\n<p><strong>Indica\u0163ii de \u00eenregistrare<\/strong><\/p>\n<p><strong>Pentru a v\u0103 \u00eenregistra cu succes trebuie s\u0103 fi\u0163i\u00a0aten\u0163i la datele introduse, urm\u00e2nd \u00eentocmai pa\u015fii specifica\u0163i!<\/strong><\/p>\n<p><span style=\"color: #ff0000;\"><strong>LOGIN NAME<\/strong><\/span>\u00a0se va completa obligatoriu cu\u00a0<span style=\"color: #ff0000;\"><strong>num\u0103rul matricol<\/strong>\u00a0<\/span>(din carnetul de student)<\/p>\n<ul style=\"list-style-type: circle;\">\n<li><span style=\"color: #ff0000;\"><strong>PAROLA<\/strong><\/span>\u00a0trebuie s\u0103 con\u0163in\u0103 cel pu\u0163in\u00a0<span style=\"color: #ff0000;\"><strong>7 caractere<\/strong><\/span>, dintre care cel pu\u0163in\u00a0<strong>unul non-alfanumeric<\/strong>\u00a0(de exemplu #, $, % etc.), deci cel pu\u0163in un caracter trebuie s\u0103 nu fie liter\u0103 sau cifr\u0103). De asemenea, fi\u0163i aten\u0163i\u00a0s\u0103 nu o uita\u0163i!<\/li>\n<li>Aten\u0163ie la introducerea\u00a0<strong>adresei de e-mail<\/strong>! Aceasta trebuie s\u0103 fie valid\u0103 \u015fi opera\u0163ional\u0103, pentru c\u0103 ve\u0163i primi pe adresa specificat\u0103 un mesaj pentru confirmare!<\/li>\n<li><strong>\u00centrebarea de securitate<\/strong>\u00a0\u015fi\u00a0<strong>r\u0103spunsul de securitate<\/strong>\u00a0trebuie s\u0103 con\u0163in\u0103 cel mult 20 de caractere: a-z, A-Z, -, .,? De asemenea, fi\u0163i aten\u0163i s\u0103 nu le uita\u0163i, pentru c\u0103 v\u0103 vor fi de folos \u00een caz c\u0103 uita\u0163i parola \u015fi solicita\u0163i s\u0103 o afla\u0163i! Alege\u0163i \u00eentreb\u0103ri \u015fi r\u0103spunsuri care s\u0103 nu fie evidente pentru orice persoan\u0103 (de exemplu: cum ma numesc? Maria sau care e anul nasterii? 1980 etc.), ci \u00eentreb\u0103ri ale c\u0103ror r\u0103spunsuri s\u0103 fie foarte pu\u0163in probabil s\u0103 le cunoasc\u0103 \u015fi altcineva Dup\u0103 creare, citi\u0163i-v\u0103 po\u015fta,<strong>confirma\u0163i<\/strong>\u00a0\u015fi apoi reveni\u0163i la\u00a0<strong>Login<\/strong>!<\/li>\n<li><strong>\u00cen func\u0163ie de corectitudinea acestor date vei avea sau nu acces la datele personale<\/strong>!<\/li>\n<li><strong><span style=\"color: #ff0000;\">Pentru vizualizarea datelor, acceseaz\u0103 pagina \u201cStuden\u0163i\u201d \u2013 iar apoi link-ul \u201cNote, taxe\u201d<\/span>.<\/strong><\/li>\n<li>La p\u0103r\u0103sirea aplica\u0163iei apas\u0103 butonul\u00a0<strong>Logout<\/strong>. \u00cen caz contrar, exist\u0103 riscul ca datele personale s\u0103 fie vizualizate \u015fi de al\u0163i colegi.<\/li>\n<\/ul>\n<p><strong>Probleme legate de logare \u015fi de administrare a contului<\/strong><\/p>\n<ul style=\"list-style-type: circle;\">\n<li>Pentru <span style=\"color: #0000ff;\"><strong>probleme legate de logare<\/strong> \u0219i <strong>de administrare<\/strong><\/span>, adreseaz\u0103-te <span style=\"color: #0000ff;\"><strong>Biroului de Statistic\u0103 \u015fi Informatizare<\/strong><\/span> al UAIC, la num\u0103rul de telefon <strong>0232 20 15 95<\/strong> sau trimite un e-mail la adresa<span style=\"color: #0000ff;\"> <strong>stefc@uaic.ro<\/strong> (Cristina \u015etefanache \u2013 managerul aplica\u0163iei)<\/span>.<\/li>\n<li>Dac\u0103 \u00eent\u00e2mpina\u0163i probleme \u00een gestionarea contului, realiza\u0163i urm\u0103toarele manevre, obligatoriu \u00een aceast\u0103 ordine:\n<ol>\n<li>verifica\u0163i dac\u0103 a\u0163i respectat toate cerin\u0163ele aplica\u0163iei privind crearea contului;<\/li>\n<li>dac\u0103 a\u0163i uitat parola, accesa\u0163i butonul \u201cRecuperare parol\u0103\u201d \u015fi respecta\u0163i instruc\u0163iunile;<\/li>\n<li>realiza\u0163i blocarea contului dumneavoastr\u0103, iar dup\u0103 15 minute contul blocat va fi radiat \u015fi vi-l pute\u0163i creea din nou;<\/li>\n<li>adresa\u0163i-v\u0103 Departamentului de Statistic\u0103 \u015fi Informatizare al c\u0103rui sediu se afl\u0103 \u00een spatele corpului B al universita\u0163ii (accesul se realizeaz\u0103 prin holul central al corpului B).<\/li>\n<\/ol>\n<\/li>\n<li><span style=\"color: #ff0000;\"><strong>Fiecare student are obliga\u0163ia de a-\u015fi verifica notele \u015fi situa\u0163ia pl\u0103\u0163ii taxelor de \u015fcolarizare cu ajutorul acestui program<\/strong><\/span> deoarece cu eSIMS se \u00eencheie mediile \u015fi se fac toate ierarhiz\u0103rile pentru:\n<ul>\n<li><strong>redistribuirea locurilor de la buget\/tax\u0103;<\/strong><\/li>\n<li><strong>cazare;<\/strong><\/li>\n<li><strong>burse<\/strong>;<\/li>\n<\/ul>\n<\/li>\n<\/ul>\n<p>&nbsp;<\/p>\n<p>\u00cen cazul \u00een care sesiza\u0163i gre\u015feli privind situa\u0163ia \u015fcolar\u0103\u00a0<strong>trebuie s\u0103 aduce\u0163i imediat la cuno\u015ftin\u0163\u0103 secretariatului<\/strong>.<\/p>\n<p>&nbsp;<\/p>\n<p>&nbsp;<\/p>\n<p>&nbsp;<\/p>\n","protected":false},"excerpt":{"rendered":"<p>ATENTIE! Prezenta aplica\u0163ie (eSIMS) va putea fi folosit\u0103 p\u00e2n\u0103 la 1 Martie 2025 data la care contul de tip num\u0103r matricol folosit pentru acces la note se va \u015fterge. Accesul la informa\u0163iile privind \u015fcolaritatea vor fi disponibile la adresa: https:\/\/grades.uaic.ro Pentru conectare se va utiliza numele de cont institu\u0163ional de forma &#8222;prenume.nume&#8221;, acela\u015fi cont folosit \u015fi pentru celelalte\u2026 <span class=\"read-more\"><a href=\"https:\/\/www.phys.uaic.ro\/old\/index.php\/esims\/\">Read More &raquo;<\/a><\/span><\/p>\n","protected":false},"author":4,"featured_media":0,"parent":0,"menu_order":0,"comment_status":"closed","ping_status":"closed","template":"","meta":{"footnotes":""},"class_list":["post-18580","page","type-page","status-publish","hentry"],"_links":{"self":[{"href":"https:\/\/www.phys.uaic.ro\/old\/index.php\/wp-json\/wp\/v2\/pages\/18580","targetHints":{"allow":["GET"]}}],"collection":[{"href":"https:\/\/www.phys.uaic.ro\/old\/index.php\/wp-json\/wp\/v2\/pages"}],"about":[{"href":"https:\/\/www.phys.uaic.ro\/old\/index.php\/wp-json\/wp\/v2\/types\/page"}],"author":[{"embeddable":true,"href":"https:\/\/www.phys.uaic.ro\/old\/index.php\/wp-json\/wp\/v2\/users\/4"}],"replies":[{"embeddable":true,"href":"https:\/\/www.phys.uaic.ro\/old\/index.php\/wp-json\/wp\/v2\/comments?post=18580"}],"version-history":[{"count":0,"href":"https:\/\/www.phys.uaic.ro\/old\/index.php\/wp-json\/wp\/v2\/pages\/18580\/revisions"}],"wp:attachment":[{"href":"https:\/\/www.phys.uaic.ro\/old\/index.php\/wp-json\/wp\/v2\/media?parent=18580"}],"curies":[{"name":"wp","href":"https:\/\/api.w.org\/{rel}","templated":true}]}}