{"id":18590,"date":"2023-02-09T11:28:05","date_gmt":"2023-02-09T09:28:05","guid":{"rendered":"https:\/\/www.phys.uaic.ro\/?page_id=18590"},"modified":"2023-02-09T11:28:05","modified_gmt":"2023-02-09T09:28:05","slug":"documentele-necesare-pentru-dosarul-de-confirmare-a-titlului-stiintific-de-doctor","status":"publish","type":"page","link":"https:\/\/www.phys.uaic.ro\/old\/index.php\/documentele-necesare-pentru-dosarul-de-confirmare-a-titlului-stiintific-de-doctor\/","title":{"rendered":"Documentele  necesare pentru dosarul de confirmare a titlului \u015ftiin\u0163ific de doctor"},"content":{"rendered":"<ul>\n<li>copie scanat\u0103 a actului de identitate al studentului-doctorand;<\/li>\n<li>copie scanat\u0103 a certificatului de na\u015ftere al studentului-doctorand;<\/li>\n<li>copie scanat\u0103 a certificatului de c\u0103s\u0103torie, dac\u0103 este cazul;<\/li>\n<li>\u00a0CV-ul studentului-doctorand;<\/li>\n<li>\u00a0decizia de admitere la programul de studii universitare de doctorat;<\/li>\n<li>\u00a0contractul de studii universitare de doctorat \u015fi actele adi\u0163ionale, dup\u0103 caz. Datele personale, cu excep\u0163ia numelui, nu vor fi vizibile public;<\/li>\n<li>\u00a0cerere semnat\u0103 de studentul-doctorand, \u00eenregistrat\u0103 la \u015fcoala doctoral\u0103, privind demararea procedurilor de evaluare a tezei de c\u0103tre comisia de \u00eendrumare, avizat\u0103 de conduc\u0103torul de doctorat, \u00een vederea presus\u0163inerii;<\/li>\n<li>\u00a0copie scanat\u0103 dup\u0103 declara\u0163ia semnat\u0103 de studentul-doctorand \u015fi de conduc\u0103torul de doctorat privind asumarea r\u0103spunderii cu privire la asigurarea originalit\u0103\u0163ii con\u0163inutului tezei de doctorat, precum \u015fi a respect\u0103rii standardelor de calitate \u015fi de etic\u0103 profesional\u0103, conform art. 143 alin. (4) \u015fi art. 170 din Legea educa\u0163iei na\u0163ionale nr. 1\/2011, cu modific\u0103rile \u015fi complet\u0103rile ulterioare, \u015fi ale art. 65 alin. (5)-(7) din Codul studiilor universitare de doctorat, aprobat prin Hot\u0103r\u00e2rea Guvernului nr. 681\/2011, cu modific\u0103rile \u015fi complet\u0103rile ulterioare;<\/li>\n<li>\u00a0cel pu\u0163in un raport de similitudini care va include rezolu\u0163ia conduc\u0103torului de doctorat \u015fi, dup\u0103 caz, a altor persoane care au analizat raportul;<\/li>\n<li>referat \u00eentocmit de \u015fcoala doctoral\u0103, preliminar sus\u0163inerii publice a tezei, \u015fi documente care atest\u0103 parcursul programului de studii;<\/li>\n<li>\u00a0propunerea componen\u0163ei comisiei de sus\u0163inere public\u0103, formulat\u0103 de conduc\u0103torul de doctorat \u015fi aprobat\u0103 de CSUD;<\/li>\n<li>CV-urile membrilor comisiei de sus\u0163inere public\u0103;<\/li>\n<li>\u00a0decizia de numire a comisiei de sus\u0163inere public\u0103;<\/li>\n<li>\u00a0cererea pentru fixarea datei de sus\u0163inere public\u0103 a tezei de doctorat, avizat\u0103 de conduc\u0103torul de doctorat \u015fi de pre\u015fedintele comisiei de sus\u0163inere, depus\u0103 la secretariatul \u015fcolii doctorale cu minimum 20 de zile calendaristice \u00eenainte de data propus\u0103 pentru sus\u0163inere;<\/li>\n<li>\u00a0anun\u0163ul pentru sus\u0163inerea public\u0103, \u00eentocmit de \u015fcoala doctoral\u0103 cu cel pu\u0163in 20 de zile calendaristice \u00eenainte de data propus\u0103 pentru sus\u0163inere;<\/li>\n<li>\u00a0adeverin\u0163a privind depunerea unui exemplar tip\u0103rit al tezei de doctorat la bibliotec\u0103;<\/li>\n<li>\u00a0rapoartele referen\u0163ilor oficiali, membri ai comisiei de doctorat, semnate de ace\u015ftia, sub forma unor copii scanate sau documente semnate electronic;<\/li>\n<li>\u00a0referatul de acceptare din partea \u00eendrum\u0103torului de doctorat;<\/li>\n<li>\u00a0avizul comisiei de \u00eendrumare \u00een vederea depunerii tezei de doctorat la secretariatul \u015fcolii doctorale;<\/li>\n<li>procesul-verbal al sus\u0163inerii publice a tezei de doctorat \u015fi anexa cu \u00eentreb\u0103ri \u015fi r\u0103spunsuri, care con\u0163ine propunerea de acordare a titlului de doctor, semnat de to\u0163i membrii comisiei de doctorat, sub forma unei copii scanate sau a unui document semnat electronic sau, dup\u0103 caz, \u00eenregistrarea audio integral\u0103 a sus\u0163inerii publice a tezei de doctorat, care va trebui \u00eenso\u0163it\u0103 de o adres\u0103 certific\u00e2nd durata \u00eenregistr\u0103rii \u015fi buna ei conservare (op\u0163ional);<\/li>\n<li>\u00a0rezumatul tezei de doctorat;<\/li>\n<li>teza de doctorat \u015fi anexele sale, \u00een format electronic;<\/li>\n<li>lista publica\u0163iilor rezultate \u00een urma cercet\u0103rii \u015ftiin\u0163ifice din programul de studii doctorale, publicate sau acceptate spre publicare, dac\u0103 este cazul, \u015fi copii scanate ale respectivelor publica\u0163ii;<\/li>\n<li>\u00a0declara\u0163ia studentului-doctorand privind op\u0163iunile acestuia referitor la publicarea tezei de doctorat;<\/li>\n<li>\u00a0solicitarea IOSUD de intrare \u00een procedura de evaluare la nivelul CNATDCU a tezei de doctorat, \u00eenregistrat\u0103 la MENC\u015e.<\/li>\n<\/ul>\n<p>Copiile documentelor, semnate electronic \u00een format PDF, cu valoare legal\u0103, din dosarul de doctorat se \u00eencarc\u0103 pe platforma electronic\u0103 na\u0163ional\u0103.<\/p>\n<p>Procesul-verbal al sus\u0163inerii publice, prev\u0103zut la art. 9 lit. \u015f), include \u015fi:<\/p>\n<ul>\n<li>\u00a0calificativul propus a se acorda;<\/li>\n<li>indicarea comisiei de specialitate din cadrul CNATDCU c\u0103reia \u00eei este arondat domeniul de studii universitare de doctorat \u00een care a fost absolvit programul de studii;<\/li>\n<li>data sus\u0163inerii publice a tezei de doctorat.<\/li>\n<\/ul>\n<p>Teza de doctorat \u015fi anexele sale, incluse \u00een dosar, sunt \u00eenc\u0103rcate semnate electronic \u00een format PDF, cu valoare legal\u0103, pe platforma electronic\u0103 na\u0163ional\u0103, \u00een care textul principal este reprezentat ca atare, \u015fi nu prin imagini. Pot face excep\u0163ie de la aceast\u0103 regul\u0103 materialele audio, video sau ilustra\u0163iile grafice.<\/p>\n","protected":false},"excerpt":{"rendered":"<p>copie scanat\u0103 a actului de identitate al studentului-doctorand; copie scanat\u0103 a certificatului de na\u015ftere al studentului-doctorand; copie scanat\u0103 a certificatului de c\u0103s\u0103torie, dac\u0103 este cazul; \u00a0CV-ul studentului-doctorand; \u00a0decizia de admitere la programul de studii universitare de doctorat; \u00a0contractul de studii universitare de doctorat \u015fi actele adi\u0163ionale, dup\u0103 caz. Datele personale, cu excep\u0163ia numelui, nu vor fi vizibile public;\u2026 <span class=\"read-more\"><a href=\"https:\/\/www.phys.uaic.ro\/old\/index.php\/documentele-necesare-pentru-dosarul-de-confirmare-a-titlului-stiintific-de-doctor\/\">Read More &raquo;<\/a><\/span><\/p>\n","protected":false},"author":4,"featured_media":0,"parent":0,"menu_order":0,"comment_status":"closed","ping_status":"closed","template":"","meta":{"footnotes":""},"class_list":["post-18590","page","type-page","status-publish","hentry"],"_links":{"self":[{"href":"https:\/\/www.phys.uaic.ro\/old\/index.php\/wp-json\/wp\/v2\/pages\/18590","targetHints":{"allow":["GET"]}}],"collection":[{"href":"https:\/\/www.phys.uaic.ro\/old\/index.php\/wp-json\/wp\/v2\/pages"}],"about":[{"href":"https:\/\/www.phys.uaic.ro\/old\/index.php\/wp-json\/wp\/v2\/types\/page"}],"author":[{"embeddable":true,"href":"https:\/\/www.phys.uaic.ro\/old\/index.php\/wp-json\/wp\/v2\/users\/4"}],"replies":[{"embeddable":true,"href":"https:\/\/www.phys.uaic.ro\/old\/index.php\/wp-json\/wp\/v2\/comments?post=18590"}],"version-history":[{"count":0,"href":"https:\/\/www.phys.uaic.ro\/old\/index.php\/wp-json\/wp\/v2\/pages\/18590\/revisions"}],"wp:attachment":[{"href":"https:\/\/www.phys.uaic.ro\/old\/index.php\/wp-json\/wp\/v2\/media?parent=18590"}],"curies":[{"name":"wp","href":"https:\/\/api.w.org\/{rel}","templated":true}]}}