{"id":18852,"date":"2023-02-27T09:36:39","date_gmt":"2023-02-27T07:36:39","guid":{"rendered":"https:\/\/www.phys.uaic.ro\/?page_id=18852"},"modified":"2023-02-27T09:36:39","modified_gmt":"2023-02-27T07:36:39","slug":"fise-discipline-licenta-la-specializarea-fizica-tehnologica-extensiunea-balti-anul-iv","status":"publish","type":"page","link":"https:\/\/www.phys.uaic.ro\/old\/index.php\/fise-discipline-licenta-la-specializarea-fizica-tehnologica-extensiunea-balti-anul-iv\/","title":{"rendered":"Fi\u0219e discipline licen\u0163\u0103 la specializarea Fizic\u0103 tehnologic\u0103 &#8211; Extensiunea B\u0103l\u021bi, anul IV"},"content":{"rendered":"<p>Semestrul I<\/p>\n<ul>\n<li><a href=\"https:\/\/www.phys.uaic.ro\/old\/wp-content\/uploads\/2022\/10\/FT_Balti_anul4_sem1.pdf\">Discipline obligatorii<\/a><\/li>\n<\/ul>\n<p>&nbsp;<\/p>\n<p>Semestrul al II-lea<\/p>\n<ul>\n<li><a href=\"https:\/\/www.phys.uaic.ro\/old\/wp-content\/uploads\/2023\/02\/FT_anul-4_sem-2.pdf\">Discipline obligatorii<\/a><\/li>\n<\/ul>\n","protected":false},"excerpt":{"rendered":"<p>Semestrul I Discipline obligatorii &nbsp; Semestrul al II-lea Discipline obligatorii<\/p>\n","protected":false},"author":4,"featured_media":0,"parent":0,"menu_order":0,"comment_status":"closed","ping_status":"closed","template":"","meta":{"footnotes":""},"class_list":["post-18852","page","type-page","status-publish","hentry"],"_links":{"self":[{"href":"https:\/\/www.phys.uaic.ro\/old\/index.php\/wp-json\/wp\/v2\/pages\/18852","targetHints":{"allow":["GET"]}}],"collection":[{"href":"https:\/\/www.phys.uaic.ro\/old\/index.php\/wp-json\/wp\/v2\/pages"}],"about":[{"href":"https:\/\/www.phys.uaic.ro\/old\/index.php\/wp-json\/wp\/v2\/types\/page"}],"author":[{"embeddable":true,"href":"https:\/\/www.phys.uaic.ro\/old\/index.php\/wp-json\/wp\/v2\/users\/4"}],"replies":[{"embeddable":true,"href":"https:\/\/www.phys.uaic.ro\/old\/index.php\/wp-json\/wp\/v2\/comments?post=18852"}],"version-history":[{"count":0,"href":"https:\/\/www.phys.uaic.ro\/old\/index.php\/wp-json\/wp\/v2\/pages\/18852\/revisions"}],"wp:attachment":[{"href":"https:\/\/www.phys.uaic.ro\/old\/index.php\/wp-json\/wp\/v2\/media?parent=18852"}],"curies":[{"name":"wp","href":"https:\/\/api.w.org\/{rel}","templated":true}]}}