{"id":19034,"date":"2023-03-09T07:51:55","date_gmt":"2023-03-09T05:51:55","guid":{"rendered":"https:\/\/www.phys.uaic.ro\/?page_id=19034"},"modified":"2023-03-09T07:51:55","modified_gmt":"2023-03-09T05:51:55","slug":"anunt-privind-sustinerea-raportului-de-cercetare-a-drd-rotundu-ana-maria-cas-botezatu-pe-24-martie-2023-2","status":"publish","type":"page","link":"https:\/\/www.phys.uaic.ro\/old\/index.php\/anunt-privind-sustinerea-raportului-de-cercetare-a-drd-rotundu-ana-maria-cas-botezatu-pe-24-martie-2023-2\/","title":{"rendered":"Anun\u021b privind sus\u021binerea raportului de cercetare a drd. ROTUNDU Ana Maria (c\u0103s. BOTEZATU) pe 24 martie 2023"},"content":{"rendered":"<p>La data de <strong>24<\/strong><strong> martie 2023<\/strong>, \u00eencep\u00e2nd cu ora <strong>10<sup>00<\/sup> <\/strong>\u00een <strong>Laboratorul de Autoorganizare <\/strong>va avea loc sus\u021binerea raportului de cercetare cu titlul<em> <strong>\u201c<\/strong><strong>Unele aplica\u021bii ale relativit\u0103\u021bii de scal\u0103 \u00een descrierea dinamicilor sistemelor fizice\u201d<\/strong><\/em>, prezentat de studentul-doctorand <strong>ROTUNDU Ana Maria (c\u0103s. BOTEZATU)<\/strong>, sub \u00eendrumarea <strong>prof. univ. dr. Maricel AGOP<\/strong>.<\/p>\n","protected":false},"excerpt":{"rendered":"<p>La data de 24 martie 2023, \u00eencep\u00e2nd cu ora 1000 \u00een Laboratorul de Autoorganizare va avea loc sus\u021binerea raportului de cercetare cu titlul \u201cUnele aplica\u021bii ale relativit\u0103\u021bii de scal\u0103 \u00een descrierea dinamicilor sistemelor fizice\u201d, prezentat de studentul-doctorand ROTUNDU Ana Maria (c\u0103s. BOTEZATU), sub \u00eendrumarea prof. univ. dr. Maricel AGOP.<\/p>\n","protected":false},"author":4,"featured_media":0,"parent":0,"menu_order":0,"comment_status":"closed","ping_status":"closed","template":"","meta":{"footnotes":""},"class_list":["post-19034","page","type-page","status-publish","hentry"],"_links":{"self":[{"href":"https:\/\/www.phys.uaic.ro\/old\/index.php\/wp-json\/wp\/v2\/pages\/19034","targetHints":{"allow":["GET"]}}],"collection":[{"href":"https:\/\/www.phys.uaic.ro\/old\/index.php\/wp-json\/wp\/v2\/pages"}],"about":[{"href":"https:\/\/www.phys.uaic.ro\/old\/index.php\/wp-json\/wp\/v2\/types\/page"}],"author":[{"embeddable":true,"href":"https:\/\/www.phys.uaic.ro\/old\/index.php\/wp-json\/wp\/v2\/users\/4"}],"replies":[{"embeddable":true,"href":"https:\/\/www.phys.uaic.ro\/old\/index.php\/wp-json\/wp\/v2\/comments?post=19034"}],"version-history":[{"count":0,"href":"https:\/\/www.phys.uaic.ro\/old\/index.php\/wp-json\/wp\/v2\/pages\/19034\/revisions"}],"wp:attachment":[{"href":"https:\/\/www.phys.uaic.ro\/old\/index.php\/wp-json\/wp\/v2\/media?parent=19034"}],"curies":[{"name":"wp","href":"https:\/\/api.w.org\/{rel}","templated":true}]}}