{"id":19038,"date":"2023-03-09T07:54:32","date_gmt":"2023-03-09T05:54:32","guid":{"rendered":"https:\/\/www.phys.uaic.ro\/?page_id=19038"},"modified":"2023-03-09T07:54:32","modified_gmt":"2023-03-09T05:54:32","slug":"anunt-privind-sustinerea-raportului-de-cercetare-a-drd-rosu-iulian-alin-pe-24-martie-2023","status":"publish","type":"page","link":"https:\/\/www.phys.uaic.ro\/old\/index.php\/anunt-privind-sustinerea-raportului-de-cercetare-a-drd-rosu-iulian-alin-pe-24-martie-2023\/","title":{"rendered":"Anun\u021b privind sus\u021binerea raportului de cercetare a drd. RO\u0218U Iulian-Alin pe 24 martie 2023"},"content":{"rendered":"<p>La data de <strong>24<\/strong><strong> martie 2023<\/strong>, \u00eencep\u00e2nd cu ora <strong>10<sup>30<\/sup> <\/strong>\u00een <strong>Laboratorul de Autoorganizare <\/strong>va avea loc sus\u021binerea raportului de cercetare cu titlul <em>\u201c<strong>Studiul dinamicii haosului \u00een structurile atmosferice<\/strong>\u201d<\/em>, prezentat de studentul-doctorand <strong>RO\u0218U Iulian-Alin<\/strong>, sub \u00eendrumarea <strong>prof. univ. dr. Maricel AGOP<\/strong>.<\/p>\n","protected":false},"excerpt":{"rendered":"<p>La data de 24 martie 2023, \u00eencep\u00e2nd cu ora 1030 \u00een Laboratorul de Autoorganizare va avea loc sus\u021binerea raportului de cercetare cu titlul \u201cStudiul dinamicii haosului \u00een structurile atmosferice\u201d, prezentat de studentul-doctorand RO\u0218U Iulian-Alin, sub \u00eendrumarea prof. univ. dr. Maricel AGOP.<\/p>\n","protected":false},"author":4,"featured_media":0,"parent":0,"menu_order":0,"comment_status":"closed","ping_status":"closed","template":"","meta":{"footnotes":""},"class_list":["post-19038","page","type-page","status-publish","hentry"],"_links":{"self":[{"href":"https:\/\/www.phys.uaic.ro\/old\/index.php\/wp-json\/wp\/v2\/pages\/19038","targetHints":{"allow":["GET"]}}],"collection":[{"href":"https:\/\/www.phys.uaic.ro\/old\/index.php\/wp-json\/wp\/v2\/pages"}],"about":[{"href":"https:\/\/www.phys.uaic.ro\/old\/index.php\/wp-json\/wp\/v2\/types\/page"}],"author":[{"embeddable":true,"href":"https:\/\/www.phys.uaic.ro\/old\/index.php\/wp-json\/wp\/v2\/users\/4"}],"replies":[{"embeddable":true,"href":"https:\/\/www.phys.uaic.ro\/old\/index.php\/wp-json\/wp\/v2\/comments?post=19038"}],"version-history":[{"count":0,"href":"https:\/\/www.phys.uaic.ro\/old\/index.php\/wp-json\/wp\/v2\/pages\/19038\/revisions"}],"wp:attachment":[{"href":"https:\/\/www.phys.uaic.ro\/old\/index.php\/wp-json\/wp\/v2\/media?parent=19038"}],"curies":[{"name":"wp","href":"https:\/\/api.w.org\/{rel}","templated":true}]}}