{"id":19103,"date":"2023-04-02T17:48:42","date_gmt":"2023-04-02T14:48:42","guid":{"rendered":"https:\/\/www.phys.uaic.ro\/?page_id=19103"},"modified":"2025-03-24T18:11:48","modified_gmt":"2025-03-24T16:11:48","slug":"studenti-concurs-hurmuzescu-concurs-hurmuzescu-xi","status":"publish","type":"page","link":"https:\/\/www.phys.uaic.ro\/old\/index.php\/studenti-concurs-hurmuzescu-concurs-hurmuzescu-xi\/","title":{"rendered":"https:\/\/www.phys.uaic.ro\/old\/index.php\/studenti-concurs-hurmuzescu-concurs-hurmuzescu-xi\/"},"content":{"rendered":"<div class=\"entry-content\">\n<h4><a href=\"https:\/\/www.phys.uaic.ro\/old\/wp-content\/uploads\/2023\/04\/Programa_DH_2023.pdf\">Tematica pentru Concursul Na\u0163ional Studen\u0163esc de Fizic\u0103 \u201cDragomir Hurmuzescu\u201d<\/a><\/h4>\n<p>Concursul de fizic\u0103 Dragomir Hurmuzescu se va desf\u0103\u015fura astfel:<\/p>\n<ul>\n<li>faza local\u0103\n<ul>\n<li>pentru anii I \u015fi II \u2013 proba scris\u0103 (doua ore):\n<ul>\n<li>s\u00e2mb\u0103t\u0103 8 aprilie 2023, de la ora 9. ; vineri 7 aprilie, de la ora 10 (Balti)\n<ul>\n<li>la anul I vor fi trei probleme de mecanica<\/li>\n<li>la anul al II-lea vor fi trei probleme: una de fizic\u0103 molecular\u0103, una de optic\u0103 geometric\u0103 \u015fi una de electricitate\/magnetism<\/li>\n<\/ul>\n<\/li>\n<\/ul>\n<\/li>\n<li>pentru anii III \u015fi IV \u2013 prezent\u0103ri orale (maxim 10 minute):\n<ul>\n<li>in jurul datei de 2 mai 2023 (data exacta va fi stabilita dupa ce se vor finaliza inscrierile)<\/li>\n<\/ul>\n<\/li>\n<\/ul>\n<\/li>\n<\/ul>\n<ul>\n<li>faza na\u0163ional\u0103 va avea loc pe 13 mai 2023 si va fi organizat\u0103 la Iasi<\/li>\n<\/ul>\n<h2>Faza local\u0103<\/h2>\n<p>Inscrisi faza locala<\/p>\n<p>Anul I: Loredana Nedelcu, Dragos Vasilas, Stefan Stamate, Daniel Gherman, Alexandru Cristea, Bianca Rata, David Lungu, Alexandra Hriscu, Iana Cotelenet (EB), Costel Sclearenco (EB), Carolina Tiltu (EB)<\/p>\n<p>Anul al II-lea: Adela Tonita, Stefan Folescu, Mariam Osman, Alexandru Miron, Cristina Pop, Larisa Mazilu<\/p>\n<p>Anul al III-lea :<\/p>\n<\/div>\n<div data-offset-key=\"bt45h-0-0\">\n<ul>\n<li><strong>Luca Costin<\/strong>, &#8222;Problema celor 3 corpuri&#8221;, coord. prof. Marina-Aura Dariescu<\/li>\n<li><strong>Octavian Bu<\/strong><strong>\u021b<\/strong><strong>a<\/strong>, \u201cModelarea Caldurii produse in hipertermia magnetica\u201d, coord. Prof. Cristian Enachescu si Laurentiu Stoleriu<\/li>\n<li><strong>Monica Moisiuc<\/strong>, \u201cUtilizarea ferofluidelor in medicina\u201d, coord. prof. Iordana Astefanoaei<\/li>\n<li><strong>Rares Barcan<\/strong>, \u201cAnaliza stelelor relativiste\u201d, coord. prof. Iordana Astefanoaei<\/li>\n<li><strong>Adina Cimpanu<\/strong>, \u201cStudiul efectului indus de proteinele serice asupra detec\u021biei acizilor nucleici tumorali\u201d, coord. prof. Tudor Luchian<\/li>\n<\/ul>\n<\/div>\n<div class=\"entry-content\">\n<p><strong>Subiecte si bareme<\/strong><\/p>\n<p><a href=\"https:\/\/www.phys.uaic.ro\/old\/wp-content\/uploads\/2023\/04\/2023-anul-I-subiecte.pdf\">Subiecte\u00a0 anul I<\/a><\/p>\n<p><a href=\"https:\/\/www.phys.uaic.ro\/old\/wp-content\/uploads\/2023\/04\/2023-anul-I-bareme.pdf\">Bareme anul I<\/a><\/p>\n<p><a href=\"https:\/\/www.phys.uaic.ro\/old\/wp-content\/uploads\/2023\/04\/2023-anul-II-subiecte.pdf\">Subiecte anul al II-lea<\/a><\/p>\n<p><a href=\"https:\/\/www.phys.uaic.ro\/old\/wp-content\/uploads\/2023\/04\/2023-anul-II-barem-termo.pdf\">Bareme anul al II-lea<\/a><\/p>\n<p><b>Rezultate:<\/b><\/p>\n<p><strong>Anul I:\u00a0<\/strong><\/p>\n<p>Premiul I: Alexandru Cristea (calificat la Etapa Nationala)<\/p>\n<p>Premiul al II-lea: Dragos Vasilas (calificat la Etapa Nationala)<\/p>\n<p>Premiul al III-lea: Daniel Gherman<\/p>\n<p>Mentiuni: Loredana Nedelcu, Stefan Stamate, David Lungu-Bucur, Alexandra Hriscu<\/p>\n<p><strong>Anul al II-lea<\/strong><\/p>\n<p>Premiul I (ex aequo) Mariam Osman si Larisa Mazilu (calificate la Etapa nationala)<\/p>\n<p>Premul al III-lea Alexandru Miron<\/p>\n<p>Premiul al III- lea Adela Tonita<\/p>\n<p>Mentiune: Stefan Folescu<\/p>\n<h2>Etapa na\u0163ional\u0103 13 mai 2023, Iasi<\/h2>\n<p><strong>Subiecte si bareme<\/strong><\/p>\n<p><a href=\"https:\/\/www.phys.uaic.ro\/old\/wp-content\/uploads\/2025\/03\/Anul-I-DH-2023-subiecte.pdf\">Subiecte anul I<\/a><\/p>\n<p><a href=\"https:\/\/www.phys.uaic.ro\/old\/wp-content\/uploads\/2025\/03\/Anul-I-DH-2023-bareme.pdf\">Bareme anul I<\/a><\/p>\n<p><a href=\"https:\/\/www.phys.uaic.ro\/old\/wp-content\/uploads\/2025\/03\/Anul-II-DH-2023-subiecte.pdf\">Subiecte anul al II-lea<\/a><\/p>\n<p><a href=\"https:\/\/www.phys.uaic.ro\/old\/wp-content\/uploads\/2025\/03\/Anul-II-DH-2023-bareme.pdf\">Bareme anul al II-lea<\/a><\/p>\n<\/div>\n","protected":false},"excerpt":{"rendered":"<p>Tematica pentru Concursul Na\u0163ional Studen\u0163esc de Fizic\u0103 \u201cDragomir Hurmuzescu\u201d Concursul de fizic\u0103 Dragomir Hurmuzescu se va desf\u0103\u015fura astfel: faza local\u0103 pentru anii I \u015fi II \u2013 proba scris\u0103 (doua ore): s\u00e2mb\u0103t\u0103 8 aprilie 2023, de la ora 9. ; vineri 7 aprilie, de la ora 10 (Balti) la anul I vor fi trei probleme de mecanica la anul\u2026 <span class=\"read-more\"><a href=\"https:\/\/www.phys.uaic.ro\/old\/index.php\/studenti-concurs-hurmuzescu-concurs-hurmuzescu-xi\/\">Read More &raquo;<\/a><\/span><\/p>\n","protected":false},"author":3,"featured_media":0,"parent":0,"menu_order":0,"comment_status":"closed","ping_status":"closed","template":"","meta":{"footnotes":""},"class_list":["post-19103","page","type-page","status-publish","hentry"],"_links":{"self":[{"href":"https:\/\/www.phys.uaic.ro\/old\/index.php\/wp-json\/wp\/v2\/pages\/19103","targetHints":{"allow":["GET"]}}],"collection":[{"href":"https:\/\/www.phys.uaic.ro\/old\/index.php\/wp-json\/wp\/v2\/pages"}],"about":[{"href":"https:\/\/www.phys.uaic.ro\/old\/index.php\/wp-json\/wp\/v2\/types\/page"}],"author":[{"embeddable":true,"href":"https:\/\/www.phys.uaic.ro\/old\/index.php\/wp-json\/wp\/v2\/users\/3"}],"replies":[{"embeddable":true,"href":"https:\/\/www.phys.uaic.ro\/old\/index.php\/wp-json\/wp\/v2\/comments?post=19103"}],"version-history":[{"count":0,"href":"https:\/\/www.phys.uaic.ro\/old\/index.php\/wp-json\/wp\/v2\/pages\/19103\/revisions"}],"wp:attachment":[{"href":"https:\/\/www.phys.uaic.ro\/old\/index.php\/wp-json\/wp\/v2\/media?parent=19103"}],"curies":[{"name":"wp","href":"https:\/\/api.w.org\/{rel}","templated":true}]}}