{"id":19241,"date":"2023-05-10T11:44:25","date_gmt":"2023-05-10T08:44:25","guid":{"rendered":"https:\/\/www.phys.uaic.ro\/?page_id=19241"},"modified":"2023-05-10T12:21:09","modified_gmt":"2023-05-10T09:21:09","slug":"sustinerea-tezei-de-doctorat-a-drd-bucataru-i-s-ioana-cezara-pe-29-05-2023","status":"publish","type":"page","link":"https:\/\/www.phys.uaic.ro\/old\/index.php\/sustinerea-tezei-de-doctorat-a-drd-bucataru-i-s-ioana-cezara-pe-29-05-2023\/","title":{"rendered":"Sus\u021binerea tezei de doctorat a drd. BUC\u0102TARU I.S. Ioana-Cezara pe 29.05.2023"},"content":{"rendered":"<p><a href=\"https:\/\/www.phys.uaic.ro\/old\/wp-content\/uploads\/2023\/05\/anunt-sustinere-publica-C.-Bucataru.pdf\" target=\"_blank\" rel=\"noopener\"><em>Anun\u021bul sus\u021binerii publice<\/em><\/a><\/p>\n<p>La data de 29.05.2023, ora 11:00, \u00een sala Ferdinand, dra BUC\u0102TARU I.S. Ioana-Cezara va sus\u0163ine, \u00een \u015fedin\u0163\u0103 public\u0103, teza de doctorat cu titlul<\/p>\n<p><span style=\"font-size: 14pt;\"><strong><em>Detec\u021bia \u0219i analiza structural\u0103 cu nanopori, la nivel de singur\u0103 molecul\u0103, a unor biomolecule relevante func\u021bional<\/em><\/strong><\/span><\/p>\n<p>\u00een vederea ob\u0163inerii titlului \u015ftiin\u0163ific de doctor \u00een domeniul Fizic\u0103.<\/p>\n<p>BUC\u0102TARU I.S. Ioana-Cezara [<a href=\"https:\/\/www.phys.uaic.ro\/old\/wp-content\/uploads\/2023\/05\/CV-Ioana-Cezara-BUCATARU.pdf\" target=\"_blank\" rel=\"noopener\">CV<\/a>]<\/p>\n<p>Comisia de doctorat are urm\u0103toarea componen\u0163\u0103:<\/p>\n<ul>\n<li><b>Pre\u015fedinte<\/b>:\n<ul>\n<li>Prof. univ. dr. Diana-Mihaela Mardare, Universitatea &#8222;Alexandru Ioan Cuza&#8221; din Ia\u0219i [<a href=\"https:\/\/www.phys.uaic.ro\/old\/wp-content\/uploads\/2022\/05\/MARDARE_Diana_CV_RO.pdf\">CV<\/a> ]<\/li>\n<\/ul>\n<\/li>\n<\/ul>\n<ul>\n<li><b>Conduc\u0103tor \u015ftiin\u0163ific<\/b>:\n<ul>\n<li>Prof. univ. dr. Tudor LUCHIAN, Universitatea \u201dAlexandru Ioan Cuza\u201d din Ia\u0219i [<a href=\"https:\/\/www.phys.uaic.ro\/old\/wp-content\/uploads\/2022\/05\/CV_Tudor-Luchian_RO_2022.pdf\" target=\"_blank\" rel=\"noopener\">CV<\/a> ]<\/li>\n<\/ul>\n<\/li>\n<\/ul>\n<ul>\n<li><b>Referen\u0163i<\/b>:\n<ul>\n<li>Prof. univ. dr. habil. Beatrice-Mihaela RADU, Universitatea din Bucure\u0219ti [<a href=\"https:\/\/www.bio.unibuc.ro\/images\/CV_Beatrice_Radu_en.pdf\" target=\"_blank\" rel=\"noopener\">CV<\/a> ]<\/li>\n<li>Prof. univ. dr. habil. Gabriela BORCIA, Universitatea &#8222;Alexandru Ioan Cuza&#8221; din Ia\u0219i [<a href=\"https:\/\/www.phys.uaic.ro\/old\/wp-content\/uploads\/2022\/05\/Borcia_Gabriela_CV_RO-1.pdf\" target=\"_blank\" rel=\"noopener\">CV<\/a> ]<\/li>\n<li>C.S. I dr. Mariana PINTEAL\u0102, Institutul de Chimie Macromolecular\u0103 \u201dPetru Poni\u201d Ia\u0219i [<a href=\"https:\/\/www.phys.uaic.ro\/old\/wp-content\/uploads\/2022\/05\/CV-Dr.-Pinteala-M.pdf\" target=\"_blank\" rel=\"noopener\">CV<\/a> ]<\/li>\n<\/ul>\n<\/li>\n<\/ul>\n<p>&nbsp;<\/p>\n<p>Teza poate fi consultat\u0103 la Biblioteca Facult\u0103\u0163ii de Fizic\u0103.<\/p>\n<ul>\n<li><a href=\"https:\/\/www.phys.uaic.ro\/old\/wp-content\/uploads\/2023\/05\/Rezumat-teza-doctorat_Cezara-Bucataru.pdf\" target=\"_blank\" rel=\"noopener\"><em>Rezumatul tezei de doctorat<\/em> <\/a><img loading=\"lazy\" decoding=\"async\" class=\"\" src=\"http:\/\/www.phys.uaic.ro\/wp\/imagini\/pdf-icon.png\" alt=\"pdf\" width=\"19\" height=\"19\" \/><\/li>\n<\/ul>\n","protected":false},"excerpt":{"rendered":"<p>Anun\u021bul sus\u021binerii publice La data de 29.05.2023, ora 11:00, \u00een sala Ferdinand, dra BUC\u0102TARU I.S. Ioana-Cezara va sus\u0163ine, \u00een \u015fedin\u0163\u0103 public\u0103, teza de doctorat cu titlul Detec\u021bia \u0219i analiza structural\u0103 cu nanopori, la nivel de singur\u0103 molecul\u0103, a unor biomolecule relevante func\u021bional \u00een vederea ob\u0163inerii titlului \u015ftiin\u0163ific de doctor \u00een domeniul Fizic\u0103. BUC\u0102TARU I.S. Ioana-Cezara [CV] Comisia de\u2026 <span class=\"read-more\"><a href=\"https:\/\/www.phys.uaic.ro\/old\/index.php\/sustinerea-tezei-de-doctorat-a-drd-bucataru-i-s-ioana-cezara-pe-29-05-2023\/\">Read More &raquo;<\/a><\/span><\/p>\n","protected":false},"author":4,"featured_media":0,"parent":0,"menu_order":0,"comment_status":"closed","ping_status":"closed","template":"","meta":{"footnotes":""},"class_list":["post-19241","page","type-page","status-publish","hentry"],"_links":{"self":[{"href":"https:\/\/www.phys.uaic.ro\/old\/index.php\/wp-json\/wp\/v2\/pages\/19241","targetHints":{"allow":["GET"]}}],"collection":[{"href":"https:\/\/www.phys.uaic.ro\/old\/index.php\/wp-json\/wp\/v2\/pages"}],"about":[{"href":"https:\/\/www.phys.uaic.ro\/old\/index.php\/wp-json\/wp\/v2\/types\/page"}],"author":[{"embeddable":true,"href":"https:\/\/www.phys.uaic.ro\/old\/index.php\/wp-json\/wp\/v2\/users\/4"}],"replies":[{"embeddable":true,"href":"https:\/\/www.phys.uaic.ro\/old\/index.php\/wp-json\/wp\/v2\/comments?post=19241"}],"version-history":[{"count":0,"href":"https:\/\/www.phys.uaic.ro\/old\/index.php\/wp-json\/wp\/v2\/pages\/19241\/revisions"}],"wp:attachment":[{"href":"https:\/\/www.phys.uaic.ro\/old\/index.php\/wp-json\/wp\/v2\/media?parent=19241"}],"curies":[{"name":"wp","href":"https:\/\/api.w.org\/{rel}","templated":true}]}}