{"id":19442,"date":"2023-06-07T11:12:29","date_gmt":"2023-06-07T08:12:29","guid":{"rendered":"https:\/\/www.phys.uaic.ro\/?page_id=19442"},"modified":"2023-06-07T11:12:29","modified_gmt":"2023-06-07T08:12:29","slug":"anunt-privind-sustinerea-raportului-de-cercetare-a-drd-vartic-cas-gradinaru-raluca-pe-data-de-28-06-2023","status":"publish","type":"page","link":"https:\/\/www.phys.uaic.ro\/old\/index.php\/anunt-privind-sustinerea-raportului-de-cercetare-a-drd-vartic-cas-gradinaru-raluca-pe-data-de-28-06-2023\/","title":{"rendered":"Anun\u021b privind sustinerea raportului de cercetare a drd. Vartic (c\u0103s. Gr\u0103dinaru) Raluca pe data de 28.06.2023"},"content":{"rendered":"<p>La data de 28.06.2023, \u00eencep\u00e2nd cu ora 12:00 \u00een laboratorul de Spectroscopie (LOASL) va avea loc sus\u021binerea raportului de cercetare cu titlul &#8222;<em>Utilizarea tehnicilor de teledetec\u021bie \u00een studiul poluan\u021bilor atmosferici&#8221;, <\/em>prezentat de studenta-doctorand\u0103 Vartic (c\u0103s. Gr\u0103dinaru) Raluca, sub \u00eendrumarea prof. univ. dr. habil. Liviu LEONTIE.<\/p>\n","protected":false},"excerpt":{"rendered":"<p>La data de 28.06.2023, \u00eencep\u00e2nd cu ora 12:00 \u00een laboratorul de Spectroscopie (LOASL) va avea loc sus\u021binerea raportului de cercetare cu titlul &#8222;Utilizarea tehnicilor de teledetec\u021bie \u00een studiul poluan\u021bilor atmosferici&#8221;, prezentat de studenta-doctorand\u0103 Vartic (c\u0103s. Gr\u0103dinaru) Raluca, sub \u00eendrumarea prof. univ. dr. habil. Liviu LEONTIE.<\/p>\n","protected":false},"author":4,"featured_media":0,"parent":0,"menu_order":0,"comment_status":"closed","ping_status":"closed","template":"","meta":{"footnotes":""},"class_list":["post-19442","page","type-page","status-publish","hentry"],"_links":{"self":[{"href":"https:\/\/www.phys.uaic.ro\/old\/index.php\/wp-json\/wp\/v2\/pages\/19442","targetHints":{"allow":["GET"]}}],"collection":[{"href":"https:\/\/www.phys.uaic.ro\/old\/index.php\/wp-json\/wp\/v2\/pages"}],"about":[{"href":"https:\/\/www.phys.uaic.ro\/old\/index.php\/wp-json\/wp\/v2\/types\/page"}],"author":[{"embeddable":true,"href":"https:\/\/www.phys.uaic.ro\/old\/index.php\/wp-json\/wp\/v2\/users\/4"}],"replies":[{"embeddable":true,"href":"https:\/\/www.phys.uaic.ro\/old\/index.php\/wp-json\/wp\/v2\/comments?post=19442"}],"version-history":[{"count":0,"href":"https:\/\/www.phys.uaic.ro\/old\/index.php\/wp-json\/wp\/v2\/pages\/19442\/revisions"}],"wp:attachment":[{"href":"https:\/\/www.phys.uaic.ro\/old\/index.php\/wp-json\/wp\/v2\/media?parent=19442"}],"curies":[{"name":"wp","href":"https:\/\/api.w.org\/{rel}","templated":true}]}}