{"id":19445,"date":"2023-06-07T14:28:26","date_gmt":"2023-06-07T11:28:26","guid":{"rendered":"https:\/\/www.phys.uaic.ro\/?page_id=19445"},"modified":"2023-06-07T14:28:26","modified_gmt":"2023-06-07T11:28:26","slug":"anunt-privind-sustinerea-raportului-de-cercetare-a-drd-simon-stefana-marcela-pe-27-06-2023","status":"publish","type":"page","link":"https:\/\/www.phys.uaic.ro\/old\/index.php\/anunt-privind-sustinerea-raportului-de-cercetare-a-drd-simon-stefana-marcela-pe-27-06-2023\/","title":{"rendered":"Anun\u021b privind sus\u021binerea raportului de cercetare a drd. \u0218IMON \u0218tefana-Marcela pe 27.06.2023"},"content":{"rendered":"<p>La data de <strong>27 Iunie 2023<\/strong>, \u00eencep\u00e2nd cu <strong>ora 13<sup>00<\/sup><\/strong>, \u00een <strong>laboratorul FAM<\/strong> va avea loc sus\u021binerea raportului de cercetare cu titlul <strong>\u2019\u2019<em>Activarea lichidelor prin expunerea la ac\u021biunea surselor de plasm\u0103 la presiune atmosferic\u0103<\/em><\/strong><em> \u2019\u2019<\/em>, prezentat de studenta-doctorand\u0103 <strong>\u0218IMON \u0218tefana-Marcela<\/strong>, sub \u00eendrumarea <strong>conf. univ. dr. habil. Ionu\u021b-Cristian TOPAL\u0102<\/strong>.<\/p>\n","protected":false},"excerpt":{"rendered":"<p>La data de 27 Iunie 2023, \u00eencep\u00e2nd cu ora 1300, \u00een laboratorul FAM va avea loc sus\u021binerea raportului de cercetare cu titlul \u2019\u2019Activarea lichidelor prin expunerea la ac\u021biunea surselor de plasm\u0103 la presiune atmosferic\u0103 \u2019\u2019, prezentat de studenta-doctorand\u0103 \u0218IMON \u0218tefana-Marcela, sub \u00eendrumarea conf. univ. dr. habil. Ionu\u021b-Cristian TOPAL\u0102.<\/p>\n","protected":false},"author":4,"featured_media":0,"parent":0,"menu_order":0,"comment_status":"closed","ping_status":"closed","template":"","meta":{"footnotes":""},"class_list":["post-19445","page","type-page","status-publish","hentry"],"_links":{"self":[{"href":"https:\/\/www.phys.uaic.ro\/old\/index.php\/wp-json\/wp\/v2\/pages\/19445","targetHints":{"allow":["GET"]}}],"collection":[{"href":"https:\/\/www.phys.uaic.ro\/old\/index.php\/wp-json\/wp\/v2\/pages"}],"about":[{"href":"https:\/\/www.phys.uaic.ro\/old\/index.php\/wp-json\/wp\/v2\/types\/page"}],"author":[{"embeddable":true,"href":"https:\/\/www.phys.uaic.ro\/old\/index.php\/wp-json\/wp\/v2\/users\/4"}],"replies":[{"embeddable":true,"href":"https:\/\/www.phys.uaic.ro\/old\/index.php\/wp-json\/wp\/v2\/comments?post=19445"}],"version-history":[{"count":0,"href":"https:\/\/www.phys.uaic.ro\/old\/index.php\/wp-json\/wp\/v2\/pages\/19445\/revisions"}],"wp:attachment":[{"href":"https:\/\/www.phys.uaic.ro\/old\/index.php\/wp-json\/wp\/v2\/media?parent=19445"}],"curies":[{"name":"wp","href":"https:\/\/api.w.org\/{rel}","templated":true}]}}