{"id":19480,"date":"2023-06-12T08:18:56","date_gmt":"2023-06-12T05:18:56","guid":{"rendered":"https:\/\/www.phys.uaic.ro\/?page_id=19480"},"modified":"2023-06-12T08:25:20","modified_gmt":"2023-06-12T05:25:20","slug":"anunt-privind-sustinerea-raportului-de-cercetare-a-drd-bruma-andreea-bianca-pe-16-06-2023","status":"publish","type":"page","link":"https:\/\/www.phys.uaic.ro\/old\/index.php\/anunt-privind-sustinerea-raportului-de-cercetare-a-drd-bruma-andreea-bianca-pe-16-06-2023\/","title":{"rendered":"Anun\u021b privind sustinerea raportului de cercetare a drd. BRUM\u0102 Andreea-Bianca pe 16.06.2023"},"content":{"rendered":"<p>La data de <strong>16.06.2023<\/strong>, \u00eencep\u00e2nd cu <strong>ora 15<sup>00<\/sup>, \u00een laboratorul de Autoorganizare<\/strong> va avea loc \u00a0sus\u021binerea raportului de cercetare cu titlul <strong>\u201e<\/strong><strong><em>METODE DE ANALIZ\u0102 A SEMNALELOR \u00ceN DINAMICA NELINIAR\u0102<\/em>\u201d,<\/strong> prezentat\u0103\u00a0 de\u00a0 studenta-doctorand\u0103 <strong>BRUM\u0102 Andreea-Bianca<\/strong>, sub \u00eendrumarea <strong>prof. univ. dr. Maricel AGOP.<\/strong><\/p>\n","protected":false},"excerpt":{"rendered":"<p>La data de 16.06.2023, \u00eencep\u00e2nd cu ora 1500, \u00een laboratorul de Autoorganizare va avea loc \u00a0sus\u021binerea raportului de cercetare cu titlul \u201eMETODE DE ANALIZ\u0102 A SEMNALELOR \u00ceN DINAMICA NELINIAR\u0102\u201d, prezentat\u0103\u00a0 de\u00a0 studenta-doctorand\u0103 BRUM\u0102 Andreea-Bianca, sub \u00eendrumarea prof. univ. dr. Maricel AGOP.<\/p>\n","protected":false},"author":4,"featured_media":0,"parent":0,"menu_order":0,"comment_status":"closed","ping_status":"closed","template":"","meta":{"footnotes":""},"class_list":["post-19480","page","type-page","status-publish","hentry"],"_links":{"self":[{"href":"https:\/\/www.phys.uaic.ro\/old\/index.php\/wp-json\/wp\/v2\/pages\/19480","targetHints":{"allow":["GET"]}}],"collection":[{"href":"https:\/\/www.phys.uaic.ro\/old\/index.php\/wp-json\/wp\/v2\/pages"}],"about":[{"href":"https:\/\/www.phys.uaic.ro\/old\/index.php\/wp-json\/wp\/v2\/types\/page"}],"author":[{"embeddable":true,"href":"https:\/\/www.phys.uaic.ro\/old\/index.php\/wp-json\/wp\/v2\/users\/4"}],"replies":[{"embeddable":true,"href":"https:\/\/www.phys.uaic.ro\/old\/index.php\/wp-json\/wp\/v2\/comments?post=19480"}],"version-history":[{"count":0,"href":"https:\/\/www.phys.uaic.ro\/old\/index.php\/wp-json\/wp\/v2\/pages\/19480\/revisions"}],"wp:attachment":[{"href":"https:\/\/www.phys.uaic.ro\/old\/index.php\/wp-json\/wp\/v2\/media?parent=19480"}],"curies":[{"name":"wp","href":"https:\/\/api.w.org\/{rel}","templated":true}]}}