{"id":19545,"date":"2023-06-16T08:18:01","date_gmt":"2023-06-16T05:18:01","guid":{"rendered":"https:\/\/www.phys.uaic.ro\/?page_id=19545"},"modified":"2023-06-16T08:24:29","modified_gmt":"2023-06-16T05:24:29","slug":"anunt-privind-sustinerea-raportului-de-cercetare-a-drd-plesnicute-ramona-mirela-pe-27-iunie-2023","status":"publish","type":"page","link":"https:\/\/www.phys.uaic.ro\/old\/index.php\/anunt-privind-sustinerea-raportului-de-cercetare-a-drd-plesnicute-ramona-mirela-pe-27-iunie-2023\/","title":{"rendered":"Anun\u021b privind sustinerea raportului de cercetare a drd. PLESNICUTE Ramona-Mirela pe 27 iunie 2023"},"content":{"rendered":"<p>La data de <strong>27 iunie 2023<\/strong>, \u00eencep\u00e2nd cu <strong>ora 13<sup>00<\/sup><\/strong>, \u00een\u00a0<strong>Laboratorul de BIOFIZIC\u0102<\/strong> va avea loc sus\u021binerea raportului de cercetare cu titlul \u00a0<strong>\u2019\u2019Studierea propriet\u0103<\/strong><strong>\u021bilor nanoparticulelor de argint<\/strong><em>\u2019\u2019<\/em>, prezentat de studenta-doctorand\u0103 <strong>PLESNICUTE Ramona-Mirela<\/strong>, sub \u00eendrumarea <strong>prof. univ. dr. habil. Dorina-Emilia CREANG\u0102<\/strong>.<\/p>\n","protected":false},"excerpt":{"rendered":"<p>La data de 27 iunie 2023, \u00eencep\u00e2nd cu ora 1300, \u00een\u00a0Laboratorul de BIOFIZIC\u0102 va avea loc sus\u021binerea raportului de cercetare cu titlul \u00a0\u2019\u2019Studierea propriet\u0103\u021bilor nanoparticulelor de argint\u2019\u2019, prezentat de studenta-doctorand\u0103 PLESNICUTE Ramona-Mirela, sub \u00eendrumarea prof. univ. dr. habil. Dorina-Emilia CREANG\u0102.<\/p>\n","protected":false},"author":4,"featured_media":0,"parent":0,"menu_order":0,"comment_status":"closed","ping_status":"closed","template":"","meta":{"footnotes":""},"class_list":["post-19545","page","type-page","status-publish","hentry"],"_links":{"self":[{"href":"https:\/\/www.phys.uaic.ro\/old\/index.php\/wp-json\/wp\/v2\/pages\/19545","targetHints":{"allow":["GET"]}}],"collection":[{"href":"https:\/\/www.phys.uaic.ro\/old\/index.php\/wp-json\/wp\/v2\/pages"}],"about":[{"href":"https:\/\/www.phys.uaic.ro\/old\/index.php\/wp-json\/wp\/v2\/types\/page"}],"author":[{"embeddable":true,"href":"https:\/\/www.phys.uaic.ro\/old\/index.php\/wp-json\/wp\/v2\/users\/4"}],"replies":[{"embeddable":true,"href":"https:\/\/www.phys.uaic.ro\/old\/index.php\/wp-json\/wp\/v2\/comments?post=19545"}],"version-history":[{"count":0,"href":"https:\/\/www.phys.uaic.ro\/old\/index.php\/wp-json\/wp\/v2\/pages\/19545\/revisions"}],"wp:attachment":[{"href":"https:\/\/www.phys.uaic.ro\/old\/index.php\/wp-json\/wp\/v2\/media?parent=19545"}],"curies":[{"name":"wp","href":"https:\/\/api.w.org\/{rel}","templated":true}]}}