{"id":19680,"date":"2023-06-27T09:46:38","date_gmt":"2023-06-27T06:46:38","guid":{"rendered":"https:\/\/www.phys.uaic.ro\/?page_id=19680"},"modified":"2025-05-28T14:30:22","modified_gmt":"2025-05-28T11:30:22","slug":"conditii-de-admitere-pentru-candidatii-olimpici","status":"publish","type":"page","link":"https:\/\/www.phys.uaic.ro\/old\/index.php\/conditii-de-admitere-pentru-candidatii-olimpici\/","title":{"rendered":"Condi\u021bii de admitere pentru candida\u021bii olimpici"},"content":{"rendered":"<p style=\"font-weight: 400;\">Vor fi admi\u015fi f\u0103r\u0103 concurs (absolven\u0163i cu Diplom\u0103 de Bacalaureat) candida\u021bii care \u00een timpul liceului:<\/p>\n<p>&#8211; Candida\u021bii la studiile universitare de licen\u021b\u0103 care au ob\u021binut, \u00een perioada studiilor liceale, premii \u0219i men\u021biuni, la olimpiadele \u0219colare interna\u021bionale de: Fizic\u0103, Matematic\u0103, Informatic\u0103, Informatic\u0103 pe echipe, Astronomie \u0219i Astrofizic\u0103, Biologie, Chimie,\u00a0 Geografie, Balcaniada de fizic\u0103, Olimpiada de Fizic\u0103 a \u021b\u0103rilor din Asia, Olimpiada European\u0103 de Fizic\u0103, Olimpiada Interna\u021bional\u0103 de \u0218tiin\u021be pentru Juniori, Olimpiada de \u0218tiin\u021be a Uniunii Europene, Olimpiada Interna\u021bional\u0103 de \u0218tiin\u021bele P\u0103m\u00e2ntului, \u201eEUCYS\u201d \u2013 Concursul pentru tineri oameni de \u0219tiin\u021b\u0103 U.E.;<\/p>\n<p>&#8211; Candida\u021bii la studiile universitare de licen\u021b\u0103 care au ob\u021binut, \u00een perioada studiilor liceale, premii \u0219i men\u021biuni la olimpiade na\u021bionale de: Fizic\u0103, Astronomie \u015fi Astrofizic\u0103, Biologie, Chimie, Geografie, Matematic\u0103, Informatic\u0103, Inovare \u0219i crea\u021bie digital\u0103-Infoeduca\u021bie, Informatic\u0103 aplicat\u0103-ACADNET, Tehnologia informa\u021biei, Securitate cibernetic\u0103, Creativitate \u0219tiin\u021bific\u0103, \u0218tiin\u021be pentru Juniori, Interdisciplinar\u0103 \u0218tiin\u021bele P\u0103m\u00e2ntului;<\/p>\n<p>&#8211; Candida\u021bii la studiile universitare de licen\u021b\u0103 care au ob\u021binut \u00een perioada studiilor liceale, premii \u0219i men\u021biuni la: Concursul Na\u0163ional de Matematic\u0103 \u015fi Fizic\u0103 \u201eVr\u0103ncianu-Procopiu\u201d, Concursul de Fizic\u0103 \u201ePHI\u201d al Centrelor de Excelen\u0163\u0103; Concursul Na\u0163ional de Fizic\u0103 \u201eEvrika!\u201d, Concursul de fizic\u0103 \u201e \u0218tefan Procopiu\u201d, \u00a0Concursul Na\u0163ional de Chimie \u201eCostin.D. Neni\u0163escu\u201d; Concursul de chimie \u201ePetru Poni\u201d; Concursul \u201eAcademician Cristofor Simionescu\u201d;<\/p>\n<p>&#8211; Candida\u021bii la studii universitare de licen\u021b\u0103 care au ob\u021binut, \u00een perioada studiilor liceale, premii \u0219i men\u021biuni \u00een cadrul Concursului Robotic\u0103 \u0218colar\u0103 First Tech Challenge;<\/p>\n<p>&#8211; Candida\u021bii la studiile universitare de licen\u021b\u0103 care au ob\u021binut, \u00een perioada studiilor liceale, premii \u0219i men\u021biuni la faza jude\u021bean\u0103 a olimpiadelor de: Fizic\u0103, Astronomie \u015fi Astrofizic\u0103, Biologie, Chimie, Matematic\u0103, Informatic\u0103, Inovare \u0219i crea\u021bie digital\u0103, Informatic\u0103 aplicat\u0103, Tehnologia informa\u021biei, Securitate cibernetic\u0103, Creativitate \u0219tiin\u021bific\u0103, \u0218tiin\u021be pentru Juniori, Interdisciplinar\u0103 \u015etiin\u0163ele P\u0103m\u00e2ntului.<\/p>\n<p>&nbsp;<\/p>\n","protected":false},"excerpt":{"rendered":"<p>Vor fi admi\u015fi f\u0103r\u0103 concurs (absolven\u0163i cu Diplom\u0103 de Bacalaureat) candida\u021bii care \u00een timpul liceului: &#8211; Candida\u021bii la studiile universitare de licen\u021b\u0103 care au ob\u021binut, \u00een perioada studiilor liceale, premii \u0219i men\u021biuni, la olimpiadele \u0219colare interna\u021bionale de: Fizic\u0103, Matematic\u0103, Informatic\u0103, Informatic\u0103 pe echipe, Astronomie \u0219i Astrofizic\u0103, Biologie, Chimie,\u00a0 Geografie, Balcaniada de fizic\u0103, Olimpiada de Fizic\u0103 a \u021b\u0103rilor din\u2026 <span class=\"read-more\"><a href=\"https:\/\/www.phys.uaic.ro\/old\/index.php\/conditii-de-admitere-pentru-candidatii-olimpici\/\">Read More &raquo;<\/a><\/span><\/p>\n","protected":false},"author":3,"featured_media":0,"parent":0,"menu_order":0,"comment_status":"closed","ping_status":"closed","template":"","meta":{"footnotes":""},"class_list":["post-19680","page","type-page","status-publish","hentry"],"_links":{"self":[{"href":"https:\/\/www.phys.uaic.ro\/old\/index.php\/wp-json\/wp\/v2\/pages\/19680","targetHints":{"allow":["GET"]}}],"collection":[{"href":"https:\/\/www.phys.uaic.ro\/old\/index.php\/wp-json\/wp\/v2\/pages"}],"about":[{"href":"https:\/\/www.phys.uaic.ro\/old\/index.php\/wp-json\/wp\/v2\/types\/page"}],"author":[{"embeddable":true,"href":"https:\/\/www.phys.uaic.ro\/old\/index.php\/wp-json\/wp\/v2\/users\/3"}],"replies":[{"embeddable":true,"href":"https:\/\/www.phys.uaic.ro\/old\/index.php\/wp-json\/wp\/v2\/comments?post=19680"}],"version-history":[{"count":0,"href":"https:\/\/www.phys.uaic.ro\/old\/index.php\/wp-json\/wp\/v2\/pages\/19680\/revisions"}],"wp:attachment":[{"href":"https:\/\/www.phys.uaic.ro\/old\/index.php\/wp-json\/wp\/v2\/media?parent=19680"}],"curies":[{"name":"wp","href":"https:\/\/api.w.org\/{rel}","templated":true}]}}