{"id":19729,"date":"2023-06-29T01:28:59","date_gmt":"2023-06-28T22:28:59","guid":{"rendered":"https:\/\/www.phys.uaic.ro\/?page_id=19729"},"modified":"2023-06-29T01:36:28","modified_gmt":"2023-06-28T22:36:28","slug":"anunt-privind-sustinerea-raportului-de-cercetare-a-drd-dranca-alexandra-pe-20-03-2023","status":"publish","type":"page","link":"https:\/\/www.phys.uaic.ro\/old\/index.php\/anunt-privind-sustinerea-raportului-de-cercetare-a-drd-dranca-alexandra-pe-20-03-2023\/","title":{"rendered":""},"content":{"rendered":"<p>La data\u00a0 de 20.03.2023, \u00eencep\u00e2nd cu ora 11:00, \u00een Laboratorul de Fizica Informatica, va avea loc sus\u021binerea public\u0103 a raportului de cercetare cu titlul <strong>\u201cInfluenta diverselor distributii in tranzitia de spin\u201d<\/strong> prezentat de drd. Dranca alexandra sub \u00eendrumarea domnului prof. univ. dr. Cristian Enachescu.<\/p>\n","protected":false},"excerpt":{"rendered":"<p>La data\u00a0 de 20.03.2023, \u00eencep\u00e2nd cu ora 11:00, \u00een Laboratorul de Fizica Informatica, va avea loc sus\u021binerea public\u0103 a raportului de cercetare cu titlul \u201cInfluenta diverselor distributii in tranzitia de spin\u201d prezentat de drd. Dranca alexandra sub \u00eendrumarea domnului prof. univ. dr. Cristian Enachescu.<\/p>\n","protected":false},"author":3,"featured_media":0,"parent":0,"menu_order":0,"comment_status":"closed","ping_status":"closed","template":"","meta":{"footnotes":""},"class_list":["post-19729","page","type-page","status-publish","hentry"],"_links":{"self":[{"href":"https:\/\/www.phys.uaic.ro\/old\/index.php\/wp-json\/wp\/v2\/pages\/19729","targetHints":{"allow":["GET"]}}],"collection":[{"href":"https:\/\/www.phys.uaic.ro\/old\/index.php\/wp-json\/wp\/v2\/pages"}],"about":[{"href":"https:\/\/www.phys.uaic.ro\/old\/index.php\/wp-json\/wp\/v2\/types\/page"}],"author":[{"embeddable":true,"href":"https:\/\/www.phys.uaic.ro\/old\/index.php\/wp-json\/wp\/v2\/users\/3"}],"replies":[{"embeddable":true,"href":"https:\/\/www.phys.uaic.ro\/old\/index.php\/wp-json\/wp\/v2\/comments?post=19729"}],"version-history":[{"count":0,"href":"https:\/\/www.phys.uaic.ro\/old\/index.php\/wp-json\/wp\/v2\/pages\/19729\/revisions"}],"wp:attachment":[{"href":"https:\/\/www.phys.uaic.ro\/old\/index.php\/wp-json\/wp\/v2\/media?parent=19729"}],"curies":[{"name":"wp","href":"https:\/\/api.w.org\/{rel}","templated":true}]}}