{"id":19793,"date":"2023-07-04T11:08:38","date_gmt":"2023-07-04T08:08:38","guid":{"rendered":"https:\/\/www.phys.uaic.ro\/?page_id=19793"},"modified":"2023-07-04T20:50:26","modified_gmt":"2023-07-04T17:50:26","slug":"sustinerea-tezei-de-doctorat-a-drd-rosu-m-iulian-alin-pe-24-07-2023","status":"publish","type":"page","link":"https:\/\/www.phys.uaic.ro\/old\/index.php\/sustinerea-tezei-de-doctorat-a-drd-rosu-m-iulian-alin-pe-24-07-2023\/","title":{"rendered":"Sus\u021binerea tezei de doctorat a drd. RO\u015eU M. IULIAN-ALIN pe 24.07.2023"},"content":{"rendered":"<p><a href=\"https:\/\/www.phys.uaic.ro\/old\/wp-content\/uploads\/2023\/07\/scan-anunt-Rosu-Alin.pdf\" target=\"_blank\" rel=\"noopener\"><em>Anun\u021bul sus\u021binerii publice<\/em><\/a><\/p>\n<p>La data de 24.07.2023, ora 12:00, \u00een sala L1, dl. RO\u015eU M. IULIAN-ALIN va sus\u0163ine, \u00een \u015fedin\u0163\u0103 public\u0103, teza de doctorat cu titlul<\/p>\n<p><strong><em>Contribu\u0163ie la studiul dinamicii atmosferice utiliz\u00e2nd elemente de teoria haosului<\/em><\/strong><\/p>\n<p>\u00een vederea ob\u0163inerii titlului \u015ftiin\u0163ific de doctor \u00een domeniul Fizic\u0103.<\/p>\n<p>RO\u015eU M. IULIAN-ALIN [<a href=\"https:\/\/www.phys.uaic.ro\/old\/wp-content\/uploads\/2023\/07\/CV_Iulian-Alin_Rosu_ro_final_2023.pdf\" target=\"_blank\" rel=\"noopener\">CV<\/a>]<\/p>\n<p>&nbsp;<\/p>\n<p>Comisia de doctorat are urm\u0103toarea componen\u0163\u0103:<\/p>\n<ul>\n<li><b>Pre\u015fedinte<\/b>:\n<ul>\n<li>Prof. univ. dr. Diana-Mihaela Mardare, Universitatea &#8222;Alexandru Ioan Cuza&#8221; din Ia\u0219i [<a href=\"https:\/\/www.phys.uaic.ro\/old\/wp-content\/uploads\/2022\/05\/MARDARE_Diana_CV_RO.pdf\">CV<\/a> ]<\/li>\n<\/ul>\n<\/li>\n<\/ul>\n<ul>\n<li style=\"list-style-type: none;\"><\/li>\n<li><b>Conduc\u0103tor \u015ftiin\u0163ific<\/b>:\n<ul>\n<li>Prof. univ. dr. Maricel AGOP, Universitatea \u201dAlexandru Ioan Cuza\u201d din Ia\u0219i [<a href=\"https:\/\/www.phys.uaic.ro\/old\/wp-content\/uploads\/2022\/03\/CV-2021-AGOP-engl.pdf\">CV<\/a> ]<\/li>\n<\/ul>\n<\/li>\n<\/ul>\n<ul>\n<li><b>Referen\u0163i<\/b>:\n<ul>\n<li>Prof.univ.dr. Silviu-Octavian Gurlui,\u00a0 Universitatea &#8222;Alexandru Ioan Cuza&#8221; din Ia\u0219i [ <a href=\"https:\/\/www.phys.uaic.ro\/old\/wp-content\/uploads\/2022\/05\/Gurlui_Silviu_CV_Ro.pdf\">CV<\/a> ]<\/li>\n<li>Prof.univ.dr. Mirela Voiculescu, Universitatea &#8222;Dun\u0103rea de Jos&#8221; Gala\u0163i [<a href=\"https:\/\/www.phys.uaic.ro\/old\/wp-content\/uploads\/2023\/07\/CV-Prof.univ_.dr_.Mirela-VOICULESCU.pdf\" target=\"_blank\" rel=\"noopener\">CV<\/a>]<\/li>\n<li>Conf.univ.dr. Nicolae Ajtai, Universitatea &#8222;Babe\u015f Bolyai&#8221; Cluj Napoca [<a href=\"https:\/\/www.phys.uaic.ro\/old\/wp-content\/uploads\/2023\/07\/CV_Europass_RO_nicolae-ajtai.pdf\" target=\"_blank\" rel=\"noopener\">CV<\/a>]<\/li>\n<\/ul>\n<\/li>\n<\/ul>\n<p>&nbsp;<\/p>\n<p>Teza poate fi consultat\u0103 la Biblioteca Facult\u0103\u0163ii de Fizic\u0103.<\/p>\n<ul>\n<li><a href=\"https:\/\/www.phys.uaic.ro\/old\/wp-content\/uploads\/2023\/07\/rezumat_teza-doctorat-Rosu-Alin.pdf\" target=\"_blank\" rel=\"noopener\"><em>Rezumatul tezei de doctorat<\/em><\/a><\/li>\n<\/ul>\n","protected":false},"excerpt":{"rendered":"<p>Anun\u021bul sus\u021binerii publice La data de 24.07.2023, ora 12:00, \u00een sala L1, dl. RO\u015eU M. IULIAN-ALIN va sus\u0163ine, \u00een \u015fedin\u0163\u0103 public\u0103, teza de doctorat cu titlul Contribu\u0163ie la studiul dinamicii atmosferice utiliz\u00e2nd elemente de teoria haosului \u00een vederea ob\u0163inerii titlului \u015ftiin\u0163ific de doctor \u00een domeniul Fizic\u0103. RO\u015eU M. IULIAN-ALIN [CV] &nbsp; Comisia de doctorat are urm\u0103toarea componen\u0163\u0103: Pre\u015fedinte:\u2026 <span class=\"read-more\"><a href=\"https:\/\/www.phys.uaic.ro\/old\/index.php\/sustinerea-tezei-de-doctorat-a-drd-rosu-m-iulian-alin-pe-24-07-2023\/\">Read More &raquo;<\/a><\/span><\/p>\n","protected":false},"author":4,"featured_media":0,"parent":0,"menu_order":0,"comment_status":"closed","ping_status":"closed","template":"","meta":{"footnotes":""},"class_list":["post-19793","page","type-page","status-publish","hentry"],"_links":{"self":[{"href":"https:\/\/www.phys.uaic.ro\/old\/index.php\/wp-json\/wp\/v2\/pages\/19793","targetHints":{"allow":["GET"]}}],"collection":[{"href":"https:\/\/www.phys.uaic.ro\/old\/index.php\/wp-json\/wp\/v2\/pages"}],"about":[{"href":"https:\/\/www.phys.uaic.ro\/old\/index.php\/wp-json\/wp\/v2\/types\/page"}],"author":[{"embeddable":true,"href":"https:\/\/www.phys.uaic.ro\/old\/index.php\/wp-json\/wp\/v2\/users\/4"}],"replies":[{"embeddable":true,"href":"https:\/\/www.phys.uaic.ro\/old\/index.php\/wp-json\/wp\/v2\/comments?post=19793"}],"version-history":[{"count":0,"href":"https:\/\/www.phys.uaic.ro\/old\/index.php\/wp-json\/wp\/v2\/pages\/19793\/revisions"}],"wp:attachment":[{"href":"https:\/\/www.phys.uaic.ro\/old\/index.php\/wp-json\/wp\/v2\/media?parent=19793"}],"curies":[{"name":"wp","href":"https:\/\/api.w.org\/{rel}","templated":true}]}}