{"id":19935,"date":"2023-07-27T10:40:47","date_gmt":"2023-07-27T07:40:47","guid":{"rendered":"https:\/\/www.phys.uaic.ro\/?page_id=19935"},"modified":"2023-07-27T10:40:47","modified_gmt":"2023-07-27T07:40:47","slug":"anunt-privind-pre-sustinerea-in-fata-comisiei-de-indrumare-a-tezei-de-doctorat-a-drd-saviuc-alexandra-iuliana-pe-27-07-2023","status":"publish","type":"page","link":"https:\/\/www.phys.uaic.ro\/old\/index.php\/anunt-privind-pre-sustinerea-in-fata-comisiei-de-indrumare-a-tezei-de-doctorat-a-drd-saviuc-alexandra-iuliana-pe-27-07-2023\/","title":{"rendered":"Anun\u021b privind pre-sus\u021binerea, \u00een fa\u021ba comisiei de \u00eendrumare, a tezei de doctorat a drd. SAVIUC Alexandra-Iuliana pe 27.07.2023"},"content":{"rendered":"<p>La data de <strong>27 IULIE 2023<\/strong>, \u00eencep\u00e2nd cu ora <strong>11:00<\/strong>, \u00een Laboratorul de <strong>Autoorganizare<\/strong> va avea loc presus\u021binerea, \u00een fa\u021ba comisiei de \u00eendrumare, a tezei de doctorat cu titlul \u201d<em><strong>Utilizarea relativit\u0103\u0163ii de scar\u0103 \u00een studiul dinamicilor unor sisteme fizice \u015fi biologice<\/strong><\/em>\u201d \u00a0prezentat de studenta-doctorand\u0103 <strong>SAVIUC Alexandra-Iuliana <\/strong>sub \u00eendrumarea <strong>prof. univ. dr. Maricel AGOP.<\/strong><\/p>\n","protected":false},"excerpt":{"rendered":"<p>La data de 27 IULIE 2023, \u00eencep\u00e2nd cu ora 11:00, \u00een Laboratorul de Autoorganizare va avea loc presus\u021binerea, \u00een fa\u021ba comisiei de \u00eendrumare, a tezei de doctorat cu titlul \u201dUtilizarea relativit\u0103\u0163ii de scar\u0103 \u00een studiul dinamicilor unor sisteme fizice \u015fi biologice\u201d \u00a0prezentat de studenta-doctorand\u0103 SAVIUC Alexandra-Iuliana sub \u00eendrumarea prof. univ. dr. Maricel AGOP.<\/p>\n","protected":false},"author":4,"featured_media":0,"parent":0,"menu_order":0,"comment_status":"closed","ping_status":"closed","template":"","meta":{"footnotes":""},"class_list":["post-19935","page","type-page","status-publish","hentry"],"_links":{"self":[{"href":"https:\/\/www.phys.uaic.ro\/old\/index.php\/wp-json\/wp\/v2\/pages\/19935","targetHints":{"allow":["GET"]}}],"collection":[{"href":"https:\/\/www.phys.uaic.ro\/old\/index.php\/wp-json\/wp\/v2\/pages"}],"about":[{"href":"https:\/\/www.phys.uaic.ro\/old\/index.php\/wp-json\/wp\/v2\/types\/page"}],"author":[{"embeddable":true,"href":"https:\/\/www.phys.uaic.ro\/old\/index.php\/wp-json\/wp\/v2\/users\/4"}],"replies":[{"embeddable":true,"href":"https:\/\/www.phys.uaic.ro\/old\/index.php\/wp-json\/wp\/v2\/comments?post=19935"}],"version-history":[{"count":0,"href":"https:\/\/www.phys.uaic.ro\/old\/index.php\/wp-json\/wp\/v2\/pages\/19935\/revisions"}],"wp:attachment":[{"href":"https:\/\/www.phys.uaic.ro\/old\/index.php\/wp-json\/wp\/v2\/media?parent=19935"}],"curies":[{"name":"wp","href":"https:\/\/api.w.org\/{rel}","templated":true}]}}