{"id":19938,"date":"2023-07-27T10:44:26","date_gmt":"2023-07-27T07:44:26","guid":{"rendered":"https:\/\/www.phys.uaic.ro\/?page_id=19938"},"modified":"2023-07-27T10:44:26","modified_gmt":"2023-07-27T07:44:26","slug":"anunt-privind-pre-sustinerea-in-fata-comisiei-de-indrumare-a-tezei-de-doctorat-a-drd-frasila-mihail-pe-27-07-2023","status":"publish","type":"page","link":"https:\/\/www.phys.uaic.ro\/old\/index.php\/anunt-privind-pre-sustinerea-in-fata-comisiei-de-indrumare-a-tezei-de-doctorat-a-drd-frasila-mihail-pe-27-07-2023\/","title":{"rendered":"Anun\u021b privind pre-sus\u021binerea, \u00een fa\u021ba comisiei de \u00eendrumare, a tezei de doctorat a drd. FR\u0102SIL\u0102 Mihail pe 27.07.2023"},"content":{"rendered":"<p>La data de <strong>27 IULIE 2023<\/strong>, \u00eencep\u00e2nd cu ora <strong>11:30<\/strong>, \u00een Laboratorul de <strong>Autoorganizare<\/strong> va avea loc presus\u021binerea, \u00een fa\u021ba comisiei de \u00eendrumare, a tezei de doctorat cu titlul <em><strong>\u201dAnaliza dinamicilor unor sisteme complexe dintr-o perspectiv\u0103 fractal\u0103\u201d<\/strong><\/em> \u00a0prezentat de studentul-doctorand <strong>FR\u0102SIL\u0102 Mihail <\/strong>sub \u00eendrumarea <strong>prof. univ. dr. Maricel AGOP.<\/strong><\/p>\n","protected":false},"excerpt":{"rendered":"<p>La data de 27 IULIE 2023, \u00eencep\u00e2nd cu ora 11:30, \u00een Laboratorul de Autoorganizare va avea loc presus\u021binerea, \u00een fa\u021ba comisiei de \u00eendrumare, a tezei de doctorat cu titlul \u201dAnaliza dinamicilor unor sisteme complexe dintr-o perspectiv\u0103 fractal\u0103\u201d \u00a0prezentat de studentul-doctorand FR\u0102SIL\u0102 Mihail sub \u00eendrumarea prof. univ. dr. Maricel AGOP.<\/p>\n","protected":false},"author":4,"featured_media":0,"parent":0,"menu_order":0,"comment_status":"closed","ping_status":"closed","template":"","meta":{"footnotes":""},"class_list":["post-19938","page","type-page","status-publish","hentry"],"_links":{"self":[{"href":"https:\/\/www.phys.uaic.ro\/old\/index.php\/wp-json\/wp\/v2\/pages\/19938","targetHints":{"allow":["GET"]}}],"collection":[{"href":"https:\/\/www.phys.uaic.ro\/old\/index.php\/wp-json\/wp\/v2\/pages"}],"about":[{"href":"https:\/\/www.phys.uaic.ro\/old\/index.php\/wp-json\/wp\/v2\/types\/page"}],"author":[{"embeddable":true,"href":"https:\/\/www.phys.uaic.ro\/old\/index.php\/wp-json\/wp\/v2\/users\/4"}],"replies":[{"embeddable":true,"href":"https:\/\/www.phys.uaic.ro\/old\/index.php\/wp-json\/wp\/v2\/comments?post=19938"}],"version-history":[{"count":0,"href":"https:\/\/www.phys.uaic.ro\/old\/index.php\/wp-json\/wp\/v2\/pages\/19938\/revisions"}],"wp:attachment":[{"href":"https:\/\/www.phys.uaic.ro\/old\/index.php\/wp-json\/wp\/v2\/media?parent=19938"}],"curies":[{"name":"wp","href":"https:\/\/api.w.org\/{rel}","templated":true}]}}