{"id":20071,"date":"2023-08-24T12:37:11","date_gmt":"2023-08-24T09:37:11","guid":{"rendered":"https:\/\/www.phys.uaic.ro\/?page_id=20071"},"modified":"2023-09-08T13:11:49","modified_gmt":"2023-09-08T10:11:49","slug":"organizarea-admiterii-la-master-septembrie-2023","status":"publish","type":"page","link":"https:\/\/www.phys.uaic.ro\/old\/index.php\/organizarea-admiterii-la-master-septembrie-2023\/","title":{"rendered":"Organizarea admiterii la MASTER &#8211; septembrie 2023"},"content":{"rendered":"<h3>Rezultate admitere <strong>septembrie 2023<\/strong><\/h3>\n<p><a href=\"https:\/\/www.phys.uaic.ro\/old\/wp-content\/uploads\/2023\/09\/master-buget-sept-2023.pdf\">Rezultatele concursului de admitere pentru studii de master rom\u00e2ni, UE, SEE <strong>&#8211; buget<\/strong><\/a><\/p>\n<p><a href=\"https:\/\/www.phys.uaic.ro\/old\/wp-content\/uploads\/2023\/09\/master-taxa-sept-2023.pdf\">Rezultatele concursului de admitere pentru studii de master rom\u00e2ni, UE, SEE <strong>&#8211; tax\u0103<\/strong><\/a><\/p>\n<p><a href=\"https:\/\/www.phys.uaic.ro\/old\/wp-content\/uploads\/2023\/09\/master-RP-sept-2023.pdf\">Rezultatele concursului de admitere pentru studii de master rom\u00e2ni de pretutindeni <strong>&#8211; tax\u0103<\/strong><\/a><\/p>\n<p><a href=\"https:\/\/www.phys.uaic.ro\/old\/wp-content\/uploads\/2023\/09\/master-Balti-sept-2023.pdf\">Rezultatele concursului de admitere pentru studii de master rom\u00e2ni de pretutindeni \u2013 Extensiunea B\u0103l\u021bi<\/a><\/p>\n<p><strong>Confirm\u0103ri:<\/strong><\/p>\n<ul>\n<li><b><strong>p\u00e2n\u0103 pe <\/strong><\/b><strong>11 septembrie 2023<\/strong>, orele <strong>9:00 \u2013 15:00, la secretariatul Facult\u0103\u021bii (tel: 0232 201050)<br \/>\n<\/strong><\/li>\n<\/ul>\n<p>La confirmarea locului, candida\u021bii vor aduce \u00eentr-un <strong>dosar plic toate documentele solicitate la \u00eenscriere<\/strong> (original \u0219i copie), inclusiv <strong>dovada<\/strong> tip\u0103rit\u0103 a <strong>pl\u0103\u021bii<\/strong> taxei de \u00eenscriere\/adeverin\u021ba care dovede\u0219te scutirea de tax\u0103. De asemenea, candida\u021bii vor aduce \u0219i <strong>dovada tip\u0103rit\u0103 a pl\u0103\u021bii taxei de confirmare<\/strong> (50 lei tax\u0103 \u00eenmatriculare \u2013 pentru candida\u021bii admi\u0219i la buget).<\/p>\n<div class=\"elementor-element elementor-element-590d5dc elementor-widget elementor-widget-text-editor\" data-id=\"590d5dc\" data-element_type=\"widget\" data-widget_type=\"text-editor.default\">\n<div class=\"elementor-widget-container\">\n<p><strong>Candida\u021bii admi\u0219i <\/strong>au <em>obliga\u021bia<\/em> de a depune, conform calendarului stabilit de facultate, <strong>dosarul cu actele de studii \u00een original<\/strong>, de a semna <strong>Contractul de studii<\/strong> \u0219i de a achita <strong>taxa de \u00eenmatriculare<\/strong> \u00een cuantum de <strong>50 lei<\/strong>. Aceast\u0103 tax\u0103 nu se restituie \u00een cazul renun\u021b\u0103rii la \u0219colarizare. \u00cen cazul ne\u00eendeplinirii obliga\u021biilor enumerate anterior, candida\u021bii vor fi declara\u021bi respin\u0219i.<\/p>\n<\/div>\n<p>&nbsp;<\/p>\n<\/div>\n<h3><strong>Perioada admiterii<\/strong><\/h3>\n<ul>\n<li><b>\u00censcriere \u0219i depunerea dosarelor<\/b>: <strong>4-6 septembrie 2023<\/strong>, orele <strong>9:00 \u2013 17:00 (online \u0219i \u00een la secretariatul facult\u0103\u021bii)<\/strong><\/li>\n<li><b>Selec\u021bia candida\u021bilor \u0219i afi\u0219area rezultatelor<\/b><strong>: 7-8 septembrie 2023<\/strong><\/li>\n<\/ul>\n<p><strong>Conturile de acces<\/strong> pe platforma <strong>eadmitere.uaic.ro<\/strong> vor putea fi create p\u00e2n\u0103 cel t\u00e2rziu miercuri, <strong>6 septembrie 2023<\/strong>, ora <strong>17:00<\/strong>, completarea \u0219i finalizarea dosarelor put\u00e2ndu-se face p\u00e2n\u0103 la ora <strong>18:oo<\/strong>.<\/p>\n<p>Deschide\u0163i pagina<em> <a href=\"https:\/\/eadmitere.uaic.ro\/auth\/login?return=%2Fcandidat\" target=\"_blank\" rel=\"noopener\">http:\/\/inscriere.uaic.ro\/SitePages\/Home.aspx<\/a> <\/em>de pe site-ul universit\u0103\u021bii \u015fi urma\u0163i instruc\u0163iunile de admitere \u00eensemn\u00e2nd achitarea taxei de admitere, scanarea (fotocopierea) actelor necesare si trimiterea lor \u00een contul creat. Informa\u0163ii suplimentare pute\u0163i primi la <em>fizica@uaic.ro<\/em>.<\/p>\n<p><a href=\"https:\/\/www.phys.uaic.ro\/old\/index.php\/numarul-de-locuri-la-master-septembrie-2023\/\" target=\"_blank\" rel=\"noopener\">Num\u0103rul de locuri<\/a><\/p>\n<p><a href=\"https:\/\/www.phys.uaic.ro\/old\/index.php\/conditii-de-admitere-si-taxe-la-master-2023\/\" target=\"_blank\" rel=\"noopener\">Condi\u021bii de admitere \u0219i taxe<\/a><\/p>\n<p><a href=\"https:\/\/www.phys.uaic.ro\/old\/index.php\/actele-necesare-la-master-2023\/\" target=\"_blank\" rel=\"noopener\">Actele necesare<\/a><\/p>\n<p><b>Informa\u021bii<\/b> despre admitere:<\/p>\n<ul>\n<li style=\"list-style-type: none;\">\n<ul>\n<li>Tel: 0232 201050<\/li>\n<li>E-mail: fizica@uaic.ro<\/li>\n<li>Site-ul Facult\u0103\u021bii de Fizic\u0103: <a href=\"http:\/\/www.phys.uaic.ro\" target=\"_blank\" rel=\"noopener\">http:\/\/www.phys.uaic.ro<\/a><\/li>\n<li>Site-ul universit\u0103\u021bii dedicat admiterii: <a href=\"http:\/\/admitere.uaic.ro\/\" target=\"_blank\" rel=\"noopener\">http:\/\/admitere.uaic.ro\/<\/a><\/li>\n<\/ul>\n<\/li>\n<\/ul>\n<p>Candida\u021bii declara\u021bi reu\u0219i\u021bi \u00een condi\u021biile de mai sus vor avea prioritate, \u021bin\u00e2ndu-se cont de media de admitere, \u00een ob\u021binerea bursei de studiu \u0219i a unui loc \u00een c\u0103minele universit\u0103\u021bii.<\/p>\n<p><a href=\"https:\/\/www.phys.uaic.ro\/old\/wp-content\/uploads\/2023\/06\/Regulament-Admitere-Master-2023_site.pdf\" target=\"_blank\" rel=\"noopener\"><em>Metodologie privind organizarea \u015fi desf\u0103\u015furarea admiterii \u00een ciclul de studii universitare de master pentru anul universitar 2023-2024<\/em><\/a><\/p>\n<p><a href=\"https:\/\/www.phys.uaic.ro\/old\/wp-content\/uploads\/2022\/05\/L_02.-Anexa_INFORMARE-PRIVIND-PRELUCRAREA-INFORMATIILOR-2022.pdf\" target=\"_blank\" rel=\"noopener\"><em>Informare privind prelucrarea informa\u021biilor cu caracter personal<\/em><\/a><\/p>\n","protected":false},"excerpt":{"rendered":"<p>Rezultate admitere septembrie 2023 Rezultatele concursului de admitere pentru studii de master rom\u00e2ni, UE, SEE &#8211; buget Rezultatele concursului de admitere pentru studii de master rom\u00e2ni, UE, SEE &#8211; tax\u0103 Rezultatele concursului de admitere pentru studii de master rom\u00e2ni de pretutindeni &#8211; tax\u0103 Rezultatele concursului de admitere pentru studii de master rom\u00e2ni de pretutindeni \u2013 Extensiunea B\u0103l\u021bi Confirm\u0103ri:\u2026 <span class=\"read-more\"><a href=\"https:\/\/www.phys.uaic.ro\/old\/index.php\/organizarea-admiterii-la-master-septembrie-2023\/\">Read More &raquo;<\/a><\/span><\/p>\n","protected":false},"author":3,"featured_media":0,"parent":0,"menu_order":0,"comment_status":"closed","ping_status":"closed","template":"","meta":{"footnotes":""},"class_list":["post-20071","page","type-page","status-publish","hentry"],"_links":{"self":[{"href":"https:\/\/www.phys.uaic.ro\/old\/index.php\/wp-json\/wp\/v2\/pages\/20071","targetHints":{"allow":["GET"]}}],"collection":[{"href":"https:\/\/www.phys.uaic.ro\/old\/index.php\/wp-json\/wp\/v2\/pages"}],"about":[{"href":"https:\/\/www.phys.uaic.ro\/old\/index.php\/wp-json\/wp\/v2\/types\/page"}],"author":[{"embeddable":true,"href":"https:\/\/www.phys.uaic.ro\/old\/index.php\/wp-json\/wp\/v2\/users\/3"}],"replies":[{"embeddable":true,"href":"https:\/\/www.phys.uaic.ro\/old\/index.php\/wp-json\/wp\/v2\/comments?post=20071"}],"version-history":[{"count":0,"href":"https:\/\/www.phys.uaic.ro\/old\/index.php\/wp-json\/wp\/v2\/pages\/20071\/revisions"}],"wp:attachment":[{"href":"https:\/\/www.phys.uaic.ro\/old\/index.php\/wp-json\/wp\/v2\/media?parent=20071"}],"curies":[{"name":"wp","href":"https:\/\/api.w.org\/{rel}","templated":true}]}}