{"id":20246,"date":"2023-09-11T11:16:00","date_gmt":"2023-09-11T08:16:00","guid":{"rendered":"https:\/\/www.phys.uaic.ro\/?page_id=20246"},"modified":"2023-09-12T17:31:54","modified_gmt":"2023-09-12T14:31:54","slug":"sustinerea-tezei-de-doctorat-a-drd-dranca-i-alexandra-cas-andriesei-pe-26-09-2023","status":"publish","type":"page","link":"https:\/\/www.phys.uaic.ro\/old\/index.php\/sustinerea-tezei-de-doctorat-a-drd-dranca-i-alexandra-cas-andriesei-pe-26-09-2023\/","title":{"rendered":"Sus\u021binerea tezei de doctorat a drd. DRANC\u0102 I. ALEXANDRA (c\u0103s. ANDRIESEI) pe 26.09.2023"},"content":{"rendered":"<p><a href=\"https:\/\/www.phys.uaic.ro\/old\/wp-content\/uploads\/2023\/09\/anunt-Dranca-Alexandra.pdf\" target=\"_blank\" rel=\"noopener\"><em>Anun\u021bul sus\u021binerii publice<\/em><\/a><\/p>\n<p>La data de 26.09.2023, ora 14:00, \u00een Laboratorul de informatica (demisol), dna <strong>DRANC\u0102 I. ALEXANDRA (c\u0103s. ANDRIESEI)<\/strong> va sus\u0163ine, \u00een \u015fedin\u0163\u0103 public\u0103, teza de doctorat cu titlul<\/p>\n<p><strong><em>Studiul teoretic al histerezisului cinetic indus de lumin\u0103 \u00een substan\u0163ele cu tranzi\u0163ie de spin<\/em><\/strong><\/p>\n<p>\u00een vederea ob\u0163inerii titlului \u015ftiin\u0163ific de doctor \u00een domeniul Fizic\u0103.<\/p>\n<p>DRANC\u0102 I. ALEXANDRA (c\u0103s. ANDRIESEI) [<a href=\"https:\/\/www.phys.uaic.ro\/old\/wp-content\/uploads\/2023\/09\/CV_A.-Dranca-cas.-Andriesei.pdf\" target=\"_blank\" rel=\"noopener\">CV<\/a>]<\/p>\n<p>&nbsp;<\/p>\n<p>Comisia de doctorat are urm\u0103toarea componen\u0163\u0103:<\/p>\n<ul>\n<li><b>Pre\u015fedinte<\/b>:\n<ul>\n<li>Prof. univ. dr. Diana-Mihaela MARDARE, Universitatea &#8222;Alexandru Ioan Cuza&#8221; din Ia\u0219i [<a href=\"https:\/\/www.phys.uaic.ro\/old\/wp-content\/uploads\/2022\/05\/MARDARE_Diana_CV_RO.pdf\">CV<\/a> ]<\/li>\n<\/ul>\n<\/li>\n<\/ul>\n<ul>\n<li><b>Conduc\u0103tor \u015ftiin\u0163ific<\/b>:\n<ul>\n<li>Prof. univ. dr. habil. Cristian EN\u0102CHESCU, Universitatea \u201dAlexandru Ioan Cuza\u201d din Ia\u0219i [<a href=\"https:\/\/www.phys.uaic.ro\/old\/wp-content\/uploads\/2023\/09\/Enachescu_Cristian_CV_RO.pdf\">CV<\/a> ]<\/li>\n<\/ul>\n<\/li>\n<\/ul>\n<ul>\n<li><b>Referen\u0163i<\/b>:\n<ul>\n<li>CS I dr. Tibor-Adrian OVARI,\u00a0 INCD pentru Fizic\u0103 Tehnic\u0103 din Ia\u0219i [ <a href=\"https:\/\/www.phys.uaic.ro\/old\/wp-content\/uploads\/2022\/09\/Referent_2_CV_Tibor_Adrian_Ovari.pdf\" target=\"_blank\" rel=\"noopener\">CV<\/a> ]<\/li>\n<li>Conf. univ. dr. Marilena CIMPOE\u015eU, Universitatea Bucure\u015fti [CV]<\/li>\n<li>Conf. univ. dr. Ioan DUMITRU, Universitatea &#8222;Alexandru Ioan Cuza&#8221; din Ia\u0219i [ <a href=\"https:\/\/www.phys.uaic.ro\/old\/wp-content\/uploads\/2022\/05\/Dumitru_Ioan_CV_RO_2022.pdf\">CV<\/a> ]<\/li>\n<\/ul>\n<\/li>\n<\/ul>\n<p>&nbsp;<\/p>\n<p>Teza poate fi consultat\u0103 la Biblioteca Facult\u0103\u0163ii de Fizic\u0103.<\/p>\n<ul>\n<li><em><a href=\"https:\/\/www.phys.uaic.ro\/old\/wp-content\/uploads\/2023\/09\/rezumat_teza_Alexandra_Dranca.pdf\">Rezumatul tezei de doctorat<\/a><\/em><\/li>\n<\/ul>\n","protected":false},"excerpt":{"rendered":"<p>Anun\u021bul sus\u021binerii publice La data de 26.09.2023, ora 14:00, \u00een Laboratorul de informatica (demisol), dna DRANC\u0102 I. ALEXANDRA (c\u0103s. ANDRIESEI) va sus\u0163ine, \u00een \u015fedin\u0163\u0103 public\u0103, teza de doctorat cu titlul Studiul teoretic al histerezisului cinetic indus de lumin\u0103 \u00een substan\u0163ele cu tranzi\u0163ie de spin \u00een vederea ob\u0163inerii titlului \u015ftiin\u0163ific de doctor \u00een domeniul Fizic\u0103. DRANC\u0102 I. ALEXANDRA (c\u0103s.\u2026 <span class=\"read-more\"><a href=\"https:\/\/www.phys.uaic.ro\/old\/index.php\/sustinerea-tezei-de-doctorat-a-drd-dranca-i-alexandra-cas-andriesei-pe-26-09-2023\/\">Read More &raquo;<\/a><\/span><\/p>\n","protected":false},"author":4,"featured_media":0,"parent":0,"menu_order":0,"comment_status":"closed","ping_status":"closed","template":"","meta":{"footnotes":""},"class_list":["post-20246","page","type-page","status-publish","hentry"],"_links":{"self":[{"href":"https:\/\/www.phys.uaic.ro\/old\/index.php\/wp-json\/wp\/v2\/pages\/20246","targetHints":{"allow":["GET"]}}],"collection":[{"href":"https:\/\/www.phys.uaic.ro\/old\/index.php\/wp-json\/wp\/v2\/pages"}],"about":[{"href":"https:\/\/www.phys.uaic.ro\/old\/index.php\/wp-json\/wp\/v2\/types\/page"}],"author":[{"embeddable":true,"href":"https:\/\/www.phys.uaic.ro\/old\/index.php\/wp-json\/wp\/v2\/users\/4"}],"replies":[{"embeddable":true,"href":"https:\/\/www.phys.uaic.ro\/old\/index.php\/wp-json\/wp\/v2\/comments?post=20246"}],"version-history":[{"count":0,"href":"https:\/\/www.phys.uaic.ro\/old\/index.php\/wp-json\/wp\/v2\/pages\/20246\/revisions"}],"wp:attachment":[{"href":"https:\/\/www.phys.uaic.ro\/old\/index.php\/wp-json\/wp\/v2\/media?parent=20246"}],"curies":[{"name":"wp","href":"https:\/\/api.w.org\/{rel}","templated":true}]}}